{"id":8333,"date":"2024-04-24T13:45:38","date_gmt":"2024-04-24T11:45:38","guid":{"rendered":"http:\/\/gruene-schwerte.de\/?page_id=8333"},"modified":"2024-06-14T19:14:17","modified_gmt":"2024-06-14T17:14:17","slug":"triss","status":"publish","type":"page","link":"https:\/\/gruene-schwerte.de\/index.php\/triss\/","title":{"rendered":"TRISS"},"content":{"rendered":"\n<p class=\"has-medium-font-size\">Tempor\u00e4res Ratsinformationssystem Schwerte<\/p>\n\n\n\n<p>Da die Stadt Schwerte das im Zuge des Cyberangriffs im Oktober 2023 ausgefallene Ratsinformationssystem auch f\u00fcr den kommenden Sitzungslauf zum jetzigen Zeitpunkt noch nicht wieder zur Verf\u00fcgung stellen kann, haben wir selbst eins erstellt. Das hilft nicht nur unserer Ratsfraktion bei der Arbeit, es erm\u00f6glicht auch eine Information der \u00d6ffentlichkeit im Vorfeld von Sitzungen und danach. <br><br>Eine ausf\u00fchrlichere Erl\u00e4uterung und den Updateverlauf findet ihr ganz unten. Fragen, Fehler, Anregungen? <a href=\"#\" data-unscramble=\"ed.etrewhcs-eneurg@oreub\">buero@gruene-schwerte.de<\/a><\/p>\n\n\n\n<p><strong>Zweiter Sitzungslauf (14.05. &#8211; 19.06.2024)<\/strong><\/p>\n\n\n\n<p><a href=\"http:\/\/gruene-schwerte.de\/index.php\/24_05_14_abb\/\" target=\"_blank\" rel=\"noreferrer noopener\">Ausschuss f\u00fcr B\u00fcrgeranregungen und -Beschwerden<br>14.05.2024, 17 Uhr<br>Ratssaal, Rathausstra\u00dfe 31, 58239 Schwerte<\/a><\/p>\n\n\n\n<p><a href=\"http:\/\/gruene-schwerte.de\/index.php\/24_05_15_ir\/\" target=\"_blank\" rel=\"noreferrer noopener\">Integrationsrat<br>15.05.2024, 17 Uhr<br>Ratssaal, Rathausstra\u00dfe 31, 58239 Schwerte<\/a><\/p>\n\n\n\n<p><a href=\"http:\/\/gruene-schwerte.de\/index.php\/24_05_16_jha\/\" target=\"_blank\" rel=\"noreferrer noopener\">Jugendhilfeausschuss<br>16.05.2024, 17 Uhr<\/a><a href=\"http:\/\/gruene-schwerte.de\/index.php\/24_05_16_jha\/\"><br>Ratssaal, Rathausstra\u00dfe 31, 58239 Schwerte<\/a><\/p>\n\n\n\n<p><a href=\"http:\/\/gruene-schwerte.de\/index.php\/24_05_21_asfe\/\" target=\"_blank\" rel=\"noreferrer noopener\">Ausschuss f\u00fcr Sport, Freizeit und Ehrenamt<br>21.05.2024, 17 Uhr<br>Ratssaal, Rathausstra\u00dfe 31, 58239 Schwerte<\/a><\/p>\n\n\n\n<p><a href=\"http:\/\/gruene-schwerte.de\/index.php\/24_05_22_schula\/\" target=\"_blank\" rel=\"noreferrer noopener\">Schulausschuss<br>22.05.2024, 17 Uhr<br>Ratssaal, Rathausstra\u00dfe 31, 58239 Schwerte<\/a><\/p>\n\n\n\n<p><a href=\"http:\/\/gruene-schwerte.de\/index.php\/24_05_23_soza\/\" target=\"_blank\" rel=\"noreferrer noopener\">Sozialausschuss<br>23.05.2024, 17 Uhr<br>Ratssaal, Rathausstra\u00dfe 31, 58239 Schwerte<\/a><\/p>\n\n\n\n<p><a href=\"http:\/\/gruene-schwerte.de\/index.php\/24_05_28_aukm\/\" data-type=\"link\" data-id=\"http:\/\/gruene-schwerte.de\/index.php\/24_05_28_aukm\/\" target=\"_blank\" rel=\"noreferrer noopener\">Ausschuss f\u00fcr Umwelt, Klima und Mobilit\u00e4t<br>28.05.2024, 17 Uhr<br>Ratssaal, Rathausstra\u00dfe 31, 58239 Schwerte<\/a><\/p>\n\n\n\n<p><a href=\"http:\/\/gruene-schwerte.de\/index.php\/24_05_29_apwb\/\" target=\"_blank\" rel=\"noreferrer noopener\">Ausschuss f\u00fcr Planen, Bauen und Wohnen<br>29.05.2024, 17 Uhr<br>Ratssaal, Rathausstra\u00dfe 31, 58239 Schwerte<\/a><\/p>\n\n\n\n<p><a href=\"http:\/\/gruene-schwerte.de\/index.php\/24_06_17_AWFSO\/\" data-type=\"page\" data-id=\"8731\" target=\"_blank\" rel=\"noreferrer noopener\">Ausschuss f\u00fcr Wirtschaft, Finanzen, Sicherheit und Ordnung<br>17.06.2024, 17 Uhr<br>Ratssaal, Rathausstra\u00dfe 31, 58239 Schwerte<\/a><\/p>\n\n\n\n<p><a href=\"http:\/\/gruene-schwerte.de\/index.php\/24_06_18_hpga\/\" data-type=\"link\" data-id=\"http:\/\/gruene-schwerte.de\/index.php\/24_06_18_hpga\/\" target=\"_blank\" rel=\"noreferrer noopener\">Haupt-, Personal- und Gleichstellungsausschuss<br>18.06.2024, 17 Uhr<br>Ratssaal, Rathausstra\u00dfe 31, 58239 Schwerte<\/a><\/p>\n\n\n\n<p><a href=\"http:\/\/gruene-schwerte.de\/index.php\/24_06_19_rat\/\" data-type=\"page\" data-id=\"8763\" target=\"_blank\" rel=\"noreferrer noopener\">Ratssitzung<br>19.06.2024, 17 Uhr<br>Ratssaal, Rathausstra\u00dfe 31, 58239 Schwerte<\/a><\/p>\n\n\n\n<p><strong>Zum besseren Verst\u00e4ndnis:<\/strong><\/p>\n\n\n\n<p>Hier findet ihr die \u00f6ffentlichen Unterlagen zu den kommenden Sitzungen. Die nicht\u00f6ffentlichen nat\u00fcrlich nicht. Wir aktualisieren die Unterlagen, sobald wir sie haben, also meist zwei Wochen vor dem Sitzungstermin, und jemand Zeit hat, die Unterlagen hochzuladen. Wir \u00fcbernehmen keine Garantie f\u00fcr Vollst\u00e4ndigkeit oder Aktualit\u00e4t und hoffen auf eine baldige R\u00fcckkehr des echten Ratsinformationssystems.<br><br>Die Sitzungen sind chronologisch sortiert, also die fr\u00fcheren oben, die sp\u00e4teren unten. Wenn zu einer Sitzung noch kein Link eingef\u00fcgt ist, gibt es noch keine Dokumente. Hinter dem Link auf die jeweilige Sitzung findet ihr die Tagesordnung und die Unterlagen zu den einzelnen Tagesordnungspunkten als .pdf-Dokument. Nicht alle Tagesordnungspunkte haben zugeh\u00f6rige Unterlagen. <br><br>Dieses schnell zusammengebaute Ersatzhilfsmittel bietet nicht alle Funktionen, die das echte Ratsinformationssystem bereith\u00e4lt. Es ist nicht sonderlich sch\u00f6n und garantiert nicht barrierefrei, aber uns war wichtig, dass es erstmal irgendwie funktioniert. Sitzungen sind grunds\u00e4tzlich immer \u00f6ffentlich, eine Anmeldung ist nicht erforderlich.<\/p>\n\n\n\n<p><strong>Updates:<\/strong><br><\/p>\n\n\n\n<p>14.06.2024, 1917: Nachtr\u00e4ge AWFSO, HPGA, Rat<br>11.06.2024, 0812: Unterlagen Haupt-, Personal und Gleichstellungsausschuss<br>11.06.2024, 1713: Unterlagen Ratssitzung<br>10.06.2024, 1714: Unterlagen Ausschuss f\u00fcr Wirtschaft, Finanzen, Sicherheit und Ordnung<br>27.05.2024, 1120: Anfrage Ausschuss f\u00fcr Planen, Bauen und Wohnen<br>22.05.2024, 1710: Tischvorlage Schulausschuss<br>20.05.2024, 1632: Unterlagen Ausschuss f\u00fcr Planen, Bauen und Wohnen<br>20.05.2024, 1157: Unterlagen Ausschuss f\u00fcr Umwelt, Klima und Mobilit\u00e4t<br>19.05.2024, 2012: Nachtrag Ausschuss f\u00fcr Sport, Freizeit und Ehrenamt<br>17.05.2024, 1040: Nachtrag Schulausschuss<br>15.05.2024, 1030: Nachtrag Jugendhilfeausschuss<br>13.05.2024, 1152: Unterlagen Sozialausschuss<br>09.05.2024, 1415: Zweiter Schub mit Unterlagen, Ausschuss f\u00fcr Sport, Freizeit und Ehrenamt, Schulausschuss<br>09.05.2024, 1220: Erster Schub mit Unterlagen, Ausschuss f\u00fcr B\u00fcrgeranregungen und -Beschwerden, Integrationsrat, Jugendhilfeausschuss<\/p>\n","protected":false},"excerpt":{"rendered":"<p>Tempor\u00e4res Ratsinformationssystem Schwerte Da die Stadt Schwerte das im Zuge des Cyberangriffs im Oktober 2023 ausgefallene Ratsinformationssystem auch f\u00fcr den kommenden Sitzungslauf zum jetzigen Zeitpunkt noch nicht wieder zur Verf\u00fcgung [&hellip;]<\/p>\n","protected":false},"author":2,"featured_media":0,"parent":0,"menu_order":0,"comment_status":"closed","ping_status":"closed","template":"","meta":{"ngg_post_thumbnail":0,"footnotes":""},"class_list":["post-8333","page","type-page","status-publish","hentry"],"jetpack_sharing_enabled":true,"_links":{"self":[{"href":"https:\/\/gruene-schwerte.de\/index.php\/wp-json\/wp\/v2\/pages\/8333","targetHints":{"allow":["GET"]}}],"collection":[{"href":"https:\/\/gruene-schwerte.de\/index.php\/wp-json\/wp\/v2\/pages"}],"about":[{"href":"https:\/\/gruene-schwerte.de\/index.php\/wp-json\/wp\/v2\/types\/page"}],"author":[{"embeddable":true,"href":"https:\/\/gruene-schwerte.de\/index.php\/wp-json\/wp\/v2\/users\/2"}],"replies":[{"embeddable":true,"href":"https:\/\/gruene-schwerte.de\/index.php\/wp-json\/wp\/v2\/comments?post=8333"}],"version-history":[{"count":32,"href":"https:\/\/gruene-schwerte.de\/index.php\/wp-json\/wp\/v2\/pages\/8333\/revisions"}],"predecessor-version":[{"id":8873,"href":"https:\/\/gruene-schwerte.de\/index.php\/wp-json\/wp\/v2\/pages\/8333\/revisions\/8873"}],"wp:attachment":[{"href":"https:\/\/gruene-schwerte.de\/index.php\/wp-json\/wp\/v2\/media?parent=8333"}],"curies":[{"name":"wp","href":"https:\/\/api.w.org\/{rel}","templated":true}]}}