{"id":346,"date":"2019-05-28T12:42:14","date_gmt":"2019-05-28T10:42:14","guid":{"rendered":"http:\/\/test.gruene.schwerte.de\/?page_id=346"},"modified":"2020-07-27T15:12:04","modified_gmt":"2020-07-27T13:12:04","slug":"kommunalwahl-2020","status":"publish","type":"page","link":"https:\/\/gruene-schwerte.de\/index.php\/kommunalwahl-2020\/","title":{"rendered":"Kommunalwahl 2020"},"content":{"rendered":"<p>Das Ergebnis der Kommunalwahl am 13.09.2020 wird in Schwerte dar\u00fcber entscheiden, wie sich die Stadt in den n\u00e4chsten f\u00fcnf Jahren und dar\u00fcber hinaus entwickelt. Viele wichtige Weichenstellungen stehen an. Nat\u00fcrlich hoffen wir auf ein starkes Gr\u00fcnes Resultat und wollen mit unserem Programm und unseren Kandidat*innen m\u00f6glichst viele \u00fcberzeugen.<\/p>\n<p>&nbsp;<\/p>\n<h2><a href=\"http:\/\/gruene-schwerte.de\/index.php\/kandidatinnen\/\">Kandidat*innen<\/a><\/h2>\n<p><a href=\"http:\/\/gruene-schwerte.de\/index.php\/kandidatinnen\/\"><img loading=\"lazy\" decoding=\"async\" class=\"aligncenter wp-image-1857 size-large\" src=\"http:\/\/gruene-schwerte.de\/wp-content\/uploads\/2020\/07\/Spitze_Plakat_2020-1520-scaled-e1595274873200-800x522.jpg\" alt=\"\" width=\"783\" height=\"511\" srcset=\"https:\/\/gruene-schwerte.de\/wp-content\/uploads\/2020\/07\/Spitze_Plakat_2020-1520-scaled-e1595274873200-800x522.jpg 800w, https:\/\/gruene-schwerte.de\/wp-content\/uploads\/2020\/07\/Spitze_Plakat_2020-1520-scaled-e1595274873200-400x261.jpg 400w, https:\/\/gruene-schwerte.de\/wp-content\/uploads\/2020\/07\/Spitze_Plakat_2020-1520-scaled-e1595274873200-768x501.jpg 768w, https:\/\/gruene-schwerte.de\/wp-content\/uploads\/2020\/07\/Spitze_Plakat_2020-1520-scaled-e1595274873200-1536x1002.jpg 1536w, https:\/\/gruene-schwerte.de\/wp-content\/uploads\/2020\/07\/Spitze_Plakat_2020-1520-scaled-e1595274873200-150x98.jpg 150w, https:\/\/gruene-schwerte.de\/wp-content\/uploads\/2020\/07\/Spitze_Plakat_2020-1520-scaled-e1595274873200.jpg 1920w\" sizes=\"auto, (max-width: 783px) 100vw, 783px\" \/><\/a><\/p>\n<p>&nbsp;<\/p>\n<p>Hier sind unsere <a href=\"http:\/\/gruene-schwerte.de\/index.php\/kandidatinnen\/\">Kandidatinnen und Kandidaten<\/a>, die Schwerte in der neuen Ratsperiode \u00f6kologische und soziale Zukunftsimpulse geben wollen.<\/p>\n<h2><a href=\"http:\/\/gruene-schwerte.de\/index.php\/programm\/\">Programm<\/a><\/h2>\n<p><a href=\"http:\/\/gruene-schwerte.de\/index.php\/programm\/\"><img loading=\"lazy\" decoding=\"async\" class=\"aligncenter wp-image-1768\" src=\"http:\/\/gruene-schwerte.de\/wp-content\/uploads\/2020\/07\/KW2020_Plakat_420x420_mm_Sympathiemotiv-e1595248364702-400x221.png\" alt=\"\" width=\"800\" height=\"442\" srcset=\"https:\/\/gruene-schwerte.de\/wp-content\/uploads\/2020\/07\/KW2020_Plakat_420x420_mm_Sympathiemotiv-e1595248364702-400x221.png 400w, https:\/\/gruene-schwerte.de\/wp-content\/uploads\/2020\/07\/KW2020_Plakat_420x420_mm_Sympathiemotiv-e1595248364702-800x442.png 800w, https:\/\/gruene-schwerte.de\/wp-content\/uploads\/2020\/07\/KW2020_Plakat_420x420_mm_Sympathiemotiv-e1595248364702-768x424.png 768w, https:\/\/gruene-schwerte.de\/wp-content\/uploads\/2020\/07\/KW2020_Plakat_420x420_mm_Sympathiemotiv-e1595248364702-150x83.png 150w, https:\/\/gruene-schwerte.de\/wp-content\/uploads\/2020\/07\/KW2020_Plakat_420x420_mm_Sympathiemotiv-e1595248364702.png 1500w\" sizes=\"auto, (max-width: 800px) 100vw, 800px\" \/><\/a><\/p>\n<p>&nbsp;<\/p>\n<p><a href=\"http:\/\/gruene-schwerte.de\/index.php\/programm\/\">Das Wahlprogramm findet ihr HIER<\/a>! F\u00fcr eilige Leser*innen: Unsere <a href=\"http:\/\/gruene-schwerte.de\/index.php\/zehn-punkte-fuer-ein-gruenes-schwerte\/\">Zehn Punkte f\u00fcr ein Gr\u00fcnes Schwerte<\/a> sind ein grober, aber unvollst\u00e4ndiger \u00dcberblick.<\/p>\n<p>Diese Seite wird fortlaufend aktualisiert.<\/p>\n","protected":false},"excerpt":{"rendered":"<p>Das Ergebnis der Kommunalwahl am 13.09.2020 wird in Schwerte dar\u00fcber entscheiden, wie sich die Stadt in den n\u00e4chsten f\u00fcnf Jahren und dar\u00fcber hinaus entwickelt. Viele wichtige Weichenstellungen stehen an. Nat\u00fcrlich [&hellip;]<\/p>\n","protected":false},"author":1,"featured_media":0,"parent":0,"menu_order":0,"comment_status":"closed","ping_status":"closed","template":"","meta":{"ngg_post_thumbnail":0,"footnotes":""},"class_list":["post-346","page","type-page","status-publish","hentry"],"jetpack_sharing_enabled":true,"_links":{"self":[{"href":"https:\/\/gruene-schwerte.de\/index.php\/wp-json\/wp\/v2\/pages\/346","targetHints":{"allow":["GET"]}}],"collection":[{"href":"https:\/\/gruene-schwerte.de\/index.php\/wp-json\/wp\/v2\/pages"}],"about":[{"href":"https:\/\/gruene-schwerte.de\/index.php\/wp-json\/wp\/v2\/types\/page"}],"author":[{"embeddable":true,"href":"https:\/\/gruene-schwerte.de\/index.php\/wp-json\/wp\/v2\/users\/1"}],"replies":[{"embeddable":true,"href":"https:\/\/gruene-schwerte.de\/index.php\/wp-json\/wp\/v2\/comments?post=346"}],"version-history":[{"count":10,"href":"https:\/\/gruene-schwerte.de\/index.php\/wp-json\/wp\/v2\/pages\/346\/revisions"}],"predecessor-version":[{"id":1943,"href":"https:\/\/gruene-schwerte.de\/index.php\/wp-json\/wp\/v2\/pages\/346\/revisions\/1943"}],"wp:attachment":[{"href":"https:\/\/gruene-schwerte.de\/index.php\/wp-json\/wp\/v2\/media?parent=346"}],"curies":[{"name":"wp","href":"https:\/\/api.w.org\/{rel}","templated":true}]}}