{"id":33,"date":"2019-04-25T08:34:31","date_gmt":"2019-04-25T08:34:31","guid":{"rendered":"http:\/\/test.gruene.schwerte.de\/?page_id=33"},"modified":"2025-11-05T02:30:47","modified_gmt":"2025-11-05T01:30:47","slug":"ratsfraktion","status":"publish","type":"page","link":"https:\/\/gruene-schwerte.de\/index.php\/ratsfraktion\/","title":{"rendered":"Ratsfraktion"},"content":{"rendered":"\n<figure class=\"wp-block-image size-large is-resized\"><img loading=\"lazy\" decoding=\"async\" width=\"800\" height=\"1000\" src=\"http:\/\/gruene-schwerte.de\/wp-content\/uploads\/2025\/11\/IMG_1184-800x1000.jpg\" alt=\"\" class=\"wp-image-12879\" style=\"width:506px;height:auto\" srcset=\"https:\/\/gruene-schwerte.de\/wp-content\/uploads\/2025\/11\/IMG_1184-800x1000.jpg 800w, https:\/\/gruene-schwerte.de\/wp-content\/uploads\/2025\/11\/IMG_1184-400x500.jpg 400w, https:\/\/gruene-schwerte.de\/wp-content\/uploads\/2025\/11\/IMG_1184-768x960.jpg 768w, https:\/\/gruene-schwerte.de\/wp-content\/uploads\/2025\/11\/IMG_1184-1229x1536.jpg 1229w, https:\/\/gruene-schwerte.de\/wp-content\/uploads\/2025\/11\/IMG_1184-1638x2048.jpg 1638w, https:\/\/gruene-schwerte.de\/wp-content\/uploads\/2025\/11\/IMG_1184-scaled.jpg 2048w\" sizes=\"auto, (max-width: 800px) 100vw, 800px\" \/><\/figure>\n\n\n\n<p><\/p>\n\n\n\n<p>Gr\u00fcne Politik hat viele Gesichter. Wir stellen hier die bei der Kommunalwahl 2025 gew\u00e4hlten Ratsmitglieder der Gr\u00fcnen Fraktion vor: <a href=\"http:\/\/gruene-schwerte.de\/index.php\/ratsfraktion\/unser-team-im-rat\/\"><strong>Unser Team im Rat<\/strong><\/a><\/p>\n\n\n\n<p>Mit unserem kompetenten Team wollen wir eine \u00f6kologische und soziale Politik f\u00fcr alle Menschen in Schwerte durchsetzen.&nbsp;<\/p>\n\n\n\n<p>Au\u00dferdem findest Du hier unsere Antr\u00e4ge und Anfragen, die wir gestellt haben: <a href=\"http:\/\/gruene-schwerte.de\/index.php\/category\/neu_rat\/anfragen-antraege\/\"><strong>Anfragen und Antr\u00e4ge<\/strong><\/a><\/p>\n\n\n\n<p>Bleib auf dem Laufenden und informiere Dich, was wir aktuell so machen: <a href=\"http:\/\/gruene-schwerte.de\/index.php\/category\/neu_rat\/\"><strong>News aus dem Rat<\/strong><\/a><\/p>\n","protected":false},"excerpt":{"rendered":"<p>Gr\u00fcne Politik hat viele Gesichter. Wir stellen hier die bei der Kommunalwahl 2025 gew\u00e4hlten Ratsmitglieder der Gr\u00fcnen Fraktion vor: Unser Team im Rat Mit unserem kompetenten Team wollen wir eine [&hellip;]<\/p>\n","protected":false},"author":1,"featured_media":0,"parent":0,"menu_order":0,"comment_status":"closed","ping_status":"closed","template":"","meta":{"ngg_post_thumbnail":0,"footnotes":""},"class_list":["post-33","page","type-page","status-publish","hentry"],"jetpack_sharing_enabled":true,"_links":{"self":[{"href":"https:\/\/gruene-schwerte.de\/index.php\/wp-json\/wp\/v2\/pages\/33","targetHints":{"allow":["GET"]}}],"collection":[{"href":"https:\/\/gruene-schwerte.de\/index.php\/wp-json\/wp\/v2\/pages"}],"about":[{"href":"https:\/\/gruene-schwerte.de\/index.php\/wp-json\/wp\/v2\/types\/page"}],"author":[{"embeddable":true,"href":"https:\/\/gruene-schwerte.de\/index.php\/wp-json\/wp\/v2\/users\/1"}],"replies":[{"embeddable":true,"href":"https:\/\/gruene-schwerte.de\/index.php\/wp-json\/wp\/v2\/comments?post=33"}],"version-history":[{"count":6,"href":"https:\/\/gruene-schwerte.de\/index.php\/wp-json\/wp\/v2\/pages\/33\/revisions"}],"predecessor-version":[{"id":12880,"href":"https:\/\/gruene-schwerte.de\/index.php\/wp-json\/wp\/v2\/pages\/33\/revisions\/12880"}],"wp:attachment":[{"href":"https:\/\/gruene-schwerte.de\/index.php\/wp-json\/wp\/v2\/media?parent=33"}],"curies":[{"name":"wp","href":"https:\/\/api.w.org\/{rel}","templated":true}]}}