{"id":1908,"date":"2020-07-26T14:06:20","date_gmt":"2020-07-26T12:06:20","guid":{"rendered":"http:\/\/gruene-schwerte.de\/?page_id=1908"},"modified":"2021-04-16T12:26:17","modified_gmt":"2021-04-16T10:26:17","slug":"buergernahe-verwaltung","status":"publish","type":"page","link":"https:\/\/gruene-schwerte.de\/index.php\/kommunalwahl-2020\/programm\/buergernahe-verwaltung\/","title":{"rendered":"B\u00fcrgernahe Verwaltung"},"content":{"rendered":"<h6>&lt; <a href=\"http:\/\/gruene-schwerte.de\/index.php\/kultur\/\">Kultur<\/a> | <a href=\"http:\/\/gruene-schwerte.de\/index.php\/programm\/\">\u00dcbersicht<\/a> |<a href=\"http:\/\/gruene-schwerte.de\/index.php\/haushalt\/\"> Haushalt<\/a> &gt;<\/h6>\n<h1>&nbsp;<\/h1>\n<h1>Transparente Strukturen schaffen<\/h1>\n<p>Die Strukturen der Kommunalverwaltungen sind zunehmend in die Jahre gekommen und nicht mehr den heutigen Gegebenheiten angepasst. Hier ist dringender Handlungsbedarf auch in Schwerte. Daher ist das Informationsangebot der Stadtverwaltung auszubauen. Dabei ist wichtig, dass das Angebot (etwa Ver\u00f6ffentlichungen, Ratgeber, Beh\u00f6rdenformulare) in leicht lesbarer Sprache verfasst wird und auch die Onlineangebote weiter ausgebaut werden So wird sichergestellt, das m\u00f6glichst viele Menschen erreicht werden und sich aktiv einbringen k\u00f6nnen. Entscheidungen m\u00fcssen transparent und \u00f6ffentlich sein.<\/p>\n<p>Dazu geh\u00f6rt es auch, wichtige politische Sitzungen des Stadtrates und der Aussch\u00fcsse digital zu \u00fcbertragen: Politische Diskussionen m\u00fcssen in der \u00d6ffentlichkeit besser zu verfolgen sein. Dass dies m\u00f6glich ist, hat die Zeit der Pandemie mehr als bewiesen. Auch die M\u00f6glichkeiten der Onlinedienste m\u00fcssen weiter ausgebaut werden. So lassen sich viele Beh\u00f6rdeng\u00e4nge ersparen, Arbeitszeit von st\u00e4dtischen Mitarbeiter*innen kann so f\u00fcr sinnvollere Dinge als reine Verwaltungst\u00e4tigkeit aufgewendet werden. Gleichzeitig sparen sich B\u00fcrgerinnen und B\u00fcrger Zeit und Wege und k\u00f6nnen auf eine schnellere und bessere Erledigung ihrer Anliegen hoffen.<\/p>\n<p>Auch die B\u00fcrger*innenbeteiligung spielt in den letzten Jahrzehnten eine zunehmend wichtige Rolle. So ist es zwingend erforderlich, alle Menschen von Jung bis Alt einzubeziehen und auf vielf\u00e4ltigen Wegen eine Erreichbarkeit zu sichern. Deshalb unterst\u00fctzen wir die Umsetzung der Leitlinien der MitMachStadt Schwerte zur F\u00f6rderung von B\u00fcrger*innenengagement und \u2013Beteiligung, um mehr lokale Demokratie zu erm\u00f6glichen. Entscheidend ist, dass die Verwaltung rechtzeitig Vorhabenlisten ins Netz stellt, die dann von B\u00fcrger*innen kommentiert werden k\u00f6nnen. Dann muss es bei jedem wichtigen Vorhaben Ortsbegehungen mit interessierten B\u00fcrger*innen geben, bei denen die Vorhaben kritisch gew\u00fcrdigt werden k\u00f6nnen.&nbsp;<\/p>\n<p>Wir setzen uns daf\u00fcr ein, dass auch die Stadt Schwerte eine Transparenzsatzung erh\u00e4lt. Dadurch wird die Stadt verpflichtet, alle Informationen und Vorg\u00e4nge, die sie ver\u00f6ffentlichen darf, auch zu ver\u00f6ffentlichen anstatt wie bisher geheim zu halten.<\/p>\n<h5>Was hast du davon:<br \/>\nWir m\u00f6chten, dass du zu jeder Zeit mitreden kannst, wenn es um die Entscheidungen geht, die alle B\u00fcrgerinnen in Schwerte betreffen. Wir schaffen daf\u00fcr die Grundlagen.&nbsp;<\/h5>\n<p>&nbsp;<\/p>\n<h6>&lt; <a href=\"http:\/\/gruene-schwerte.de\/index.php\/kultur\/\">Kultur<\/a> | <a href=\"http:\/\/gruene-schwerte.de\/index.php\/programm\/\">\u00dcbersicht<\/a> |<a href=\"http:\/\/gruene-schwerte.de\/index.php\/haushalt\/\"> Haushalt<\/a> &gt;<\/h6>\n","protected":false},"excerpt":{"rendered":"<p>&lt; Kultur | \u00dcbersicht | Haushalt &gt; &nbsp; Transparente Strukturen schaffen Die Strukturen der Kommunalverwaltungen sind zunehmend in die Jahre gekommen und nicht mehr den heutigen Gegebenheiten angepasst. Hier ist [&hellip;]<\/p>\n","protected":false},"author":2,"featured_media":0,"parent":1746,"menu_order":0,"comment_status":"closed","ping_status":"closed","template":"","meta":{"ngg_post_thumbnail":0,"footnotes":""},"class_list":["post-1908","page","type-page","status-publish","hentry"],"jetpack_sharing_enabled":true,"_links":{"self":[{"href":"https:\/\/gruene-schwerte.de\/index.php\/wp-json\/wp\/v2\/pages\/1908","targetHints":{"allow":["GET"]}}],"collection":[{"href":"https:\/\/gruene-schwerte.de\/index.php\/wp-json\/wp\/v2\/pages"}],"about":[{"href":"https:\/\/gruene-schwerte.de\/index.php\/wp-json\/wp\/v2\/types\/page"}],"author":[{"embeddable":true,"href":"https:\/\/gruene-schwerte.de\/index.php\/wp-json\/wp\/v2\/users\/2"}],"replies":[{"embeddable":true,"href":"https:\/\/gruene-schwerte.de\/index.php\/wp-json\/wp\/v2\/comments?post=1908"}],"version-history":[{"count":2,"href":"https:\/\/gruene-schwerte.de\/index.php\/wp-json\/wp\/v2\/pages\/1908\/revisions"}],"predecessor-version":[{"id":1939,"href":"https:\/\/gruene-schwerte.de\/index.php\/wp-json\/wp\/v2\/pages\/1908\/revisions\/1939"}],"up":[{"embeddable":true,"href":"https:\/\/gruene-schwerte.de\/index.php\/wp-json\/wp\/v2\/pages\/1746"}],"wp:attachment":[{"href":"https:\/\/gruene-schwerte.de\/index.php\/wp-json\/wp\/v2\/media?parent=1908"}],"curies":[{"name":"wp","href":"https:\/\/api.w.org\/{rel}","templated":true}]}}