{"id":1904,"date":"2020-07-26T13:55:20","date_gmt":"2020-07-26T11:55:20","guid":{"rendered":"http:\/\/gruene-schwerte.de\/?page_id=1904"},"modified":"2021-04-16T12:28:00","modified_gmt":"2021-04-16T10:28:00","slug":"gefluechtete","status":"publish","type":"page","link":"https:\/\/gruene-schwerte.de\/index.php\/kommunalwahl-2020\/programm\/gefluechtete\/","title":{"rendered":"Gefl\u00fcchtete"},"content":{"rendered":"<h6>&lt;<a href=\"http:\/\/gruene-schwerte.de\/index.php\/aktiv-gegen-rechts\/\"> Aktiv gegen Rechts<\/a>&nbsp;| <a href=\"http:\/\/gruene-schwerte.de\/index.php\/programm\/\">\u00dcbersicht<\/a> |<a href=\"http:\/\/gruene-schwerte.de\/index.php\/kultur\/\"> Kultur<\/a> &gt;<\/h6>\n<h1>&nbsp;<\/h1>\n<h1>Die neue Heimat in Schwerte<\/h1>\n<p>Viele Schwerterinnen und Schwerter haben sich bei der gro\u00dfen Fl\u00fcchtlingsbewegung im Jahre 2015 als hilfsbereit und tolerant erwiesen. So ist es besser als manchmal behauptet gelungen, den gefl\u00fcchteten Menschen hier ein neues Zuhause zu schaffen. Ohne die au\u00dferordentliche Arbeit der Ehrenamtlichen rund um den Schwerter Arbeitskreis Asyl w\u00e4re das nicht m\u00f6glich gewesen. Es wird von entscheidender Bedeutung sein, dass die Stadt weiterhin gut mit dem AK Asyl kooperiert und seinen W\u00fcnschen entspricht.&nbsp;&nbsp;<\/p>\n<p>Das Prinzip, dass die Gefl\u00fcchteten m\u00f6glichst in Privatwohnungen statt in Heimen untergebracht werden, hat sich in Schwerte weitgehend durchgesetzt. In den bestehenden Heimen muss immer wieder erneut daf\u00fcr gek\u00e4mpft werden, dass sie nicht \u00fcberbelegt werden und dass die Hygienevoraussetzungen so sind, dass sie auch in den Zeiten einer Pandemie ausreichen. Die Geb\u00fchrenordnung f\u00fcr die Heime sieht extrem hohen Geb\u00fchren vor, weit \u00fcber dem normalen Mietpreis. Sie muss so angeglichen werden, dass Geb\u00fchren in dieser H\u00f6he nur anfallen, wenn sie von den Sozialkassen auch anerkannt und bezahlt werden. Die Geb\u00fchrenlast darf nicht auf&nbsp; die Heimbewohner*innen abgew\u00e4lzt werden, etwa wenn sie als Erwerbst\u00e4tige Selbstzahler sind.&nbsp;<\/p>\n<p>Besondere Aufmerksamkeit fordert weiterhin die Situation von jugendlichen Fl\u00fcchtlingen in den Schulen. Gerade der weithin unvorbereitet einsetzende Fernunterricht in der aktuellen Krise hat die Lage der Fl\u00fcchtlingskinder weiter verschlechtert, da ihnen schon die Ger\u00e4teausstattung f\u00fcrs digitale Lernen fehlte, geschweige denn ein ruhiger Platz in der Wohnung. Wir fordern den freien Internetzugang f\u00fcr alle Fl\u00fcchtlinge in den st\u00e4dtischen Unterk\u00fcnften. Wir setzen uns daf\u00fcr ein, dass es verst\u00e4rkt runde Tische zum Lernen von gefl\u00fcchteten Kindern und Jugendliche gibt, um ihre Lage besser zu verstehen und ihr gerecht zu werden. In der Berufsausbildung ist es ein oft beobachtetes Ph\u00e4nomen, dass Gefl\u00fcchtete zwar gute praktische Leistungen im Betrieb vorweisen, in der Berufsschule jedoch scheitern.&nbsp;<\/p>\n<p>Im Rahmen des in Vorbereitung befindlichen Integrationskonzeptes der Stadt Schwerte ist bei der Umsetzung f\u00fcr eine ausreichende Betreuung der Gefl\u00fcchteten zu sorgen. Sie ist eine S\u00e4ule f\u00fcr eine gelingende Integration.<\/p>\n<p>Die meisten wichtigen Entscheidungen f\u00fcr Fl\u00fcchtlinge fallen allerdings au\u00dferhalb der Kommune. Hier kann die Kommune nur Zeichen setzen. Insbesondere gegen\u00fcber der Abschottungspolitik der EU. Viel zu viele Fl\u00fcchtlinge geraten auf dem Mittelmeer in Seenot. Wenn sie gerettet werden k\u00f6nnen, findet sich oft kein Staat, der sie aufnimmt. Wir setzen uns daf\u00fcr ein, dass die Stadt Schwerte bereit ist, eine bestimmte Zahl geretteter Fl\u00fcchtlinge aufzunehmen (Aktion Seebr\u00fccke). Dieselbe Hilfe gilt es f\u00fcr die Fl\u00fcchtlinge zu leisten, die in den \u00fcberf\u00fcllten griechischen Lagern festh\u00e4ngen.<\/p>\n<h5>Was hast du davon:<br \/>\nWir m\u00f6chten, dass wir gemeinsam mit dir denen helfen, die aus ihrer eigentlichen Heimat durch Krieg oder Terror fliehen mussten. Damit sie in Schwerte eine neue Heimat f\u00fcr sich finden k\u00f6nnen.<\/h5>\n<p>&nbsp;<\/p>\n<h6>&lt;<a href=\"http:\/\/gruene-schwerte.de\/index.php\/aktiv-gegen-rechts\/\"> Aktiv gegen Rechts<\/a>&nbsp;| <a href=\"http:\/\/gruene-schwerte.de\/index.php\/programm\/\">\u00dcbersicht<\/a> |<a href=\"http:\/\/gruene-schwerte.de\/index.php\/kultur\/\"> Kultur<\/a> &gt;<\/h6>\n","protected":false},"excerpt":{"rendered":"<p>&lt; Aktiv gegen Rechts&nbsp;| \u00dcbersicht | Kultur &gt; &nbsp; Die neue Heimat in Schwerte Viele Schwerterinnen und Schwerter haben sich bei der gro\u00dfen Fl\u00fcchtlingsbewegung im Jahre 2015 als hilfsbereit und [&hellip;]<\/p>\n","protected":false},"author":2,"featured_media":0,"parent":1746,"menu_order":0,"comment_status":"closed","ping_status":"closed","template":"","meta":{"ngg_post_thumbnail":0,"footnotes":""},"class_list":["post-1904","page","type-page","status-publish","hentry"],"jetpack_sharing_enabled":true,"_links":{"self":[{"href":"https:\/\/gruene-schwerte.de\/index.php\/wp-json\/wp\/v2\/pages\/1904","targetHints":{"allow":["GET"]}}],"collection":[{"href":"https:\/\/gruene-schwerte.de\/index.php\/wp-json\/wp\/v2\/pages"}],"about":[{"href":"https:\/\/gruene-schwerte.de\/index.php\/wp-json\/wp\/v2\/types\/page"}],"author":[{"embeddable":true,"href":"https:\/\/gruene-schwerte.de\/index.php\/wp-json\/wp\/v2\/users\/2"}],"replies":[{"embeddable":true,"href":"https:\/\/gruene-schwerte.de\/index.php\/wp-json\/wp\/v2\/comments?post=1904"}],"version-history":[{"count":3,"href":"https:\/\/gruene-schwerte.de\/index.php\/wp-json\/wp\/v2\/pages\/1904\/revisions"}],"predecessor-version":[{"id":1937,"href":"https:\/\/gruene-schwerte.de\/index.php\/wp-json\/wp\/v2\/pages\/1904\/revisions\/1937"}],"up":[{"embeddable":true,"href":"https:\/\/gruene-schwerte.de\/index.php\/wp-json\/wp\/v2\/pages\/1746"}],"wp:attachment":[{"href":"https:\/\/gruene-schwerte.de\/index.php\/wp-json\/wp\/v2\/media?parent=1904"}],"curies":[{"name":"wp","href":"https:\/\/api.w.org\/{rel}","templated":true}]}}