{"id":1902,"date":"2020-07-26T13:53:32","date_gmt":"2020-07-26T11:53:32","guid":{"rendered":"http:\/\/gruene-schwerte.de\/?page_id=1902"},"modified":"2021-04-16T12:25:56","modified_gmt":"2021-04-16T10:25:56","slug":"aktiv-gegen-rechts","status":"publish","type":"page","link":"https:\/\/gruene-schwerte.de\/index.php\/kommunalwahl-2020\/programm\/aktiv-gegen-rechts\/","title":{"rendered":"Aktiv gegen Rechts"},"content":{"rendered":"<h6>&lt; <a href=\"http:\/\/gruene-schwerte.de\/index.php\/landwirtschaft\/\">Landwirtschaft<\/a> | <a href=\"http:\/\/gruene-schwerte.de\/index.php\/programm\/\">\u00dcbersicht<\/a> | <a href=\"http:\/\/gruene-schwerte.de\/index.php\/gefluechtete\/\">Gefl\u00fcchtete<\/a>&gt;<\/h6>\n<p>&nbsp;<\/p>\n<p>Der Mord an Walter L\u00fcbcke, die Attentate von Halle und Hanau und leider viele mehr haben gezeigt, wie gro\u00df die Gefahr der Gewalt von rechts ist. Die Gefahr beginnt aber nicht erst bei manifesten Gewalttaten. Die Gewalt beginnt mit der Ver\u00e4chtlichmachung von Andersdenkenden, Andersglaubenden, Andersaussehenden. Dem Hass, der besonders im Internet gesch\u00fcrt wird, muss entschieden entgegengetreten werden.<\/p>\n<p>Auf kommunaler Ebene ist es n\u00f6tig, alle Gruppierungen, die rechtes Gedankengut bek\u00e4mpfen, bedingungslos zu unterst\u00fctzen. Beim Schwerter B\u00fcndnis gegen Rechts nehmen die Gr\u00fcnen selbstverst\u00e4ndlich teil. Ebenso bei der Aktion Seebr\u00fccke. Die Gr\u00fcnen unterst\u00fctzen mit Kunterbunt entschieden eine Jugendgruppe mit klar antifaschistischem Profil. Ebenso werden wir Bestrebungen unterst\u00fctzen, eine Charta f\u00fcr Demokratie zusammen mit den B\u00fcrger*innen zu entwickeln.<\/p>\n<p>Grunds\u00e4tzlich kann man sagen, dass die St\u00e4rkung der Zivilgesellschaft ein entscheidender Schritt gegen Rechts ist. Dialogformate mit muslimischen Mitb\u00fcrger*innen, interkulturelle Rundg\u00e4nge, der Arbeitskreis Asyl mit seiner Wertsch\u00e4tzung Gefl\u00fcchteter u. a. geh\u00f6ren in ein Netzwerk, das den Zusammenhalt der Stadtgesellschaft st\u00e4rkt. Mitbeteiligung der B\u00fcrger*innen an stadtpolitischen Entscheidungen weckt das Interesse an lebendiger Demokratie.<\/p>\n<p>Im Rat werden wir, sofern die AfD vertreten sein sollte, die Zusammenarbeit mit ihr ablehnen. Es muss gemeinsam unter Demokraten verhindert werden, dass rassistische oder nationalistische Themen von dieser Seite die Agenda bestimmen.<\/p>\n<p>&nbsp;<\/p>\n<h6>&lt; <a href=\"http:\/\/gruene-schwerte.de\/index.php\/landwirtschaft\/\">Landwirtschaft<\/a> | <a href=\"http:\/\/gruene-schwerte.de\/index.php\/programm\/\">\u00dcbersicht<\/a> | <a href=\"http:\/\/gruene-schwerte.de\/index.php\/gefluechtete\/\">Gefl\u00fcchtete<\/a>&gt;<\/h6>\n<h6>&nbsp;<\/h6>\n","protected":false},"excerpt":{"rendered":"<p>&lt; Landwirtschaft | \u00dcbersicht | Gefl\u00fcchtete&gt; &nbsp; Der Mord an Walter L\u00fcbcke, die Attentate von Halle und Hanau und leider viele mehr haben gezeigt, wie gro\u00df die Gefahr der Gewalt [&hellip;]<\/p>\n","protected":false},"author":2,"featured_media":0,"parent":1746,"menu_order":0,"comment_status":"closed","ping_status":"closed","template":"","meta":{"ngg_post_thumbnail":0,"footnotes":""},"class_list":["post-1902","page","type-page","status-publish","hentry"],"jetpack_sharing_enabled":true,"_links":{"self":[{"href":"https:\/\/gruene-schwerte.de\/index.php\/wp-json\/wp\/v2\/pages\/1902","targetHints":{"allow":["GET"]}}],"collection":[{"href":"https:\/\/gruene-schwerte.de\/index.php\/wp-json\/wp\/v2\/pages"}],"about":[{"href":"https:\/\/gruene-schwerte.de\/index.php\/wp-json\/wp\/v2\/types\/page"}],"author":[{"embeddable":true,"href":"https:\/\/gruene-schwerte.de\/index.php\/wp-json\/wp\/v2\/users\/2"}],"replies":[{"embeddable":true,"href":"https:\/\/gruene-schwerte.de\/index.php\/wp-json\/wp\/v2\/comments?post=1902"}],"version-history":[{"count":4,"href":"https:\/\/gruene-schwerte.de\/index.php\/wp-json\/wp\/v2\/pages\/1902\/revisions"}],"predecessor-version":[{"id":2120,"href":"https:\/\/gruene-schwerte.de\/index.php\/wp-json\/wp\/v2\/pages\/1902\/revisions\/2120"}],"up":[{"embeddable":true,"href":"https:\/\/gruene-schwerte.de\/index.php\/wp-json\/wp\/v2\/pages\/1746"}],"wp:attachment":[{"href":"https:\/\/gruene-schwerte.de\/index.php\/wp-json\/wp\/v2\/media?parent=1902"}],"curies":[{"name":"wp","href":"https:\/\/api.w.org\/{rel}","templated":true}]}}