{"id":1900,"date":"2020-07-26T13:52:18","date_gmt":"2020-07-26T11:52:18","guid":{"rendered":"http:\/\/gruene-schwerte.de\/?page_id=1900"},"modified":"2021-04-16T12:28:51","modified_gmt":"2021-04-16T10:28:51","slug":"jugend","status":"publish","type":"page","link":"https:\/\/gruene-schwerte.de\/index.php\/kommunalwahl-2020\/programm\/jugend\/","title":{"rendered":"Jugend"},"content":{"rendered":"<h6>&lt; <a href=\"http:\/\/gruene-schwerte.de\/index.php\/sport\/\">Sport<\/a> | <a href=\"http:\/\/gruene-schwerte.de\/index.php\/programm\/\">\u00dcbersicht<\/a> |<a href=\"http:\/\/gruene-schwerte.de\/index.php\/landwirtschaft\/\"> Landwirtschaft<\/a> &gt;<\/h6>\n<h1>&nbsp;<\/h1>\n<h1>Die Jugend in Schwerte<\/h1>\n<p>F\u00fcr eine Stadt ist es wichtig, dass sich Jugendliche in ihr wohlf\u00fchlen und dort bleiben oder nach der Ausbildung gerne wieder zur\u00fcckkommen. Dies wird erreicht durch eine Teilhabe von Jugendlichen und jungen Menschen.&nbsp;<\/p>\n<p>In der letzten Ratsperiode ist schon etwas passiert, aber dies ist noch lange nicht genug.<\/p>\n<h4>Beteiligung von Jugendlichen an kommunaler Politikgestaltung<\/h4>\n<p>Durch gr\u00fcne Initiative ist eine M\u00f6glichkeit der politischen Teilhabe f\u00fcr Jugendlichen auf den Weg gebracht worden. Ein Jugendparlament, oder wie es sich auch nennen wird, kann von den Jugendlichen selbst entworfen werden. Dies ist schon seit 2016 beschlossen. Damit ist ein Wahlziel zur Kommunalwahl 2014 mit der \u00dcberschrift \u201eMehr Raum f\u00fcr die Jugend\u201c verwirklicht worden. Im politischen Raum wurde Platz f\u00fcr Jugendliche geschaffen.<\/p>\n<p>Aber damit darf nicht Schluss sein. Wir als Stadt m\u00fcssen weiter daf\u00fcr sorgen, dass Jugendliche an der politischen Willensbildung beteiligt werden. Daf\u00fcr kann unter anderem eine \u00dcbertragung der Ratssitzungen und Ausschusssitzungen im Internet nach Tagesordnungspunkten sein. Damit k\u00f6nnen sie die politischen Debatten zu den Themen, die sie interessieren, verfolgt werden.&nbsp;<\/p>\n<h4>Mehr Fl\u00e4che und R\u00e4ume f\u00fcr Jugendliche in der Stadt<\/h4>\n<p>Hier haben wir noch einiges vor. Zwar gibt es zum Gl\u00fcck mehr Begegnungsst\u00e4tten f\u00fcr Jugendliche, aber die sind nicht f\u00fcr alle Jugendliche interessant.&nbsp;<br \/>\nEine Herausforderung sind die unterschiedlichen Interessen der verschiedenen Altersschichten. Jugendliche wollen gerne auch drau\u00dfen und etwas sp\u00e4t zum Beispiel noch Musik h\u00f6ren, w\u00e4hrend \u00c4ltere ein h\u00f6heres Ruhebed\u00fcrfnis haben. Insofern gibt es strenge rechtliche Auflagen zum Beispiel an den Ruheschutz.&nbsp;<\/p>\n<p>Dennoch m\u00fcssen wir Orte finden, an denen es m\u00f6glich sein muss, auch mal lauter zu sein.&nbsp;<br \/>\nWir wollen ein Geb\u00e4ude, welches f\u00fcr viele verschiedene Bed\u00fcrfnisse von Jugendlichen geeignet ist: Als Ort f\u00fcr Vorfinanzierungsparties, Abschlussfeiern, als g\u00fcnstiger Raum f\u00fcr 18. Geburtstage,&nbsp;aber auch als Anlaufstelle und Treffpunkt.&nbsp;<\/p>\n<p>Ein m\u00f6glicher Standort k\u00f6nnte an dem jetzigen Salzlager hinter den Superm\u00e4rkten an der Margot-R\u00f6ttger-Rath-Stra\u00dfe sein. Der Standort ist zum einen zentral und kann gut auch noch sp\u00e4t abends per Nachtbus erreicht werden. Zum anderen ist er umgeben von Gleisen und Industrie (Hoesch und Nickelwerke), sodass der L\u00e4rm nicht st\u00f6rt. Ob das Geb\u00e4ude als solches gebraucht werden kann oder ob eine andere M\u00f6glichkeit gesucht werden muss, m\u00fcsste noch gepr\u00fcft werden.<\/p>\n<p>Wir wollen, dass die Ordnungssatzung der Stadt Schwerte die Bed\u00fcrfnisse von jungen Menschen beachtet und ihre Aktionen nicht als Ordnungswidrigkeit eingestuft werden. In einem vern\u00fcnftigen Ma\u00df muss es m\u00f6glich sein, mit portablen Lautsprechern unterwegs zu sein oder an der Halfpipe oder am Bolzplatz mit dem entsprechenden Alter ein alkoholisches Getr\u00e4nk zu sich zu nehmen. Dies wurde leider durch die aktuelle Ordnungssatzung verboten. Dies wollen wir wieder \u00e4ndern.&nbsp;<\/p>\n<h4>Jugend in Bewegung<\/h4>\n<p>Sp\u00e4testens seit&nbsp; den Protesten gegen Artikel 13 der EU-Urheberrechts-Reform (Uploadfilter) oder der Bewegung Fridays for Future ist klar, dass es viele Jugendliche gibt, welche politisch denken und auch handeln. Wir finden es sehr wichtig, dass sich Jugendliche aktiv mit Politik besch\u00e4ftigen und dadurch eine Meinung bilden.&nbsp;<br \/>\nWir freuen uns, dass durch die Proteste sehr wichtige Themen in den Vordergrund ger\u00fcckt sind. Es hat unter anderem dazu gef\u00fchrt, den Klimanotstand in Schwerte auszurufen.&nbsp;<\/p>\n<h5>Was hast du davon:<br \/>\nWir m\u00f6chten dir in Schwerte alle Chancen und M\u00f6glichkeiten bieten, damit du dich in unserer Stadt wohl f\u00fchlst, deine Freunde treffen kannst, dein Leben gestalten kannst.<\/h5>\n<p>&nbsp;<\/p>\n<h6>&lt; <a href=\"http:\/\/gruene-schwerte.de\/index.php\/sport\/\">Sport<\/a> | <a href=\"http:\/\/gruene-schwerte.de\/index.php\/programm\/\">\u00dcbersicht<\/a> |<a href=\"http:\/\/gruene-schwerte.de\/index.php\/landwirtschaft\/\"> Landwirtschaft<\/a> &gt;<\/h6>\n","protected":false},"excerpt":{"rendered":"<p>&lt; Sport | \u00dcbersicht | Landwirtschaft &gt; &nbsp; Die Jugend in Schwerte F\u00fcr eine Stadt ist es wichtig, dass sich Jugendliche in ihr wohlf\u00fchlen und dort bleiben oder nach der [&hellip;]<\/p>\n","protected":false},"author":2,"featured_media":0,"parent":1746,"menu_order":0,"comment_status":"closed","ping_status":"closed","template":"","meta":{"ngg_post_thumbnail":0,"footnotes":""},"class_list":["post-1900","page","type-page","status-publish","hentry"],"jetpack_sharing_enabled":true,"_links":{"self":[{"href":"https:\/\/gruene-schwerte.de\/index.php\/wp-json\/wp\/v2\/pages\/1900","targetHints":{"allow":["GET"]}}],"collection":[{"href":"https:\/\/gruene-schwerte.de\/index.php\/wp-json\/wp\/v2\/pages"}],"about":[{"href":"https:\/\/gruene-schwerte.de\/index.php\/wp-json\/wp\/v2\/types\/page"}],"author":[{"embeddable":true,"href":"https:\/\/gruene-schwerte.de\/index.php\/wp-json\/wp\/v2\/users\/2"}],"replies":[{"embeddable":true,"href":"https:\/\/gruene-schwerte.de\/index.php\/wp-json\/wp\/v2\/comments?post=1900"}],"version-history":[{"count":3,"href":"https:\/\/gruene-schwerte.de\/index.php\/wp-json\/wp\/v2\/pages\/1900\/revisions"}],"predecessor-version":[{"id":1931,"href":"https:\/\/gruene-schwerte.de\/index.php\/wp-json\/wp\/v2\/pages\/1900\/revisions\/1931"}],"up":[{"embeddable":true,"href":"https:\/\/gruene-schwerte.de\/index.php\/wp-json\/wp\/v2\/pages\/1746"}],"wp:attachment":[{"href":"https:\/\/gruene-schwerte.de\/index.php\/wp-json\/wp\/v2\/media?parent=1900"}],"curies":[{"name":"wp","href":"https:\/\/api.w.org\/{rel}","templated":true}]}}