{"id":1898,"date":"2020-07-26T13:50:38","date_gmt":"2020-07-26T11:50:38","guid":{"rendered":"http:\/\/gruene-schwerte.de\/?page_id=1898"},"modified":"2021-04-16T12:31:47","modified_gmt":"2021-04-16T10:31:47","slug":"sport","status":"publish","type":"page","link":"https:\/\/gruene-schwerte.de\/index.php\/kommunalwahl-2020\/programm\/sport\/","title":{"rendered":"Sport"},"content":{"rendered":"<h6>&lt; <a href=\"http:\/\/gruene-schwerte.de\/index.php\/familie\/\">Familie<\/a> | <a href=\"http:\/\/gruene-schwerte.de\/index.php\/programm\/\">\u00dcbersicht<\/a> | <a href=\"http:\/\/gruene-schwerte.de\/index.php\/jugend\/\">Jugend<\/a> &gt;<\/h6>\n<h1>&nbsp;<\/h1>\n<h1>Der Sport in Schwerte<\/h1>\n<p>&nbsp; &nbsp;<br \/>\nDer hohe Anteil an Freiraum im Stadtgebiet und das dichte Wege- und Stra\u00dfennetz bieten gute M\u00f6glichkeiten f\u00fcr Freizeitsport in gro\u00dfer Vielfalt. Die Sportvereine sind im Stadtsportbund gut vernetzt und genie\u00dfen eine hohe \u00f6ffentliche Aufmerksamkeit. Das gilt ausdr\u00fccklich auch f\u00fcr die vielf\u00e4ltigen Beitr\u00e4ge zum sozialen Zusammenhalt in unserer Stadt.<br \/>\nDas Angebot an vereinsgebundenen Sportaktivit\u00e4ten ist sehr breit und in einigen Sportarten auch national und international ausgerichtet.<\/p>\n<p>Wir&nbsp;von B\u00fcndnis90\/Die Gr\u00fcnen&nbsp; werden uns daf\u00fcr einsetzen, dass mehr niederschwellige Angebote f\u00fcr sportliche Aktivit\u00e4ten in den Quartieren entwickelt werden. Dazu z\u00e4hlen Bolzpl\u00e4tze und frei zug\u00e4ngliche Spielfl\u00e4chen f\u00fcr Streetball.<\/p>\n<p>Das Schulschwimmen im Stadtbad ist ein wichtiger Bestandteil f\u00fcr die sportliche Entwicklung unserer Kinder. Das Schulschwimmen muss deshalb in guter Qualit\u00e4t und in ausreichendem Umfang sichergestellt bleiben.<\/p>\n<p>Bei Sportanlagen im Au\u00dfenbereich der Schulen wollen wir pr\u00fcfen, ob und wie diese au\u00dferhalb der Unterrichtszeiten genutzt werden oder zus\u00e4tzlich nutzbar gemacht werden k\u00f6nnen.<\/p>\n<p>&nbsp;<\/p>\n<h6>&lt; <a href=\"http:\/\/gruene-schwerte.de\/index.php\/familie\/\">Familie<\/a> | <a href=\"http:\/\/gruene-schwerte.de\/index.php\/programm\/\">\u00dcbersicht<\/a> | <a href=\"http:\/\/gruene-schwerte.de\/index.php\/jugend\/\">Jugend<\/a> &gt;<\/h6>\n","protected":false},"excerpt":{"rendered":"<p>&lt; Familie | \u00dcbersicht | Jugend &gt; &nbsp; Der Sport in Schwerte &nbsp; &nbsp; Der hohe Anteil an Freiraum im Stadtgebiet und das dichte Wege- und Stra\u00dfennetz bieten gute M\u00f6glichkeiten [&hellip;]<\/p>\n","protected":false},"author":2,"featured_media":0,"parent":1746,"menu_order":0,"comment_status":"closed","ping_status":"closed","template":"","meta":{"ngg_post_thumbnail":0,"footnotes":""},"class_list":["post-1898","page","type-page","status-publish","hentry"],"jetpack_sharing_enabled":true,"_links":{"self":[{"href":"https:\/\/gruene-schwerte.de\/index.php\/wp-json\/wp\/v2\/pages\/1898","targetHints":{"allow":["GET"]}}],"collection":[{"href":"https:\/\/gruene-schwerte.de\/index.php\/wp-json\/wp\/v2\/pages"}],"about":[{"href":"https:\/\/gruene-schwerte.de\/index.php\/wp-json\/wp\/v2\/types\/page"}],"author":[{"embeddable":true,"href":"https:\/\/gruene-schwerte.de\/index.php\/wp-json\/wp\/v2\/users\/2"}],"replies":[{"embeddable":true,"href":"https:\/\/gruene-schwerte.de\/index.php\/wp-json\/wp\/v2\/comments?post=1898"}],"version-history":[{"count":2,"href":"https:\/\/gruene-schwerte.de\/index.php\/wp-json\/wp\/v2\/pages\/1898\/revisions"}],"predecessor-version":[{"id":1929,"href":"https:\/\/gruene-schwerte.de\/index.php\/wp-json\/wp\/v2\/pages\/1898\/revisions\/1929"}],"up":[{"embeddable":true,"href":"https:\/\/gruene-schwerte.de\/index.php\/wp-json\/wp\/v2\/pages\/1746"}],"wp:attachment":[{"href":"https:\/\/gruene-schwerte.de\/index.php\/wp-json\/wp\/v2\/media?parent=1898"}],"curies":[{"name":"wp","href":"https:\/\/api.w.org\/{rel}","templated":true}]}}