{"id":1887,"date":"2020-07-26T13:37:39","date_gmt":"2020-07-26T11:37:39","guid":{"rendered":"http:\/\/gruene-schwerte.de\/?page_id=1887"},"modified":"2021-04-16T12:30:20","modified_gmt":"2021-04-16T10:30:20","slug":"landwirtschaft","status":"publish","type":"page","link":"https:\/\/gruene-schwerte.de\/index.php\/kommunalwahl-2020\/programm\/landwirtschaft\/","title":{"rendered":"Landwirtschaft"},"content":{"rendered":"<h6>&lt;<a href=\"http:\/\/gruene-schwerte.de\/index.php\/jugend\/\"> Jugend<\/a> | <a href=\"http:\/\/gruene-schwerte.de\/index.php\/programm\/\">\u00dcbersicht<\/a> | <a href=\"http:\/\/gruene-schwerte.de\/index.php\/aktiv-gegen-rechts\/\">Aktiv gegen Rechts<\/a>&gt;<\/h6>\n<h1>&nbsp;<\/h1>\n<h1>Gesunde Lebensmittel aus Schwerte<\/h1>\n<p>&nbsp;<\/p>\n<p>Die gegenw\u00e4rtigen Proteste der Bauern h\u00e4ngen mit einem dramatischen Ansehensverlust der Landwirtschaft zusammen, der nicht zuletzt durch die gesellschaftliche Geringsch\u00e4tzung der Lebensmittelherstellung bedingt ist. Die Erwartung gro\u00dfer Teile der Gesellschaft, die Landwirte k\u00f6nnten zugleich idyllisch naturnah und billig produzieren, ist falsch. Die Einbindung der Bauern in Weltmarktzusammenh\u00e4nge f\u00fchrt dazu, dass Umweltvorschriften als Hemmnis empfunden werden.&nbsp; Wir brauchen dagegen eine Landwirtschaft, die hochwertige regionale Lebensmittel in vorwiegend familiengef\u00fchrten Betrieben herstellt. Eine solche Landwirtschaft pflegt die Landschaft, sch\u00fctzt die Artenvielfalt in der Natur und verhilft dem Boden wieder zu seiner nat\u00fcrlichen F\u00e4higkeit, Kohlendioxid zu speichern.&nbsp;<\/p>\n<p>Es gilt, soweit es kommunal m\u00f6glich ist, ein solches Leitbild der Landwirtschaft, wie es unter anderem der deutsche Landfrauenverband entworfen hat, mit Leben zu f\u00fcllen.<br \/>\nDie Gr\u00fcnen schlagen eine Verpflichtung f\u00fcr alle \u00f6ffentlichen Kantinen vor, regionale Erzeugnisse zu bevorzugen und die Herkunft ihrer Lebensmittel offenzulegen. Davon erhoffen wir uns zugleich ein erh\u00f6htes Bewusstsein der Menschen f\u00fcr den Wert ihrer Lebensmittel.&nbsp;&nbsp;<\/p>\n<p>Grunds\u00e4tzlich kann Direktvermarktung helfen, die Beziehung zwischen Kund*innen und Bauern zu verbessern. Zur Unterst\u00fctzung direktvermarktender Betriebe kann es eine Art Agentur geben, die Hilfestellung gibt und die Betriebe bekannt macht. Diese Agentur besorgt zugleich die regionalen Lebensmittel der Kantinen. Auf Sicht kann ein Laden f\u00fcr Direktvermarktung, Unverpacktes, regionale Erzeugnisse von der Stadt durch Bereitstellung von Ladenlokalen unterst\u00fctzt werden.&nbsp;<br \/>\nZu viele landwirtschaftliche Betriebe leben von der Hand in den Mund. Ihre Fortexistenz ist nach dem Ausscheiden der gegenw\u00e4rtigen Betreiber gef\u00e4hrdet. Hier kann die Stadt mit konzertierten Aktionen dazu beitragen, die Betriebe in Schwerter H\u00e4nden zu lassen und der Landjugend eine Zukunft zu geben.&nbsp;<\/p>\n<h5>Das hast du davon:<br \/>\nGesundes Essen f\u00fcr dich und deine Kinder, damit ihr auch weiterhin gesund bleibt. Und eine Landwirtschaft in unmittelbarer Nachbarschaft, die Wiesen und \u00c4cker bestellen.<\/h5>\n<p>&nbsp;<\/p>\n<h6>&lt;<a href=\"http:\/\/gruene-schwerte.de\/index.php\/jugend\/\"> Jugend<\/a> | <a href=\"http:\/\/gruene-schwerte.de\/index.php\/programm\/\">\u00dcbersicht<\/a> | <a href=\"http:\/\/gruene-schwerte.de\/index.php\/aktiv-gegen-rechts\/\">Aktiv gegen Rechts<\/a>&gt;<\/h6>\n","protected":false},"excerpt":{"rendered":"<p>&lt; Jugend | \u00dcbersicht | Aktiv gegen Rechts&gt; &nbsp; Gesunde Lebensmittel aus Schwerte &nbsp; Die gegenw\u00e4rtigen Proteste der Bauern h\u00e4ngen mit einem dramatischen Ansehensverlust der Landwirtschaft zusammen, der nicht zuletzt [&hellip;]<\/p>\n","protected":false},"author":2,"featured_media":0,"parent":1746,"menu_order":0,"comment_status":"closed","ping_status":"closed","template":"","meta":{"ngg_post_thumbnail":0,"footnotes":""},"class_list":["post-1887","page","type-page","status-publish","hentry"],"jetpack_sharing_enabled":true,"_links":{"self":[{"href":"https:\/\/gruene-schwerte.de\/index.php\/wp-json\/wp\/v2\/pages\/1887","targetHints":{"allow":["GET"]}}],"collection":[{"href":"https:\/\/gruene-schwerte.de\/index.php\/wp-json\/wp\/v2\/pages"}],"about":[{"href":"https:\/\/gruene-schwerte.de\/index.php\/wp-json\/wp\/v2\/types\/page"}],"author":[{"embeddable":true,"href":"https:\/\/gruene-schwerte.de\/index.php\/wp-json\/wp\/v2\/users\/2"}],"replies":[{"embeddable":true,"href":"https:\/\/gruene-schwerte.de\/index.php\/wp-json\/wp\/v2\/comments?post=1887"}],"version-history":[{"count":3,"href":"https:\/\/gruene-schwerte.de\/index.php\/wp-json\/wp\/v2\/pages\/1887\/revisions"}],"predecessor-version":[{"id":1933,"href":"https:\/\/gruene-schwerte.de\/index.php\/wp-json\/wp\/v2\/pages\/1887\/revisions\/1933"}],"up":[{"embeddable":true,"href":"https:\/\/gruene-schwerte.de\/index.php\/wp-json\/wp\/v2\/pages\/1746"}],"wp:attachment":[{"href":"https:\/\/gruene-schwerte.de\/index.php\/wp-json\/wp\/v2\/media?parent=1887"}],"curies":[{"name":"wp","href":"https:\/\/api.w.org\/{rel}","templated":true}]}}