{"id":1683,"date":"2020-07-16T22:00:47","date_gmt":"2020-07-16T20:00:47","guid":{"rendered":"http:\/\/gruene-schwerte.de\/?page_id=1683"},"modified":"2023-04-03T17:31:26","modified_gmt":"2023-04-03T15:31:26","slug":"natalie-kirsch","status":"publish","type":"page","link":"https:\/\/gruene-schwerte.de\/index.php\/ratsfraktion\/unser-team-im-rat\/natalie-kirsch\/","title":{"rendered":"Natalie Kirsch"},"content":{"rendered":"\n<figure class=\"wp-block-image aligncenter\"><img loading=\"lazy\" decoding=\"async\" width=\"400\" height=\"267\" src=\"http:\/\/gruene-schwerte.de\/wp-content\/uploads\/2020\/07\/Natatlie_Plakat_2020-0125-400x267.jpg\" alt=\"\" class=\"wp-image-1684\" srcset=\"https:\/\/gruene-schwerte.de\/wp-content\/uploads\/2020\/07\/Natatlie_Plakat_2020-0125-400x267.jpg 400w, https:\/\/gruene-schwerte.de\/wp-content\/uploads\/2020\/07\/Natatlie_Plakat_2020-0125-800x533.jpg 800w, https:\/\/gruene-schwerte.de\/wp-content\/uploads\/2020\/07\/Natatlie_Plakat_2020-0125-768x512.jpg 768w, https:\/\/gruene-schwerte.de\/wp-content\/uploads\/2020\/07\/Natatlie_Plakat_2020-0125-1536x1024.jpg 1536w, https:\/\/gruene-schwerte.de\/wp-content\/uploads\/2020\/07\/Natatlie_Plakat_2020-0125-2048x1365.jpg 2048w, https:\/\/gruene-schwerte.de\/wp-content\/uploads\/2020\/07\/Natatlie_Plakat_2020-0125-150x100.jpg 150w\" sizes=\"auto, (max-width: 400px) 100vw, 400px\" \/><\/figure>\n\n\n\n<p><\/p>\n\n\n\n<h4 class=\"wp-block-heading\">\u00dcber mich:<\/h4>\n\n\n\n<ul class=\"wp-block-list\">\n<li>Jahrgang 1979, verheiratet, 2 Kinder<\/li>\n\n\n\n<li>Stadtplanerin, lange Zeit in der Stadterneuerung t\u00e4tig<\/li>\n\n\n\n<li>aufgewachsen im M\u00fcnsterland, seit 2015 Wahlschwerterin<br><\/li>\n<\/ul>\n\n\n\n<p><\/p>\n\n\n\n<h4 class=\"wp-block-heading\">Was ich f\u00fcr Schwerte erreichen m\u00f6chte:<\/h4>\n\n\n\n<p>Ich f\u00fchle mich in Schwerte fest verwurzelt. Durch meinen Beruf als Stadtplanerin und Projektentwicklerin nehme ich h\u00e4ufig unterschiedliche Blickwinkel der Stadtgesellschaft ein und erhalte entsprechend viele Einblicke in diverse Themen der Stadtentwicklung. Dies bezieht sich nicht nur auf planerische\/technische Themen, sondern auch auf Themen wie Umwelt und Klimaschutz, soziale Themen, Integration, Bildung und nat\u00fcrlich auch Kinder und Jugendliche.<\/p>\n\n\n\n<p>Meine wichtigsten Ziele:<\/p>\n\n\n\n<ul class=\"wp-block-list\">\n<li>Klimaneutrales Schwerte<\/li>\n\n\n\n<li>Stadtplanung muss den Menschen in den Mittelpunkt stellen, nicht das Auto<\/li>\n\n\n\n<li>Mehr Gr\u00fcn f\u00fcr Schwertes Innenstadt. Keine Bebauung von Gr\u00fcnfl\u00e4chen.<\/li>\n\n\n\n<li>Mehr Raum f\u00fcr Jugendliche<\/li>\n\n\n\n<li>Lebendige Kultur in Schwerte f\u00f6rdern<\/li>\n\n\n\n<li>Ein Schwerte f\u00fcr alle \u2013 bunt und tolerant<\/li>\n\n\n\n<li>B\u00fcrger*innen besser informieren und mitbestimmen lassen.<\/li>\n<\/ul>\n\n\n\n<p><\/p>\n\n\n\n<h4 class=\"wp-block-heading\">Aussch\u00fcssen und Gremien, in denen ich mitarbeite:<\/h4>\n\n\n\n<ul class=\"wp-block-list\">\n<li>Haupt-, Personal- und Gleichstellungsausschuss<\/li>\n\n\n\n<li>Ausschuss f\u00fcr Planen, Bauen, Wohnen<\/li>\n\n\n\n<li>Ausschuss f\u00fcr B\u00fcrgeranregungen und B\u00fcrgerbeschwerden<\/li>\n\n\n\n<li>Schulausschuss<\/li>\n\n\n\n<li>Sozialausschuss<\/li>\n\n\n\n<li>Mitmach-Stadt<\/li>\n\n\n\n<li>Gesellschafterversammlung TWS<\/li>\n<\/ul>\n\n\n\n<h4 class=\"wp-block-heading\">Kontakt:<\/h4>\n\n\n\n<p><a href=\"http:\/\/gruene-schwerte.de\/index.php\/ratsfraktion\/unser-team-im-rat\/natalie-kirsch\/\">natalie.kirsch@gruene-schwerte.de<\/a><br>Instagram:&nbsp;<a href=\"https:\/\/www.instagram.com\/gruenekirsche\/\">gruenekirsche<\/a><\/p>\n\n\n\n<h4 class=\"wp-block-heading\">&nbsp;<\/h4>\n","protected":false},"excerpt":{"rendered":"<p>\u00dcber mich: Was ich f\u00fcr Schwerte erreichen m\u00f6chte: Ich f\u00fchle mich in Schwerte fest verwurzelt. Durch meinen Beruf als Stadtplanerin und Projektentwicklerin nehme ich h\u00e4ufig unterschiedliche Blickwinkel der Stadtgesellschaft ein [&hellip;]<\/p>\n","protected":false},"author":2,"featured_media":0,"parent":2885,"menu_order":0,"comment_status":"closed","ping_status":"closed","template":"","meta":{"ngg_post_thumbnail":0,"footnotes":""},"class_list":["post-1683","page","type-page","status-publish","hentry"],"jetpack_sharing_enabled":true,"_links":{"self":[{"href":"https:\/\/gruene-schwerte.de\/index.php\/wp-json\/wp\/v2\/pages\/1683","targetHints":{"allow":["GET"]}}],"collection":[{"href":"https:\/\/gruene-schwerte.de\/index.php\/wp-json\/wp\/v2\/pages"}],"about":[{"href":"https:\/\/gruene-schwerte.de\/index.php\/wp-json\/wp\/v2\/types\/page"}],"author":[{"embeddable":true,"href":"https:\/\/gruene-schwerte.de\/index.php\/wp-json\/wp\/v2\/users\/2"}],"replies":[{"embeddable":true,"href":"https:\/\/gruene-schwerte.de\/index.php\/wp-json\/wp\/v2\/comments?post=1683"}],"version-history":[{"count":13,"href":"https:\/\/gruene-schwerte.de\/index.php\/wp-json\/wp\/v2\/pages\/1683\/revisions"}],"predecessor-version":[{"id":7421,"href":"https:\/\/gruene-schwerte.de\/index.php\/wp-json\/wp\/v2\/pages\/1683\/revisions\/7421"}],"up":[{"embeddable":true,"href":"https:\/\/gruene-schwerte.de\/index.php\/wp-json\/wp\/v2\/pages\/2885"}],"wp:attachment":[{"href":"https:\/\/gruene-schwerte.de\/index.php\/wp-json\/wp\/v2\/media?parent=1683"}],"curies":[{"name":"wp","href":"https:\/\/api.w.org\/{rel}","templated":true}]}}