{"id":1646,"date":"2020-07-11T16:00:02","date_gmt":"2020-07-11T14:00:02","guid":{"rendered":"http:\/\/gruene-schwerte.de\/?page_id=1646"},"modified":"2023-04-03T17:07:41","modified_gmt":"2023-04-03T15:07:41","slug":"marco-sorg","status":"publish","type":"page","link":"https:\/\/gruene-schwerte.de\/index.php\/ratsfraktion\/unser-team-im-rat\/marco-sorg\/","title":{"rendered":"Marco Sorg"},"content":{"rendered":"<p><img loading=\"lazy\" decoding=\"async\" class=\"aligncenter wp-image-1647\" src=\"http:\/\/gruene-schwerte.de\/wp-content\/uploads\/2020\/07\/Marco_Plakat_2020-1190-400x267.jpg\" alt=\"\" width=\"800\" height=\"533\" srcset=\"https:\/\/gruene-schwerte.de\/wp-content\/uploads\/2020\/07\/Marco_Plakat_2020-1190-400x267.jpg 400w, https:\/\/gruene-schwerte.de\/wp-content\/uploads\/2020\/07\/Marco_Plakat_2020-1190-800x533.jpg 800w, https:\/\/gruene-schwerte.de\/wp-content\/uploads\/2020\/07\/Marco_Plakat_2020-1190-768x512.jpg 768w, https:\/\/gruene-schwerte.de\/wp-content\/uploads\/2020\/07\/Marco_Plakat_2020-1190-1536x1024.jpg 1536w, https:\/\/gruene-schwerte.de\/wp-content\/uploads\/2020\/07\/Marco_Plakat_2020-1190-2048x1365.jpg 2048w, https:\/\/gruene-schwerte.de\/wp-content\/uploads\/2020\/07\/Marco_Plakat_2020-1190-150x100.jpg 150w\" sizes=\"auto, (max-width: 800px) 100vw, 800px\" \/><\/p>\n<h4>\u00a0<\/h4>\n<h4>\u00a0<\/h4>\n<h4>\u00dcber mich:<\/h4>\n<ul>\n<li>Jahrgang 1967, verheiratet, 3 Kinder<\/li>\n<li>Pfarrer, Supervisor und Dozent in Haus Villigst<\/li>\n<li>seit 1998 lebe ich in Schwerte, davor in verschiedenen St\u00e4dten und L\u00e4ndern<\/li>\n<li>Womit ich mich gern fortbewege: Fahrrad, Joggen, Kanu<\/li>\n<li>Was ich an Schwerte sch\u00e4tze: das dichte Netz von menschlichen Beziehungen, kurze Wege, sch\u00f6ne Orte (St. Viktor-Kirche, Ruhr-Auen)<\/li>\n<\/ul>\n<h4>Was ich f\u00fcr Schwerte erreichen m\u00f6chte:<\/h4>\n<p>Mir liegt eine lebenswerte Gestaltung der innerst\u00e4dtischen Mobilit\u00e4t am Herzen. <br \/><strong>F\u00fcr die Innenstadt:<\/strong> Vorrang f\u00fcr Fu\u00dfg\u00e4nger*innen und Radverkehr, Autoverkehr reduzieren und zugleich Erreichbarkeit belassen. <br \/><strong>F\u00fcr die Bezirke:<\/strong> Durchgangsverkehr vermeiden, \u00f6ffentlichen Nahverkehr und Radwegenetz verbessern.<br \/><strong>F\u00fcr die B 236<\/strong>: stadtfreundliche Gestaltung, die Raum f\u00fcr \u201eschw\u00e4chere\u201c Verkehrsteilnehmer*innen einplant.<\/p>\n<p>Ich trete f\u00fcr eine Stadt ein, die die Vielfalt ihrer B\u00fcrger*innen sch\u00e4tzt, die attraktiv f\u00fcr Familien, Jugendliche und \u00c4ltere ist, die gefl\u00fcchtete Menschen unterst\u00fctzt und die den sozialen Zusammenhalt f\u00f6rdert.<br \/>F\u00fcr diese Ziele arbeiten wir Gr\u00fcnen gerne mit den anderen Parteien und unserem B\u00fcrgermeister zusammen.<\/p>\n<p>\u00a0<\/p>\n<h4>Wof\u00fcr wir Gr\u00fcnen uns in Schwerte einsetzen:<\/h4>\n<ul>\n<li>Schulen st\u00e4rken: zukunftsf\u00e4hige Ausstattung, familienfreundliche Betreuungsangebote<\/li>\n<li>Kultur f\u00f6rdern: Theater, Kunst, Bildung tragf\u00e4hig finanzieren<\/li>\n<li>Jugendlichen Raum geben: feiern, chillen, leben<\/li>\n<li>Barrieren abbauen: auch mit Einschr\u00e4nkungen teilhaben k\u00f6nnen<\/li>\n<li>Stadtbild entwickeln: Orte zum Verweilen und Begegnen gestalten<\/li>\n<li>Naturr\u00e4ume bewahren: W\u00e4lder und Ruhrauen sch\u00fctzen, Innenstadt begr\u00fcnen<\/li>\n<li>Klimaneutralit\u00e4t ansteuern: CO2-Ausstoss verringern, erneuerbare Energien nutzen und erzeugen<\/li>\n<li>Wirtschaftliche Rahmenbedingungen verbessern: digitale Infrastruktur ausbauen, nachhaltig haushalten, Arbeitssuchende unterst\u00fctzen<\/li>\n<\/ul>\n<h4>Aussch\u00fcsse, in denen ich mitarbeite:<\/h4>\n\n\n<ul class=\"wp-block-list\">\n<li>Umwelt, Klima, Mobilit\u00e4t<\/li>\n\n\n\n<li>Integrationsrat<\/li>\n\n\n\n<li>Schulausschuss<\/li>\n\n\n\n<li>Wahlausschuss<\/li>\n\n\n\n<li>Rechnungspr\u00fcfungsausschuss<\/li>\n\n\n\n<li>Haupt-, Personal- u. Gleichstellungsausschuss<\/li>\n\n\n\n<li>Planen, Bauen, Wohnen<\/li>\n\n\n\n<li>St\u00e4dte- u. Gemeindebund NRW<\/li>\n\n\n\n<li>Verwaltungsrat Abwasserbetrieb Schwerte<\/li>\n\n\n\n<li>Hauptausschuss Landesintegrationsrat NRW<\/li>\n<\/ul>\n\n\n\n<p><\/p>\n\n\n\n<p><\/p>\n\n\n<h4>Kontakt:<\/h4>\n<p><a href=\"#\" data-unscramble=\"ed.etrewhcs-eneurg@gros.ocram\">marco.sorg@gruene-schwerte.de<\/a><br>\nTel. 02304 219426<\/p>","protected":false},"excerpt":{"rendered":"<p>\u00a0 \u00a0 \u00dcber mich: Jahrgang 1967, verheiratet, 3 Kinder Pfarrer, Supervisor und Dozent in Haus Villigst seit 1998 lebe ich in Schwerte, davor in verschiedenen St\u00e4dten und L\u00e4ndern Womit ich [&hellip;]<\/p>\n","protected":false},"author":2,"featured_media":0,"parent":2885,"menu_order":0,"comment_status":"closed","ping_status":"closed","template":"","meta":{"ngg_post_thumbnail":0,"footnotes":""},"class_list":["post-1646","page","type-page","status-publish","hentry"],"jetpack_sharing_enabled":true,"_links":{"self":[{"href":"https:\/\/gruene-schwerte.de\/index.php\/wp-json\/wp\/v2\/pages\/1646","targetHints":{"allow":["GET"]}}],"collection":[{"href":"https:\/\/gruene-schwerte.de\/index.php\/wp-json\/wp\/v2\/pages"}],"about":[{"href":"https:\/\/gruene-schwerte.de\/index.php\/wp-json\/wp\/v2\/types\/page"}],"author":[{"embeddable":true,"href":"https:\/\/gruene-schwerte.de\/index.php\/wp-json\/wp\/v2\/users\/2"}],"replies":[{"embeddable":true,"href":"https:\/\/gruene-schwerte.de\/index.php\/wp-json\/wp\/v2\/comments?post=1646"}],"version-history":[{"count":12,"href":"https:\/\/gruene-schwerte.de\/index.php\/wp-json\/wp\/v2\/pages\/1646\/revisions"}],"predecessor-version":[{"id":7405,"href":"https:\/\/gruene-schwerte.de\/index.php\/wp-json\/wp\/v2\/pages\/1646\/revisions\/7405"}],"up":[{"embeddable":true,"href":"https:\/\/gruene-schwerte.de\/index.php\/wp-json\/wp\/v2\/pages\/2885"}],"wp:attachment":[{"href":"https:\/\/gruene-schwerte.de\/index.php\/wp-json\/wp\/v2\/media?parent=1646"}],"curies":[{"name":"wp","href":"https:\/\/api.w.org\/{rel}","templated":true}]}}