{"id":12450,"date":"2025-07-02T12:42:15","date_gmt":"2025-07-02T10:42:15","guid":{"rendered":"https:\/\/gruene-schwerte.de\/?page_id=12450"},"modified":"2025-07-09T22:23:16","modified_gmt":"2025-07-09T20:23:16","slug":"ulrich-halbach","status":"publish","type":"page","link":"https:\/\/gruene-schwerte.de\/index.php\/ulrich-halbach\/","title":{"rendered":"Ulrich Halbach"},"content":{"rendered":"\n<div class=\"wp-block-media-text is-stacked-on-mobile\" style=\"grid-template-columns:42% auto\"><figure class=\"wp-block-media-text__media\"><img loading=\"lazy\" decoding=\"async\" width=\"800\" height=\"1000\" src=\"http:\/\/gruene-schwerte.de\/wp-content\/uploads\/2025\/07\/21_Ulrich-Halbach-800x1000.jpg\" alt=\"\" class=\"wp-image-12519 size-full\" srcset=\"https:\/\/gruene-schwerte.de\/wp-content\/uploads\/2025\/07\/21_Ulrich-Halbach-800x1000.jpg 800w, https:\/\/gruene-schwerte.de\/wp-content\/uploads\/2025\/07\/21_Ulrich-Halbach-400x500.jpg 400w, https:\/\/gruene-schwerte.de\/wp-content\/uploads\/2025\/07\/21_Ulrich-Halbach-768x960.jpg 768w, https:\/\/gruene-schwerte.de\/wp-content\/uploads\/2025\/07\/21_Ulrich-Halbach.jpg 1080w\" sizes=\"auto, (max-width: 800px) 100vw, 800px\" \/><\/figure><div class=\"wp-block-media-text__content\">\n<ul class=\"wp-block-list\">\n<li>81 Jahre, 6 Kinder und entsprechend viele Enkel<\/li>\n\n\n\n<li>44 Jahre selbst\u00e4ndiger Unternehmer, \u00fcber 50 Jahre in Villigst wohnhaft<\/li>\n\n\n\n<li>Studium Betriebswirtschaftslehre (Dipl.- Kaufmann)<\/li>\n\n\n\n<li>Im Schwerter Stadtrat: Vorsitzender des Rechnungspr\u00fcfungsausschusses und stellv. Vorsitzender des Ausschusses f\u00fcr Wirtschaft, Finanzen, Sicherheit und Ordnung<\/li>\n\n\n\n<li>Vorsitzender des F\u00f6rdervereins St. Viktor e.V.<\/li>\n<\/ul>\n\n\n\n<h3 class=\"wp-block-heading\">Mein Motto: Wer an die Zukunft seiner Enkel denkt, sollte GR\u00dcN w\u00e4hlen.<\/h3>\n<\/div><\/div>\n\n\n\n<div style=\"height:12px\" aria-hidden=\"true\" class=\"wp-block-spacer\"><\/div>\n\n\n\n<ul class=\"wp-block-social-links is-layout-flex wp-block-social-links-is-layout-flex\"><li class=\"wp-social-link wp-social-link-instagram  wp-block-social-link\"><a href=\"https:\/\/www.instagram.com\/ulrichhalbach\/\" class=\"wp-block-social-link-anchor\"><svg width=\"24\" height=\"24\" viewBox=\"0 0 24 24\" version=\"1.1\" xmlns=\"http:\/\/www.w3.org\/2000\/svg\" aria-hidden=\"true\" focusable=\"false\"><path d=\"M12,4.622c2.403,0,2.688,0.009,3.637,0.052c0.877,0.04,1.354,0.187,1.671,0.31c0.42,0.163,0.72,0.358,1.035,0.673 c0.315,0.315,0.51,0.615,0.673,1.035c0.123,0.317,0.27,0.794,0.31,1.671c0.043,0.949,0.052,1.234,0.052,3.637 s-0.009,2.688-0.052,3.637c-0.04,0.877-0.187,1.354-0.31,1.671c-0.163,0.42-0.358,0.72-0.673,1.035 c-0.315,0.315-0.615,0.51-1.035,0.673c-0.317,0.123-0.794,0.27-1.671,0.31c-0.949,0.043-1.233,0.052-3.637,0.052 s-2.688-0.009-3.637-0.052c-0.877-0.04-1.354-0.187-1.671-0.31c-0.42-0.163-0.72-0.358-1.035-0.673 c-0.315-0.315-0.51-0.615-0.673-1.035c-0.123-0.317-0.27-0.794-0.31-1.671C4.631,14.688,4.622,14.403,4.622,12 s0.009-2.688,0.052-3.637c0.04-0.877,0.187-1.354,0.31-1.671c0.163-0.42,0.358-0.72,0.673-1.035 c0.315-0.315,0.615-0.51,1.035-0.673c0.317-0.123,0.794-0.27,1.671-0.31C9.312,4.631,9.597,4.622,12,4.622 M12,3 C9.556,3,9.249,3.01,8.289,3.054C7.331,3.098,6.677,3.25,6.105,3.472C5.513,3.702,5.011,4.01,4.511,4.511 c-0.5,0.5-0.808,1.002-1.038,1.594C3.25,6.677,3.098,7.331,3.054,8.289C3.01,9.249,3,9.556,3,12c0,2.444,0.01,2.751,0.054,3.711 c0.044,0.958,0.196,1.612,0.418,2.185c0.23,0.592,0.538,1.094,1.038,1.594c0.5,0.5,1.002,0.808,1.594,1.038 c0.572,0.222,1.227,0.375,2.185,0.418C9.249,20.99,9.556,21,12,21s2.751-0.01,3.711-0.054c0.958-0.044,1.612-0.196,2.185-0.418 c0.592-0.23,1.094-0.538,1.594-1.038c0.5-0.5,0.808-1.002,1.038-1.594c0.222-0.572,0.375-1.227,0.418-2.185 C20.99,14.751,21,14.444,21,12s-0.01-2.751-0.054-3.711c-0.044-0.958-0.196-1.612-0.418-2.185c-0.23-0.592-0.538-1.094-1.038-1.594 c-0.5-0.5-1.002-0.808-1.594-1.038c-0.572-0.222-1.227-0.375-2.185-0.418C14.751,3.01,14.444,3,12,3L12,3z M12,7.378 c-2.552,0-4.622,2.069-4.622,4.622S9.448,16.622,12,16.622s4.622-2.069,4.622-4.622S14.552,7.378,12,7.378z M12,15 c-1.657,0-3-1.343-3-3s1.343-3,3-3s3,1.343,3,3S13.657,15,12,15z M16.804,6.116c-0.596,0-1.08,0.484-1.08,1.08 s0.484,1.08,1.08,1.08c0.596,0,1.08-0.484,1.08-1.08S17.401,6.116,16.804,6.116z\"><\/path><\/svg><span class=\"wp-block-social-link-label screen-reader-text\">Instagram<\/span><\/a><\/li>\n\n<li class=\"wp-social-link wp-social-link-mail  wp-block-social-link\"><a href=\"#\" data-unscramble=\";101#&d;640#&;101#&;611#&re;911#&h;990#&s-eneurg;460#&hc;790#&;890#&;801#&ah;640#&;401#&;990#&;501#&r;801#&;711#&\" class=\"wp-block-social-link-anchor\"><svg width=\"24\" height=\"24\" viewBox=\"0 0 24 24\" version=\"1.1\" xmlns=\"http:\/\/www.w3.org\/2000\/svg\" aria-hidden=\"true\" focusable=\"false\"><path d=\"M19,5H5c-1.1,0-2,.9-2,2v10c0,1.1.9,2,2,2h14c1.1,0,2-.9,2-2V7c0-1.1-.9-2-2-2zm.5,12c0,.3-.2.5-.5.5H5c-.3,0-.5-.2-.5-.5V9.8l7.5,5.6,7.5-5.6V17zm0-9.1L12,13.6,4.5,7.9V7c0-.3.2-.5.5-.5h14c.3,0,.5.2.5.5v.9z\"><\/path><\/svg><span class=\"wp-block-social-link-label screen-reader-text\">E-Mail<\/span><\/a><\/li><\/ul>\n\n\n\n<div style=\"height:31px\" aria-hidden=\"true\" class=\"wp-block-spacer\"><\/div>\n\n\n\n<h1 class=\"wp-block-heading\">Meine Herzensthemen auf einen Blick: <\/h1>\n\n\n\n<div style=\"height:16px\" aria-hidden=\"true\" class=\"wp-block-spacer\"><\/div>\n\n\n\n<div class=\"wp-block-group is-layout-constrained wp-block-group-is-layout-constrained\">\n<h3 class=\"wp-block-heading has-text-color has-link-color has-gruenetype-font-family wp-elements-5f226f91089fc9a5b4ab807ccf22c746\" style=\"color:#2b8554\">Eine gerechte, klimafreundliche und weltoffene Gesellschaft.<\/h3>\n\n\n\n<p>Liebe Villigster B\u00fcrgerinnen und B\u00fcrger,<\/p>\n\n\n\n<p>als Unternehmer mit \u00fcber 44 Jahren Erfahrung im Villigster Gewerbegebiet engagiere ich mich bei den Gr\u00fcnen, weil Klimaschutz f\u00fcr unsere Zukunft h\u00f6chste Priorit\u00e4t hat. Der Klimawandel erfordert entschlossenes Handeln \u2013 lokal wie global. Auch die Aufnahme und Integration von Gefl\u00fcchteten in unsere Gesellschaft bewegt mich.&nbsp;<\/p>\n\n\n\n<p>Unser relativ wohlhabendes Land k\u00f6nnte deutlich mehr tun, um diesen Menschen ein menschenw\u00fcrdiges Leben zu erm\u00f6glichen. Besonders wichtig ist mir zudem, dass wir rechtsextremen Tendenzen entschieden entge-gentreten. Der Mahnruf \u201eNie wieder!\u201c muss dazu f\u00fchren, dass immer mehr Menschen sich der Gefahr des Rechtsextremismus bewusst werden.<\/p>\n<\/div>\n\n\n\n<div style=\"height:16px\" aria-hidden=\"true\" class=\"wp-block-spacer\"><\/div>\n\n\n\n<div class=\"wp-block-group is-layout-constrained wp-block-group-is-layout-constrained\">\n<h3 class=\"wp-block-heading has-text-color has-link-color has-gruenetype-font-family wp-elements-3f3f809d0ee4e21a641e5cb2fd5766e3\" style=\"color:#2b8554\">Mehr Demokratie durch Transparenz und Beteiligung.<\/h3>\n\n\n\n<p>Demokratie erleben die Menschen am ehesten in der Kommune. Um das Vertrauen in unsere Demokratie zu st\u00e4rken, sollten m\u00f6glichst viele B\u00fcrger die Entscheidungs-prozesse in unserer Stadt mitverfolgen und daran teilhaben k\u00f6nnen. Daf\u00fcr will ich Ratssitzungen streamen, sodass alle sie live verfolgen k\u00f6nnen.&nbsp;<\/p>\n\n\n\n<p>Au\u00dferdem setze ich mich daf\u00fcr ein, dass in Schwerte ein B\u00fcrger*innenrat eingerichtet wird, in dem parteiunabh\u00e4ngige Menschen ihre Meinungen austauschen und Empfehlungen f\u00fcr die politischen Gremien erarbeiten k\u00f6nnen.<\/p>\n<\/div>\n\n\n\n<div style=\"height:16px\" aria-hidden=\"true\" class=\"wp-block-spacer\"><\/div>\n\n\n\n<div class=\"wp-block-group is-layout-constrained wp-block-group-is-layout-constrained\">\n<h3 class=\"wp-block-heading has-text-color has-link-color has-gruenetype-font-family wp-elements-878b123b6d64bdda5a9540fa08521f1f\" style=\"color:#2b8554\">Villigsts Zukunft aktiv gestalten \u2013 als Ihre Stimme vor Ort.<\/h3>\n\n\n\n<p>Villigst ist meine Heimat seit \u00fcber 50 Jahren. Ich engagiere mich hier seit langem: f\u00fcr das Elsebad, das B\u00fcrgerhaus und fr\u00fcher als Mitorganisator des \u201eVilligster Treffs\u201c.&nbsp;<\/p>\n\n\n\n<p>Seit meinem Ausscheiden aus unserem Familienunternehmen nutze ich meine freie Zeit, um mich noch st\u00e4rker f\u00fcr Villigst einzusetzen, sowohl im Schwerter Stadtrat als auch vor Ort.&nbsp;Ein k\u00fcrzlicher Erfolg: dank meiner Initiative wird die Stra\u00dfe \u201eAm Winkelst\u00fcck\u201c 2026 saniert, ohne Kosten f\u00fcr Anwohner*innen zu erzeugen.<\/p>\n\n\n\n<p>Sprechen Sie mich gerne direkt an, wenn Sie ein Anliegen haben, das ich in den st\u00e4dtischen Gremien vertreten soll.<\/p>\n\n\n\n<div style=\"height:16px\" aria-hidden=\"true\" class=\"wp-block-spacer\"><\/div>\n<\/div>\n\n\n\n<div class=\"wp-block-group is-layout-constrained wp-block-group-is-layout-constrained\">\n<h3 class=\"wp-block-heading has-text-color has-link-color has-gruenetype-font-family wp-elements-91bf6026ec2ab5ac94f027b8a64048b4\" style=\"color:#2b8554\">Im Schwerter Stadtrat m\u00f6chte ich mich besonders hierf\u00fcr einsetzen:<\/h3>\n\n\n\n<ul class=\"wp-block-list\">\n<li>F\u00fcr ein klimaneutrales Schwerte mit Schutz von Wald, Ruhrauen und Elsetal<\/li>\n\n\n\n<li>F\u00fcr eine Stadtplanung, die den Menschen in den Mittelpunkt stellt, nicht das Auto<\/li>\n\n\n\n<li>F\u00fcr Kitas und Schulen sowie attraktive Angebote f\u00fcr Kinder und Jugendliche<\/li>\n\n\n\n<li>F\u00fcr kulturelle Vielfalt und ein lebendiges Stadtleben<\/li>\n\n\n\n<li>F\u00fcr eine moderne Stadtverwaltung mit mehr digitalem B\u00fcrgerservice<\/li>\n\n\n\n<li>F\u00fcr bessere Information und Mitbestimmung&nbsp; der B\u00fcrger bei demokratischen Entscheidungsprozessen.<\/li>\n\n\n\n<li>F\u00fcr eine Haushaltspolitik, die der nachfolgenden Generation nicht unl\u00f6sbare Finanzprobleme hinterl\u00e4sst.<\/li>\n<\/ul>\n<\/div>\n\n\n\n<p><\/p>\n","protected":false},"excerpt":{"rendered":"<p>Meine Herzensthemen auf einen Blick: Eine gerechte, klimafreundliche und weltoffene Gesellschaft. Liebe Villigster B\u00fcrgerinnen und B\u00fcrger, als Unternehmer mit \u00fcber 44 Jahren Erfahrung im Villigster Gewerbegebiet engagiere ich mich bei [&hellip;]<\/p>\n","protected":false},"author":12,"featured_media":0,"parent":0,"menu_order":0,"comment_status":"closed","ping_status":"closed","template":"","meta":{"ngg_post_thumbnail":0,"footnotes":""},"class_list":["post-12450","page","type-page","status-publish","hentry"],"jetpack_sharing_enabled":true,"_links":{"self":[{"href":"https:\/\/gruene-schwerte.de\/index.php\/wp-json\/wp\/v2\/pages\/12450","targetHints":{"allow":["GET"]}}],"collection":[{"href":"https:\/\/gruene-schwerte.de\/index.php\/wp-json\/wp\/v2\/pages"}],"about":[{"href":"https:\/\/gruene-schwerte.de\/index.php\/wp-json\/wp\/v2\/types\/page"}],"author":[{"embeddable":true,"href":"https:\/\/gruene-schwerte.de\/index.php\/wp-json\/wp\/v2\/users\/12"}],"replies":[{"embeddable":true,"href":"https:\/\/gruene-schwerte.de\/index.php\/wp-json\/wp\/v2\/comments?post=12450"}],"version-history":[{"count":3,"href":"https:\/\/gruene-schwerte.de\/index.php\/wp-json\/wp\/v2\/pages\/12450\/revisions"}],"predecessor-version":[{"id":12553,"href":"https:\/\/gruene-schwerte.de\/index.php\/wp-json\/wp\/v2\/pages\/12450\/revisions\/12553"}],"wp:attachment":[{"href":"https:\/\/gruene-schwerte.de\/index.php\/wp-json\/wp\/v2\/media?parent=12450"}],"curies":[{"name":"wp","href":"https:\/\/api.w.org\/{rel}","templated":true}]}}