{"id":12440,"date":"2025-07-02T12:44:19","date_gmt":"2025-07-02T10:44:19","guid":{"rendered":"https:\/\/gruene-schwerte.de\/?page_id=12440"},"modified":"2025-07-09T22:20:36","modified_gmt":"2025-07-09T20:20:36","slug":"rainer-bremshey","status":"publish","type":"page","link":"https:\/\/gruene-schwerte.de\/index.php\/rainer-bremshey\/","title":{"rendered":"Rainer Bremshey"},"content":{"rendered":"\n<div class=\"wp-block-media-text is-stacked-on-mobile\" style=\"grid-template-columns:48% auto\"><figure class=\"wp-block-media-text__media\"><img loading=\"lazy\" decoding=\"async\" width=\"800\" height=\"1000\" src=\"http:\/\/gruene-schwerte.de\/wp-content\/uploads\/2025\/07\/16_Rainer-Bremshey-800x1000.jpg\" alt=\"\" class=\"wp-image-12514 size-full\" srcset=\"https:\/\/gruene-schwerte.de\/wp-content\/uploads\/2025\/07\/16_Rainer-Bremshey-800x1000.jpg 800w, https:\/\/gruene-schwerte.de\/wp-content\/uploads\/2025\/07\/16_Rainer-Bremshey-400x500.jpg 400w, https:\/\/gruene-schwerte.de\/wp-content\/uploads\/2025\/07\/16_Rainer-Bremshey-768x960.jpg 768w, https:\/\/gruene-schwerte.de\/wp-content\/uploads\/2025\/07\/16_Rainer-Bremshey.jpg 1080w\" sizes=\"auto, (max-width: 800px) 100vw, 800px\" \/><\/figure><div class=\"wp-block-media-text__content\">\n<ul class=\"wp-block-list\">\n<li>67 Jahre alt und wurde in Schwerte geboren. Aufgewachsen auf der Schwerter Heide, ein \u201eUr-Schwerter Junge\u201c.<\/li>\n\n\n\n<li>Fachabitur und Berufsausbildung zum Energieger\u00e4teelektroniker am Theodor-Reuter-Berufskolleg in Iserlohn.<\/li>\n\n\n\n<li>Bis zu meiner Rente war ich Lieferanten-entwickler bei der Risse+Wilke Kaltband GmbH.<\/li>\n\n\n\n<li>Mein Hobby ist das Theaterspielen im Theater am Fluss in Schwerte.<\/li>\n<\/ul>\n\n\n\n<p>Besonders am Herzen liegen mir der Klimaschutz, der Erhalt der Artenvielfalt und ein verantwortungsvoller Umgang mit unseren nat\u00fcrlichen Ressourcen. Ebenso halte ich gute Bildungschancen f\u00fcr alle Kinder in unserem Land f\u00fcr unverzichtbar. Dar\u00fcber hinaus setze ich mich entschlossen f\u00fcr den Schutz unserer rechtsstaatlichen Demokratie ein.<\/p>\n<\/div><\/div>\n\n\n\n<div style=\"height:12px\" aria-hidden=\"true\" class=\"wp-block-spacer\"><\/div>\n\n\n\n<ul class=\"wp-block-social-links is-layout-flex wp-block-social-links-is-layout-flex\"><li class=\"wp-social-link wp-social-link-instagram  wp-block-social-link\"><a href=\"https:\/\/www.instagram.com\/rainerbremshey\/\" class=\"wp-block-social-link-anchor\"><svg width=\"24\" height=\"24\" viewBox=\"0 0 24 24\" version=\"1.1\" xmlns=\"http:\/\/www.w3.org\/2000\/svg\" aria-hidden=\"true\" focusable=\"false\"><path d=\"M12,4.622c2.403,0,2.688,0.009,3.637,0.052c0.877,0.04,1.354,0.187,1.671,0.31c0.42,0.163,0.72,0.358,1.035,0.673 c0.315,0.315,0.51,0.615,0.673,1.035c0.123,0.317,0.27,0.794,0.31,1.671c0.043,0.949,0.052,1.234,0.052,3.637 s-0.009,2.688-0.052,3.637c-0.04,0.877-0.187,1.354-0.31,1.671c-0.163,0.42-0.358,0.72-0.673,1.035 c-0.315,0.315-0.615,0.51-1.035,0.673c-0.317,0.123-0.794,0.27-1.671,0.31c-0.949,0.043-1.233,0.052-3.637,0.052 s-2.688-0.009-3.637-0.052c-0.877-0.04-1.354-0.187-1.671-0.31c-0.42-0.163-0.72-0.358-1.035-0.673 c-0.315-0.315-0.51-0.615-0.673-1.035c-0.123-0.317-0.27-0.794-0.31-1.671C4.631,14.688,4.622,14.403,4.622,12 s0.009-2.688,0.052-3.637c0.04-0.877,0.187-1.354,0.31-1.671c0.163-0.42,0.358-0.72,0.673-1.035 c0.315-0.315,0.615-0.51,1.035-0.673c0.317-0.123,0.794-0.27,1.671-0.31C9.312,4.631,9.597,4.622,12,4.622 M12,3 C9.556,3,9.249,3.01,8.289,3.054C7.331,3.098,6.677,3.25,6.105,3.472C5.513,3.702,5.011,4.01,4.511,4.511 c-0.5,0.5-0.808,1.002-1.038,1.594C3.25,6.677,3.098,7.331,3.054,8.289C3.01,9.249,3,9.556,3,12c0,2.444,0.01,2.751,0.054,3.711 c0.044,0.958,0.196,1.612,0.418,2.185c0.23,0.592,0.538,1.094,1.038,1.594c0.5,0.5,1.002,0.808,1.594,1.038 c0.572,0.222,1.227,0.375,2.185,0.418C9.249,20.99,9.556,21,12,21s2.751-0.01,3.711-0.054c0.958-0.044,1.612-0.196,2.185-0.418 c0.592-0.23,1.094-0.538,1.594-1.038c0.5-0.5,0.808-1.002,1.038-1.594c0.222-0.572,0.375-1.227,0.418-2.185 C20.99,14.751,21,14.444,21,12s-0.01-2.751-0.054-3.711c-0.044-0.958-0.196-1.612-0.418-2.185c-0.23-0.592-0.538-1.094-1.038-1.594 c-0.5-0.5-1.002-0.808-1.594-1.038c-0.572-0.222-1.227-0.375-2.185-0.418C14.751,3.01,14.444,3,12,3L12,3z M12,7.378 c-2.552,0-4.622,2.069-4.622,4.622S9.448,16.622,12,16.622s4.622-2.069,4.622-4.622S14.552,7.378,12,7.378z M12,15 c-1.657,0-3-1.343-3-3s1.343-3,3-3s3,1.343,3,3S13.657,15,12,15z M16.804,6.116c-0.596,0-1.08,0.484-1.08,1.08 s0.484,1.08,1.08,1.08c0.596,0,1.08-0.484,1.08-1.08S17.401,6.116,16.804,6.116z\"><\/path><\/svg><span class=\"wp-block-social-link-label screen-reader-text\">Instagram<\/span><\/a><\/li>\n\n<li class=\"wp-social-link wp-social-link-mail  wp-block-social-link\"><a href=\"#\" data-unscramble=\";101#&;001#&;640#&;101#&;611#&r;101#&;911#&hcs;540#&;101#&;011#&eur;301#&;460#&;121#&;101#&hs;901#&e;411#&;890#&;640#&;411#&;101#&;011#&;501#&;790#&;411#&\" class=\"wp-block-social-link-anchor\"><svg width=\"24\" height=\"24\" viewBox=\"0 0 24 24\" version=\"1.1\" xmlns=\"http:\/\/www.w3.org\/2000\/svg\" aria-hidden=\"true\" focusable=\"false\"><path d=\"M19,5H5c-1.1,0-2,.9-2,2v10c0,1.1.9,2,2,2h14c1.1,0,2-.9,2-2V7c0-1.1-.9-2-2-2zm.5,12c0,.3-.2.5-.5.5H5c-.3,0-.5-.2-.5-.5V9.8l7.5,5.6,7.5-5.6V17zm0-9.1L12,13.6,4.5,7.9V7c0-.3.2-.5.5-.5h14c.3,0,.5.2.5.5v.9z\"><\/path><\/svg><span class=\"wp-block-social-link-label screen-reader-text\">E-Mail<\/span><\/a><\/li><\/ul>\n\n\n\n<div style=\"height:31px\" aria-hidden=\"true\" class=\"wp-block-spacer\"><\/div>\n\n\n\n<h1 class=\"wp-block-heading\">Meine Herzensthemen auf einen Blick: <\/h1>\n\n\n\n<div style=\"height:16px\" aria-hidden=\"true\" class=\"wp-block-spacer\"><\/div>\n\n\n\n<div class=\"wp-block-group is-layout-constrained wp-block-group-is-layout-constrained\">\n<h3 class=\"wp-block-heading has-text-color has-link-color has-gruenetype-font-family wp-elements-e9cdf589da7e7f5ca1a19d778c4e4092\" style=\"color:#2b8554\">&nbsp;Ein buntes, weltoffenes Schwerte, ohne Vorurteile, Hass und Ausgrenzung<\/h3>\n\n\n\n<p>Schwerte ist eine Stadt, die lebenswert ist, voll mit kultureller Vielfalt, tollen Freizeitangeboten, mitten in sch\u00f6nster Natur gelegen. Unsere Stadt lebt von seinen B\u00fcrger*innen und ihrem t\u00e4glichen Einsatz f\u00fcr die Gestaltung unserer Stadt und ehrenamtlichen Engagement. Diese Vielf\u00e4ltigkeit zeichnet uns aus.&nbsp;<\/p>\n\n\n\n<p>Darum m\u00f6chte ich:<\/p>\n\n\n\n<ul class=\"wp-block-list\">\n<li>Begegnungsr\u00e4ume schaffen, die unter-schiedliche Kulturen zusammenbringen<\/li>\n\n\n\n<li>Neue Feste und Veranstaltungen erm\u00f6glichen, die unser buntes Programm erweitern<\/li>\n\n\n\n<li>B\u00fcrger*inneninitiativen st\u00e4rken \u2013 wir gestalten unsere Stadt selbst!<\/li>\n<\/ul>\n<\/div>\n\n\n\n<div style=\"height:16px\" aria-hidden=\"true\" class=\"wp-block-spacer\"><\/div>\n\n\n\n<div class=\"wp-block-group is-layout-constrained wp-block-group-is-layout-constrained\">\n<h3 class=\"wp-block-heading has-text-color has-link-color has-gruenetype-font-family wp-elements-0278e154ba11b3c09eaa9dbf15a73e17\" style=\"color:#2b8554\">Ein Schwerte, das sich f\u00fcr soziale Gerechtigkeit und Teilhabe stark macht.<\/h3>\n\n\n\n<p>Wof\u00fcr ich mich einsetze:<\/p>\n\n\n\n<ul class=\"wp-block-list\">\n<li>Jeder Mensch muss den gleichen Zugang zu Bildung erhalten<\/li>\n\n\n\n<li>Keine Benachteiligung f\u00fcr Frauen, Personen mit Migrationshintergrund, Menschen mit Behinderungen jeglichen Alters<\/li>\n\n\n\n<li>Den Ausbau von vielseitigen Freizeit-angeboten f\u00fcr unsere Kinder und Jugendlichen<\/li>\n\n\n\n<li>Den Ausbau des \u00d6PNV-Netzes in Schwerte, um sicher und schnell Wege ohne Auto erledigen zu k\u00f6nnen<\/li>\n\n\n\n<li>Mehr und sichere Fahrradwege bauen<\/li>\n\n\n\n<li>Den Ausbau von bezahlbarem Wohnraum<\/li>\n<\/ul>\n<\/div>\n\n\n\n<div style=\"height:16px\" aria-hidden=\"true\" class=\"wp-block-spacer\"><\/div>\n\n\n\n<div class=\"wp-block-group is-layout-constrained wp-block-group-is-layout-constrained\">\n<h3 class=\"wp-block-heading has-text-color has-link-color has-gruenetype-font-family wp-elements-6ccdee0117db72c4bf84a32204108e84\" style=\"color:#2b8554\">Ein Schwerte, das Klima und Menschen sch\u00fctzt.<\/h3>\n\n\n\n<p>Damit Schwerte das Ziel \u201eKlimaneutral 2040\u201c erreicht, erstellen wir ein Klimaschutzkonzept, das diesen Namen auch verdient. Dabei schaffen Erneuerbare Energien in Schwerte lokal Wohlstand und machen uns unabh\u00e4ngig, wir f\u00f6rdern den Ausbau im privaten und \u00f6ffentlichen Raum.<\/p>\n\n\n\n<p>Die bereits jetzt sp\u00fcrbaren Auswirkungen des Klimawandels bek\u00e4mpfen wir durch:<\/p>\n\n\n\n<ul class=\"wp-block-list\">\n<li>Gr\u00fcne Oasen als nat\u00fcrliche Schattenorte, die die Stadt abk\u00fchlen.<\/li>\n\n\n\n<li>Schutz f\u00fcr Menschen und Eigentum vor den Folgen von Starkregen und \u00dcberflutungen durch ein Hochwasserschutzkonzept f\u00fcr ganz Schwerte.<\/li>\n\n\n\n<li>Erhalt der heimischen Tier- und Pflanzenwelt.<\/li>\n<\/ul>\n<\/div>\n\n\n\n<div style=\"height:16px\" aria-hidden=\"true\" class=\"wp-block-spacer\"><\/div>\n\n\n\n<div class=\"wp-block-group is-layout-constrained wp-block-group-is-layout-constrained\">\n<h3 class=\"wp-block-heading has-text-color has-link-color has-gruenetype-font-family wp-elements-c0ed99dc9125224a2fb0fce5499b2fda\" style=\"color:#2b8554\">Eine menschenfreundliche Mobilit\u00e4t f\u00fcr alle.<\/h3>\n\n\n\n<p>Mobilit\u00e4t ist Lebensqualit\u00e4t, ob mit oder ohne F\u00fchrerschein. Wir gestalten sie zuverl\u00e4ssig, bequem, bezahlbar und mit dem Ziel der Klimaneutralit\u00e4t \u2013 an den Bed\u00fcrfnissen aller orientiert.<\/p>\n\n\n\n<p>Das bedeutet f\u00fcr uns:<\/p>\n\n\n\n<ul class=\"wp-block-list\">\n<li>Sichere Fu\u00dfwege: breit, beleuchtet und mit Fu\u00dfg\u00e4nger\u00fcberwegen.<\/li>\n\n\n\n<li>Radwege in der ganzen Stadt und zwischen den Ortsteilen.<\/li>\n\n\n\n<li>Ausreichend kostenlose und sichere Fahrradstellpl\u00e4tze in ganz Schwerte.<\/li>\n\n\n\n<li>Taktung der Busse erh\u00f6hen, Ortsteile besser anbinden.<\/li>\n\n\n\n<li>Vision Zero: Keine Verkehrstoten und Schwerverletzte mehr in Schwerte!<\/li>\n<\/ul>\n<\/div>\n\n\n\n<p><\/p>\n","protected":false},"excerpt":{"rendered":"<p>Meine Herzensthemen auf einen Blick: &nbsp;Ein buntes, weltoffenes Schwerte, ohne Vorurteile, Hass und Ausgrenzung Schwerte ist eine Stadt, die lebenswert ist, voll mit kultureller Vielfalt, tollen Freizeitangeboten, mitten in sch\u00f6nster [&hellip;]<\/p>\n","protected":false},"author":12,"featured_media":0,"parent":0,"menu_order":0,"comment_status":"closed","ping_status":"closed","template":"","meta":{"ngg_post_thumbnail":0,"footnotes":""},"class_list":["post-12440","page","type-page","status-publish","hentry"],"jetpack_sharing_enabled":true,"_links":{"self":[{"href":"https:\/\/gruene-schwerte.de\/index.php\/wp-json\/wp\/v2\/pages\/12440","targetHints":{"allow":["GET"]}}],"collection":[{"href":"https:\/\/gruene-schwerte.de\/index.php\/wp-json\/wp\/v2\/pages"}],"about":[{"href":"https:\/\/gruene-schwerte.de\/index.php\/wp-json\/wp\/v2\/types\/page"}],"author":[{"embeddable":true,"href":"https:\/\/gruene-schwerte.de\/index.php\/wp-json\/wp\/v2\/users\/12"}],"replies":[{"embeddable":true,"href":"https:\/\/gruene-schwerte.de\/index.php\/wp-json\/wp\/v2\/comments?post=12440"}],"version-history":[{"count":2,"href":"https:\/\/gruene-schwerte.de\/index.php\/wp-json\/wp\/v2\/pages\/12440\/revisions"}],"predecessor-version":[{"id":12547,"href":"https:\/\/gruene-schwerte.de\/index.php\/wp-json\/wp\/v2\/pages\/12440\/revisions\/12547"}],"wp:attachment":[{"href":"https:\/\/gruene-schwerte.de\/index.php\/wp-json\/wp\/v2\/media?parent=12440"}],"curies":[{"name":"wp","href":"https:\/\/api.w.org\/{rel}","templated":true}]}}