{"id":12436,"date":"2025-07-02T12:44:36","date_gmt":"2025-07-02T10:44:36","guid":{"rendered":"https:\/\/gruene-schwerte.de\/?page_id=12436"},"modified":"2025-07-09T22:06:06","modified_gmt":"2025-07-09T20:06:06","slug":"heidrun-riedel","status":"publish","type":"page","link":"https:\/\/gruene-schwerte.de\/index.php\/heidrun-riedel\/","title":{"rendered":"Heidrun Riedel"},"content":{"rendered":"\n<div class=\"wp-block-media-text is-stacked-on-mobile\" style=\"grid-template-columns:44% auto\"><figure class=\"wp-block-media-text__media\"><img loading=\"lazy\" decoding=\"async\" width=\"800\" height=\"1000\" src=\"https:\/\/gruene-schwerte.de\/wp-content\/uploads\/2025\/07\/15_Heidrun-Riedel-1-800x1000.jpg\" alt=\"\" class=\"wp-image-12533 size-full\" srcset=\"https:\/\/gruene-schwerte.de\/wp-content\/uploads\/2025\/07\/15_Heidrun-Riedel-1-800x1000.jpg 800w, https:\/\/gruene-schwerte.de\/wp-content\/uploads\/2025\/07\/15_Heidrun-Riedel-1-400x500.jpg 400w, https:\/\/gruene-schwerte.de\/wp-content\/uploads\/2025\/07\/15_Heidrun-Riedel-1-768x960.jpg 768w, https:\/\/gruene-schwerte.de\/wp-content\/uploads\/2025\/07\/15_Heidrun-Riedel-1.jpg 1080w\" sizes=\"auto, (max-width: 800px) 100vw, 800px\" \/><\/figure><div class=\"wp-block-media-text__content\">\n<p>Mein Name ist Heidrun Riedel, ich bin 68 Jahre alt und wohne seit 1998 in Schwerte. Bis vor zwei Jahren war ich als Lehrerin an einer Gesamtschule in Dortmund t\u00e4tig. Als Personalr\u00e4tin habe ich mich in den letzten Jahren meiner Berufst\u00e4tigkeit f\u00fcr die Interessen und Belange der Kolleginnen und Kollegen an den Gesamtschulen und Sekundarschulen im Regierungsbezirk Arnsberg eingesetzt.&nbsp;<\/p>\n\n\n\n<p>Ich bin der Partei B\u00fcndnis 90\/Die Gr\u00fcnen beigetreten, weil ich mich f\u00fcr die \u00f6kologischen und sozialen Heraus-forderungen auf kommunaler Ebene aktiv bet\u00e4tigen m\u00f6chte. Sichere Kita- und Schulwege sind mir ebenso wichtig wie bezahlbarer Wohnraum und der Klimawandel.&nbsp;<\/p>\n<\/div><\/div>\n\n\n\n<div style=\"height:12px\" aria-hidden=\"true\" class=\"wp-block-spacer\"><\/div>\n\n\n\n<ul class=\"wp-block-social-links is-layout-flex wp-block-social-links-is-layout-flex\"><li class=\"wp-social-link wp-social-link-mail  wp-block-social-link\"><a href=\"#\" data-unscramble=\"e;001#&;640#&e;611#&rewhcs;540#&e;011#&eur;301#&;460#&;801#&e;001#&e;501#&;411#&.nur;001#&ie;270#&\" class=\"wp-block-social-link-anchor\"><svg width=\"24\" height=\"24\" viewBox=\"0 0 24 24\" version=\"1.1\" xmlns=\"http:\/\/www.w3.org\/2000\/svg\" aria-hidden=\"true\" focusable=\"false\"><path d=\"M19,5H5c-1.1,0-2,.9-2,2v10c0,1.1.9,2,2,2h14c1.1,0,2-.9,2-2V7c0-1.1-.9-2-2-2zm.5,12c0,.3-.2.5-.5.5H5c-.3,0-.5-.2-.5-.5V9.8l7.5,5.6,7.5-5.6V17zm0-9.1L12,13.6,4.5,7.9V7c0-.3.2-.5.5-.5h14c.3,0,.5.2.5.5v.9z\"><\/path><\/svg><span class=\"wp-block-social-link-label screen-reader-text\">E-Mail<\/span><\/a><\/li><\/ul>\n\n\n\n<div style=\"height:31px\" aria-hidden=\"true\" class=\"wp-block-spacer\"><\/div>\n\n\n\n<h1 class=\"wp-block-heading\">Meine Herzensthemen auf einen Blick: <\/h1>\n\n\n\n<div style=\"height:16px\" aria-hidden=\"true\" class=\"wp-block-spacer\"><\/div>\n\n\n\n<div class=\"wp-block-group is-layout-constrained wp-block-group-is-layout-constrained\">\n<h3 class=\"wp-block-heading has-text-color has-link-color has-gruenetype-font-family wp-elements-209c21f2e9d299b802b789ca81ed33dd\" style=\"color:#2b8554\">Politik sichtbar und verst\u00e4ndlich f\u00fcr alle gestalten.<\/h3>\n\n\n\n<p>Transparente Entscheidungen, bei denen alle B\u00fcrger*innen fr\u00fchzeitig beteiligt werden, schaffen eine lebendige und stabile Demokratie in unserer Stadt.<\/p>\n\n\n\n<p>Daf\u00fcr m\u00f6chten wir:<\/p>\n\n\n\n<ul class=\"wp-block-list\">\n<li>Einen B\u00fcrger*innenrat einrichten, damit wir bei zentralen st\u00e4dtischen Themen alle miteinbeziehen.<\/li>\n\n\n\n<li>Sitzungen des Stadtrates und der Aussch\u00fcsse streamen.<\/li>\n\n\n\n<li>Die Website und st\u00e4dtische Dokumente in einfacher Sprache zur Verf\u00fcgung stellen.<\/li>\n\n\n\n<li>H\u00fcrden bei direkten Beteiligungsformaten, wie der MitMachStadt, senken.<\/li>\n<\/ul>\n<\/div>\n\n\n\n<div style=\"height:16px\" aria-hidden=\"true\" class=\"wp-block-spacer\"><\/div>\n\n\n\n<div class=\"wp-block-group is-layout-constrained wp-block-group-is-layout-constrained\">\n<h3 class=\"wp-block-heading has-text-color has-link-color has-gruenetype-font-family wp-elements-6ccdee0117db72c4bf84a32204108e84\" style=\"color:#2b8554\">Ein Schwerte, das Klima und Menschen sch\u00fctzt.<\/h3>\n\n\n\n<p>Damit Schwerte das Ziel \u201eKlimaneutral 2040\u201c erreicht, erstellen wir ein Klimaschutzkonzept, das diesen Namen auch verdient. Dabei schaffen Erneuerbare Energien in Schwerte lokal Wohlstand und machen uns unabh\u00e4ngig, wir f\u00f6rdern den Ausbau im privaten und \u00f6ffentlichen Raum.<\/p>\n\n\n\n<p>Die bereits jetzt sp\u00fcrbaren Auswirkungen des Klimawandels bek\u00e4mpfen wir durch:<\/p>\n\n\n\n<ul class=\"wp-block-list\">\n<li>Gr\u00fcne Oasen als nat\u00fcrliche Schattenorte, die die Stadt abk\u00fchlen.<\/li>\n\n\n\n<li>Schutz f\u00fcr Menschen und Eigentum vor den Folgen von Starkregen und \u00dcberflutungen durch ein Hochwasserschutzkonzept f\u00fcr ganz Schwerte.<\/li>\n\n\n\n<li>Erhalt der heimischen Tier- und Pflanzenwelt.<\/li>\n<\/ul>\n<\/div>\n\n\n\n<div style=\"height:16px\" aria-hidden=\"true\" class=\"wp-block-spacer\"><\/div>\n\n\n\n<div class=\"wp-block-group is-layout-constrained wp-block-group-is-layout-constrained\">\n<h3 class=\"wp-block-heading has-text-color has-link-color has-gruenetype-font-family wp-elements-c0ed99dc9125224a2fb0fce5499b2fda\" style=\"color:#2b8554\">Eine menschenfreundliche Mobilit\u00e4t f\u00fcr alle.<\/h3>\n\n\n\n<p>Mobilit\u00e4t ist Lebensqualit\u00e4t, ob mit oder ohne F\u00fchrerschein. Wir gestalten sie zuverl\u00e4ssig, bequem, bezahlbar und mit dem Ziel der Klimaneutralit\u00e4t \u2013 an den Bed\u00fcrfnissen aller orientiert.<\/p>\n\n\n\n<p>Das bedeutet f\u00fcr uns:<\/p>\n\n\n\n<ul class=\"wp-block-list\">\n<li>Sichere Fu\u00dfwege: breit, beleuchtet und mit Fu\u00dfg\u00e4nger\u00fcberwegen.<\/li>\n\n\n\n<li>Radwege in der ganzen Stadt und zwischen den Ortsteilen.<\/li>\n\n\n\n<li>Ausreichend kostenlose und sichere Fahrradstellpl\u00e4tze in ganz Schwerte.<\/li>\n\n\n\n<li>Taktung der Busse erh\u00f6hen, Ortsteile besser anbinden.<\/li>\n\n\n\n<li>Vision Zero: Keine Verkehrstoten und Schwerverletzte mehr in Schwerte!<\/li>\n<\/ul>\n<\/div>\n\n\n\n<div style=\"height:16px\" aria-hidden=\"true\" class=\"wp-block-spacer\"><\/div>\n\n\n\n<div class=\"wp-block-group is-layout-constrained wp-block-group-is-layout-constrained\">\n<h3 class=\"wp-block-heading has-text-color has-link-color has-gruenetype-font-family wp-elements-522c76a58af907b5d922ac7cb19426d4\" style=\"color:#2b8554\">Ein Schwerte, in dem die Eigenst\u00e4ndigkeit und Teilhabe von Frauen gef\u00f6rdert werden.<\/h3>\n\n\n\n<p>Frauen sind in unserer Gesellschaft noch immer benachteiligt, die Zahlen h\u00e4uslicher Gewalt steigen. Deshalb setzen wir uns daf\u00fcr ein, dass die Frauenhauspl\u00e4tze im Kreis erweitert werden.<\/p>\n\n\n\n<p>Um die Eigenst\u00e4ndigkeit von Frauen zu st\u00e4rken, m\u00f6chten wir in Schwerte ein M\u00fctterzentrum und Mehrgenerationenhaus einrichten. Hier gibt es die M\u00f6glichkeit, Kinderbetreuung und Bildungsangebote zeitgleich in Anspruch zu nehmen.<\/p>\n\n\n\n<p>Durch eine flexiblere Gestaltung von OGS und Kita k\u00f6nnen auch Alleinerziehende unterst\u00fctzt werden. Eine Kinderbetreuung w\u00e4hrend der Sitzungen von Stadtrat und Aussch\u00fcssen f\u00f6rdert die politische Teilhabe von Eltern, insbesondere M\u00fcttern.<\/p>\n<\/div>\n","protected":false},"excerpt":{"rendered":"<p>Mein Name ist Heidrun Riedel, ich bin 68 Jahre alt und wohne seit 1998 in Schwerte. Bis vor zwei Jahren war ich als Lehrerin an einer Gesamtschule in Dortmund t\u00e4tig. [&hellip;]<\/p>\n","protected":false},"author":12,"featured_media":0,"parent":0,"menu_order":0,"comment_status":"closed","ping_status":"closed","template":"","meta":{"ngg_post_thumbnail":0,"footnotes":""},"class_list":["post-12436","page","type-page","status-publish","hentry"],"jetpack_sharing_enabled":true,"_links":{"self":[{"href":"https:\/\/gruene-schwerte.de\/index.php\/wp-json\/wp\/v2\/pages\/12436","targetHints":{"allow":["GET"]}}],"collection":[{"href":"https:\/\/gruene-schwerte.de\/index.php\/wp-json\/wp\/v2\/pages"}],"about":[{"href":"https:\/\/gruene-schwerte.de\/index.php\/wp-json\/wp\/v2\/types\/page"}],"author":[{"embeddable":true,"href":"https:\/\/gruene-schwerte.de\/index.php\/wp-json\/wp\/v2\/users\/12"}],"replies":[{"embeddable":true,"href":"https:\/\/gruene-schwerte.de\/index.php\/wp-json\/wp\/v2\/comments?post=12436"}],"version-history":[{"count":2,"href":"https:\/\/gruene-schwerte.de\/index.php\/wp-json\/wp\/v2\/pages\/12436\/revisions"}],"predecessor-version":[{"id":12534,"href":"https:\/\/gruene-schwerte.de\/index.php\/wp-json\/wp\/v2\/pages\/12436\/revisions\/12534"}],"wp:attachment":[{"href":"https:\/\/gruene-schwerte.de\/index.php\/wp-json\/wp\/v2\/media?parent=12436"}],"curies":[{"name":"wp","href":"https:\/\/api.w.org\/{rel}","templated":true}]}}