{"id":12416,"date":"2025-07-02T12:45:29","date_gmt":"2025-07-02T10:45:29","guid":{"rendered":"https:\/\/gruene-schwerte.de\/?page_id=12416"},"modified":"2025-07-09T22:21:02","modified_gmt":"2025-07-09T20:21:02","slug":"reinhard-mucha","status":"publish","type":"page","link":"https:\/\/gruene-schwerte.de\/index.php\/reinhard-mucha\/","title":{"rendered":"Reinhard Mucha"},"content":{"rendered":"\n<div class=\"wp-block-media-text is-stacked-on-mobile\" style=\"grid-template-columns:41% auto\"><figure class=\"wp-block-media-text__media\"><img loading=\"lazy\" decoding=\"async\" width=\"800\" height=\"1000\" src=\"http:\/\/gruene-schwerte.de\/wp-content\/uploads\/2025\/07\/12_Reinhard-Mucha-800x1000.jpg\" alt=\"\" class=\"wp-image-12510 size-full\" srcset=\"https:\/\/gruene-schwerte.de\/wp-content\/uploads\/2025\/07\/12_Reinhard-Mucha-800x1000.jpg 800w, https:\/\/gruene-schwerte.de\/wp-content\/uploads\/2025\/07\/12_Reinhard-Mucha-400x500.jpg 400w, https:\/\/gruene-schwerte.de\/wp-content\/uploads\/2025\/07\/12_Reinhard-Mucha-768x960.jpg 768w, https:\/\/gruene-schwerte.de\/wp-content\/uploads\/2025\/07\/12_Reinhard-Mucha.jpg 1080w\" sizes=\"auto, (max-width: 800px) 100vw, 800px\" \/><\/figure><div class=\"wp-block-media-text__content\">\n<ul class=\"wp-block-list\">\n<li>Geboren 1964 in Schwerte<\/li>\n\n\n\n<li>Aufgewachsen und wohnhaft auf der Schwerterheide<\/li>\n\n\n\n<li>Abi \u00b484 am Ruhrtal-Gymnasium<\/li>\n\n\n\n<li>Jura-Studium an der Ruhr-Uni-Bochum<\/li>\n\n\n\n<li>Seit 34 Jahren selbstst\u00e4ndiger Kaufmann<\/li>\n\n\n\n<li>Gr\u00fcnes Mitglied seit 2021<\/li>\n\n\n\n<li>Kassierer des Gr\u00fcnen Ortsverbandes in Schwerte<\/li>\n\n\n\n<li>Sachkundiger B\u00fcrger in diversen Ratsaussch\u00fcssen, u.a. im Ausschuss f\u00fcr Wirtschaft, Finanzen, Sicherheit und Ordnung&nbsp;<\/li>\n<\/ul>\n<\/div><\/div>\n\n\n\n<div style=\"height:12px\" aria-hidden=\"true\" class=\"wp-block-spacer\"><\/div>\n\n\n\n<ul class=\"wp-block-social-links is-layout-flex wp-block-social-links-is-layout-flex\"><li class=\"wp-social-link wp-social-link-instagram  wp-block-social-link\"><a href=\"https:\/\/www.instagram.com\/reinhard_mucha\/\" class=\"wp-block-social-link-anchor\"><svg width=\"24\" height=\"24\" viewBox=\"0 0 24 24\" version=\"1.1\" xmlns=\"http:\/\/www.w3.org\/2000\/svg\" aria-hidden=\"true\" focusable=\"false\"><path d=\"M12,4.622c2.403,0,2.688,0.009,3.637,0.052c0.877,0.04,1.354,0.187,1.671,0.31c0.42,0.163,0.72,0.358,1.035,0.673 c0.315,0.315,0.51,0.615,0.673,1.035c0.123,0.317,0.27,0.794,0.31,1.671c0.043,0.949,0.052,1.234,0.052,3.637 s-0.009,2.688-0.052,3.637c-0.04,0.877-0.187,1.354-0.31,1.671c-0.163,0.42-0.358,0.72-0.673,1.035 c-0.315,0.315-0.615,0.51-1.035,0.673c-0.317,0.123-0.794,0.27-1.671,0.31c-0.949,0.043-1.233,0.052-3.637,0.052 s-2.688-0.009-3.637-0.052c-0.877-0.04-1.354-0.187-1.671-0.31c-0.42-0.163-0.72-0.358-1.035-0.673 c-0.315-0.315-0.51-0.615-0.673-1.035c-0.123-0.317-0.27-0.794-0.31-1.671C4.631,14.688,4.622,14.403,4.622,12 s0.009-2.688,0.052-3.637c0.04-0.877,0.187-1.354,0.31-1.671c0.163-0.42,0.358-0.72,0.673-1.035 c0.315-0.315,0.615-0.51,1.035-0.673c0.317-0.123,0.794-0.27,1.671-0.31C9.312,4.631,9.597,4.622,12,4.622 M12,3 C9.556,3,9.249,3.01,8.289,3.054C7.331,3.098,6.677,3.25,6.105,3.472C5.513,3.702,5.011,4.01,4.511,4.511 c-0.5,0.5-0.808,1.002-1.038,1.594C3.25,6.677,3.098,7.331,3.054,8.289C3.01,9.249,3,9.556,3,12c0,2.444,0.01,2.751,0.054,3.711 c0.044,0.958,0.196,1.612,0.418,2.185c0.23,0.592,0.538,1.094,1.038,1.594c0.5,0.5,1.002,0.808,1.594,1.038 c0.572,0.222,1.227,0.375,2.185,0.418C9.249,20.99,9.556,21,12,21s2.751-0.01,3.711-0.054c0.958-0.044,1.612-0.196,2.185-0.418 c0.592-0.23,1.094-0.538,1.594-1.038c0.5-0.5,0.808-1.002,1.038-1.594c0.222-0.572,0.375-1.227,0.418-2.185 C20.99,14.751,21,14.444,21,12s-0.01-2.751-0.054-3.711c-0.044-0.958-0.196-1.612-0.418-2.185c-0.23-0.592-0.538-1.094-1.038-1.594 c-0.5-0.5-1.002-0.808-1.594-1.038c-0.572-0.222-1.227-0.375-2.185-0.418C14.751,3.01,14.444,3,12,3L12,3z M12,7.378 c-2.552,0-4.622,2.069-4.622,4.622S9.448,16.622,12,16.622s4.622-2.069,4.622-4.622S14.552,7.378,12,7.378z M12,15 c-1.657,0-3-1.343-3-3s1.343-3,3-3s3,1.343,3,3S13.657,15,12,15z M16.804,6.116c-0.596,0-1.08,0.484-1.08,1.08 s0.484,1.08,1.08,1.08c0.596,0,1.08-0.484,1.08-1.08S17.401,6.116,16.804,6.116z\"><\/path><\/svg><span class=\"wp-block-social-link-label screen-reader-text\">Instagram<\/span><\/a><\/li>\n\n<li class=\"wp-social-link wp-social-link-facebook  wp-block-social-link\"><a href=\"https:\/\/www.facebook.com\/profile.php?id=61577166427892\" class=\"wp-block-social-link-anchor\"><svg width=\"24\" height=\"24\" viewBox=\"0 0 24 24\" version=\"1.1\" xmlns=\"http:\/\/www.w3.org\/2000\/svg\" aria-hidden=\"true\" focusable=\"false\"><path d=\"M12 2C6.5 2 2 6.5 2 12c0 5 3.7 9.1 8.4 9.9v-7H7.9V12h2.5V9.8c0-2.5 1.5-3.9 3.8-3.9 1.1 0 2.2.2 2.2.2v2.5h-1.3c-1.2 0-1.6.8-1.6 1.6V12h2.8l-.4 2.9h-2.3v7C18.3 21.1 22 17 22 12c0-5.5-4.5-10-10-10z\"><\/path><\/svg><span class=\"wp-block-social-link-label screen-reader-text\">Facebook<\/span><\/a><\/li>\n\n<li class=\"wp-social-link wp-social-link-mail  wp-block-social-link\"><a href=\"#\" data-unscramble=\"ed;640#&etr;101#&;911#&hcs;540#&e;011#&;101#&u;411#&;301#&;460#&ahc;711#&;901#&.dr;790#&;401#&n;501#&e;411#&\" class=\"wp-block-social-link-anchor\"><svg width=\"24\" height=\"24\" viewBox=\"0 0 24 24\" version=\"1.1\" xmlns=\"http:\/\/www.w3.org\/2000\/svg\" aria-hidden=\"true\" focusable=\"false\"><path d=\"M19,5H5c-1.1,0-2,.9-2,2v10c0,1.1.9,2,2,2h14c1.1,0,2-.9,2-2V7c0-1.1-.9-2-2-2zm.5,12c0,.3-.2.5-.5.5H5c-.3,0-.5-.2-.5-.5V9.8l7.5,5.6,7.5-5.6V17zm0-9.1L12,13.6,4.5,7.9V7c0-.3.2-.5.5-.5h14c.3,0,.5.2.5.5v.9z\"><\/path><\/svg><span class=\"wp-block-social-link-label screen-reader-text\">E-Mail<\/span><\/a><\/li><\/ul>\n\n\n\n<div style=\"height:31px\" aria-hidden=\"true\" class=\"wp-block-spacer\"><\/div>\n\n\n\n<h1 class=\"wp-block-heading\">Meine Herzensthemen auf einen Blick: <\/h1>\n\n\n\n<div style=\"height:16px\" aria-hidden=\"true\" class=\"wp-block-spacer\"><\/div>\n\n\n\n<div class=\"wp-block-group is-layout-constrained wp-block-group-is-layout-constrained\">\n<h3 class=\"wp-block-heading has-text-color has-link-color has-gruenetype-font-family wp-elements-522c76a58af907b5d922ac7cb19426d4\" style=\"color:#2b8554\">Ein Schwerte, in dem die Eigenst\u00e4ndigkeit und Teilhabe von Frauen gef\u00f6rdert werden.<\/h3>\n\n\n\n<p>Im Rat m\u00f6chte ich mich besonders einsetzen f\u00fcr den dringend erforderlichen K\u00fcchen- und Speiseraum-Anbau der Heideschule.<\/p>\n\n\n\n<p>Die jetzige K\u00fcche ist stark renovierungs-bed\u00fcrftig und entspricht nicht mehr den gesetzlichen Vorgaben. Bereits jetzt m\u00fcssen Sch\u00fcler u.A. in einem Kellerflur essen, alternativ m\u00fcsste das Essen quer durch das ganze Schulgeb\u00e4ude und \u00fcber Rampen und per Speiseaufzug transportiert werden.<\/p>\n\n\n\n<p>Diese unhaltbaren Zust\u00e4nde k\u00f6nnen leicht durch einen bereits fertig geplanten K\u00fcchen- und Speiseraumanbau in preiswerter Modulbauweise behoben werden. Dieser sollte jetzt umgesetzt werden. Das sollten uns unsere Kinder wert sein!<\/p>\n<\/div>\n\n\n\n<div style=\"height:16px\" aria-hidden=\"true\" class=\"wp-block-spacer\"><\/div>\n\n\n\n<div class=\"wp-block-group is-layout-constrained wp-block-group-is-layout-constrained\">\n<h3 class=\"wp-block-heading has-text-color has-link-color has-gruenetype-font-family wp-elements-209c21f2e9d299b802b789ca81ed33dd\" style=\"color:#2b8554\">Politik sichtbar und verst\u00e4ndlich f\u00fcr alle gestalten.<\/h3>\n\n\n\n<p>Transparente Entscheidungen, bei denen alle B\u00fcrger*innen fr\u00fchzeitig beteiligt werden, schaffen eine lebendige und stabile Demokratie in unserer Stadt.<\/p>\n\n\n\n<p>Daf\u00fcr m\u00f6chten wir:<\/p>\n\n\n\n<ul class=\"wp-block-list\">\n<li>Einen B\u00fcrger*innenrat einrichten, damit wir bei zentralen st\u00e4dtischen Themen alle miteinbeziehen.<\/li>\n\n\n\n<li>Sitzungen des Stadtrates und der Aussch\u00fcsse streamen.<\/li>\n\n\n\n<li>Die Website und st\u00e4dtische Dokumente in einfacher Sprache zur Verf\u00fcgung stellen.<\/li>\n\n\n\n<li>H\u00fcrden bei direkten Beteiligungsformaten, wie der MitMachStadt, senken.<\/li>\n<\/ul>\n<\/div>\n\n\n\n<div style=\"height:16px\" aria-hidden=\"true\" class=\"wp-block-spacer\"><\/div>\n\n\n\n<div class=\"wp-block-group is-layout-constrained wp-block-group-is-layout-constrained\">\n<h3 class=\"wp-block-heading has-text-color has-link-color has-gruenetype-font-family wp-elements-6ccdee0117db72c4bf84a32204108e84\" style=\"color:#2b8554\">Ein Schwerte, das Klima und Menschen sch\u00fctzt.<\/h3>\n\n\n\n<p>Damit Schwerte das Ziel \u201eKlimaneutral 2040\u201c erreicht, erstellen wir ein Klimaschutzkonzept, das diesen Namen auch verdient. Dabei schaffen Erneuerbare Energien in Schwerte lokal Wohlstand und machen uns unabh\u00e4ngig, wir f\u00f6rdern den Ausbau im privaten und \u00f6ffentlichen Raum.<\/p>\n\n\n\n<p>Die bereits jetzt sp\u00fcrbaren Auswirkungen des Klimawandels bek\u00e4mpfen wir durch:<\/p>\n\n\n\n<ul class=\"wp-block-list\">\n<li>Gr\u00fcne Oasen als nat\u00fcrliche Schattenorte, die die Stadt abk\u00fchlen.<\/li>\n\n\n\n<li>Schutz f\u00fcr Menschen und Eigentum vor den Folgen von Starkregen und \u00dcberflutungen durch ein Hochwasserschutzkonzept f\u00fcr ganz Schwerte.<\/li>\n\n\n\n<li>Erhalt der heimischen Tier- und Pflanzenwelt.<\/li>\n<\/ul>\n<\/div>\n\n\n\n<div style=\"height:16px\" aria-hidden=\"true\" class=\"wp-block-spacer\"><\/div>\n\n\n\n<div class=\"wp-block-group is-layout-constrained wp-block-group-is-layout-constrained\">\n<h3 class=\"wp-block-heading has-text-color has-link-color has-gruenetype-font-family wp-elements-c0ed99dc9125224a2fb0fce5499b2fda\" style=\"color:#2b8554\">Eine menschenfreundliche Mobilit\u00e4t f\u00fcr alle.<\/h3>\n\n\n\n<p>Mobilit\u00e4t ist Lebensqualit\u00e4t, ob mit oder ohne F\u00fchrerschein. Wir gestalten sie zuverl\u00e4ssig, bequem, bezahlbar und mit dem Ziel der Klimaneutralit\u00e4t \u2013 an den Bed\u00fcrfnissen aller orientiert.<\/p>\n\n\n\n<p>Das bedeutet f\u00fcr uns:<\/p>\n\n\n\n<ul class=\"wp-block-list\">\n<li>Sichere Fu\u00dfwege: breit, beleuchtet und mit Fu\u00dfg\u00e4nger\u00fcberwegen.<\/li>\n\n\n\n<li>Radwege in der ganzen Stadt und zwischen den Ortsteilen.<\/li>\n\n\n\n<li>Ausreichend kostenlose und sichere Fahrradstellpl\u00e4tze in ganz Schwerte.<\/li>\n\n\n\n<li>Taktung der Busse erh\u00f6hen, Ortsteile besser anbinden.<\/li>\n\n\n\n<li>Vision Zero: Keine Verkehrstoten und Schwerverletzte mehr in Schwerte!<\/li>\n<\/ul>\n<\/div>\n\n\n\n<p><\/p>\n","protected":false},"excerpt":{"rendered":"<p>Meine Herzensthemen auf einen Blick: Ein Schwerte, in dem die Eigenst\u00e4ndigkeit und Teilhabe von Frauen gef\u00f6rdert werden. Im Rat m\u00f6chte ich mich besonders einsetzen f\u00fcr den dringend erforderlichen K\u00fcchen- und [&hellip;]<\/p>\n","protected":false},"author":12,"featured_media":0,"parent":0,"menu_order":0,"comment_status":"closed","ping_status":"closed","template":"","meta":{"ngg_post_thumbnail":0,"footnotes":""},"class_list":["post-12416","page","type-page","status-publish","hentry"],"jetpack_sharing_enabled":true,"_links":{"self":[{"href":"https:\/\/gruene-schwerte.de\/index.php\/wp-json\/wp\/v2\/pages\/12416","targetHints":{"allow":["GET"]}}],"collection":[{"href":"https:\/\/gruene-schwerte.de\/index.php\/wp-json\/wp\/v2\/pages"}],"about":[{"href":"https:\/\/gruene-schwerte.de\/index.php\/wp-json\/wp\/v2\/types\/page"}],"author":[{"embeddable":true,"href":"https:\/\/gruene-schwerte.de\/index.php\/wp-json\/wp\/v2\/users\/12"}],"replies":[{"embeddable":true,"href":"https:\/\/gruene-schwerte.de\/index.php\/wp-json\/wp\/v2\/comments?post=12416"}],"version-history":[{"count":3,"href":"https:\/\/gruene-schwerte.de\/index.php\/wp-json\/wp\/v2\/pages\/12416\/revisions"}],"predecessor-version":[{"id":12548,"href":"https:\/\/gruene-schwerte.de\/index.php\/wp-json\/wp\/v2\/pages\/12416\/revisions\/12548"}],"wp:attachment":[{"href":"https:\/\/gruene-schwerte.de\/index.php\/wp-json\/wp\/v2\/media?parent=12416"}],"curies":[{"name":"wp","href":"https:\/\/api.w.org\/{rel}","templated":true}]}}