{"id":12398,"date":"2025-07-02T12:47:07","date_gmt":"2025-07-02T10:47:07","guid":{"rendered":"https:\/\/gruene-schwerte.de\/?page_id=12398"},"modified":"2025-11-05T12:54:26","modified_gmt":"2025-11-05T11:54:26","slug":"cathrin-schulte","status":"publish","type":"page","link":"https:\/\/gruene-schwerte.de\/index.php\/ratsfraktion\/unser-team-im-rat\/cathrin-schulte\/","title":{"rendered":"Cathrin Schulte"},"content":{"rendered":"\n<div class=\"wp-block-media-text is-stacked-on-mobile\" style=\"grid-template-columns:51% auto\"><figure class=\"wp-block-media-text__media\"><img loading=\"lazy\" decoding=\"async\" width=\"800\" height=\"1000\" src=\"http:\/\/gruene-schwerte.de\/wp-content\/uploads\/2025\/07\/01_Cathrin-Schulte-800x1000.jpg\" alt=\"\" class=\"wp-image-12499 size-full\" srcset=\"https:\/\/gruene-schwerte.de\/wp-content\/uploads\/2025\/07\/01_Cathrin-Schulte-800x1000.jpg 800w, https:\/\/gruene-schwerte.de\/wp-content\/uploads\/2025\/07\/01_Cathrin-Schulte-400x500.jpg 400w, https:\/\/gruene-schwerte.de\/wp-content\/uploads\/2025\/07\/01_Cathrin-Schulte-768x960.jpg 768w, https:\/\/gruene-schwerte.de\/wp-content\/uploads\/2025\/07\/01_Cathrin-Schulte.jpg 1080w\" sizes=\"auto, (max-width: 800px) 100vw, 800px\" \/><\/figure><div class=\"wp-block-media-text__content\">\n<p>Ich bin 40 Jahre alt und in Westhofen geboren. Nach dem Abitur am FBG habe ich Rechtswissenschaften in M\u00fcnster studiert, mich jedoch vor dem Abschluss bewusst gegen die Juristerei und f\u00fcr eine T\u00e4tigkeit in der Personaldienstleistungsbranche entschieden.<br><br>Heute leite ich ein Team der Boulderwelt in Dortmund. Seit 2019 unterrichte ich au\u00dferdem Yoga bei der TG Westhofen und bin hier tief verwurzelt.<br><br>Mein Herz schl\u00e4gt f\u00fcr Stadtplanung und Mobilit\u00e4t, besonders aus der Perspektive von Frauen und all jenen Menschen, deren Bed\u00fcrfnisse bei der Stadtentwicklung bisher nur unzureichend ber\u00fccksichtigt wurden. Ich m\u00f6chte, dass Stadtteile wie Westhofen nicht abgeh\u00e4ngt, sondern gezielt gest\u00e4rkt werden.<\/p>\n<\/div><\/div>\n\n\n\n<div style=\"height:12px\" aria-hidden=\"true\" class=\"wp-block-spacer\"><\/div>\n\n\n\n<ul class=\"wp-block-social-links is-layout-flex wp-block-social-links-is-layout-flex\"><li class=\"wp-social-link wp-social-link-instagram  wp-block-social-link\"><a href=\"https:\/\/www.instagram.com\/cathrin.schulte.schwerte\/\" class=\"wp-block-social-link-anchor\"><svg width=\"24\" height=\"24\" viewBox=\"0 0 24 24\" version=\"1.1\" xmlns=\"http:\/\/www.w3.org\/2000\/svg\" aria-hidden=\"true\" focusable=\"false\"><path d=\"M12,4.622c2.403,0,2.688,0.009,3.637,0.052c0.877,0.04,1.354,0.187,1.671,0.31c0.42,0.163,0.72,0.358,1.035,0.673 c0.315,0.315,0.51,0.615,0.673,1.035c0.123,0.317,0.27,0.794,0.31,1.671c0.043,0.949,0.052,1.234,0.052,3.637 s-0.009,2.688-0.052,3.637c-0.04,0.877-0.187,1.354-0.31,1.671c-0.163,0.42-0.358,0.72-0.673,1.035 c-0.315,0.315-0.615,0.51-1.035,0.673c-0.317,0.123-0.794,0.27-1.671,0.31c-0.949,0.043-1.233,0.052-3.637,0.052 s-2.688-0.009-3.637-0.052c-0.877-0.04-1.354-0.187-1.671-0.31c-0.42-0.163-0.72-0.358-1.035-0.673 c-0.315-0.315-0.51-0.615-0.673-1.035c-0.123-0.317-0.27-0.794-0.31-1.671C4.631,14.688,4.622,14.403,4.622,12 s0.009-2.688,0.052-3.637c0.04-0.877,0.187-1.354,0.31-1.671c0.163-0.42,0.358-0.72,0.673-1.035 c0.315-0.315,0.615-0.51,1.035-0.673c0.317-0.123,0.794-0.27,1.671-0.31C9.312,4.631,9.597,4.622,12,4.622 M12,3 C9.556,3,9.249,3.01,8.289,3.054C7.331,3.098,6.677,3.25,6.105,3.472C5.513,3.702,5.011,4.01,4.511,4.511 c-0.5,0.5-0.808,1.002-1.038,1.594C3.25,6.677,3.098,7.331,3.054,8.289C3.01,9.249,3,9.556,3,12c0,2.444,0.01,2.751,0.054,3.711 c0.044,0.958,0.196,1.612,0.418,2.185c0.23,0.592,0.538,1.094,1.038,1.594c0.5,0.5,1.002,0.808,1.594,1.038 c0.572,0.222,1.227,0.375,2.185,0.418C9.249,20.99,9.556,21,12,21s2.751-0.01,3.711-0.054c0.958-0.044,1.612-0.196,2.185-0.418 c0.592-0.23,1.094-0.538,1.594-1.038c0.5-0.5,0.808-1.002,1.038-1.594c0.222-0.572,0.375-1.227,0.418-2.185 C20.99,14.751,21,14.444,21,12s-0.01-2.751-0.054-3.711c-0.044-0.958-0.196-1.612-0.418-2.185c-0.23-0.592-0.538-1.094-1.038-1.594 c-0.5-0.5-1.002-0.808-1.594-1.038c-0.572-0.222-1.227-0.375-2.185-0.418C14.751,3.01,14.444,3,12,3L12,3z M12,7.378 c-2.552,0-4.622,2.069-4.622,4.622S9.448,16.622,12,16.622s4.622-2.069,4.622-4.622S14.552,7.378,12,7.378z M12,15 c-1.657,0-3-1.343-3-3s1.343-3,3-3s3,1.343,3,3S13.657,15,12,15z M16.804,6.116c-0.596,0-1.08,0.484-1.08,1.08 s0.484,1.08,1.08,1.08c0.596,0,1.08-0.484,1.08-1.08S17.401,6.116,16.804,6.116z\"><\/path><\/svg><span class=\"wp-block-social-link-label screen-reader-text\">Instagram<\/span><\/a><\/li>\n\n<li class=\"wp-social-link wp-social-link-mail  wp-block-social-link\"><a href=\"#\" data-unscramble=\";101#&;001#&;640#&e;611#&;411#&;101#&;911#&h;990#&s-en;101#&;711#&;411#&g;460#&e;611#&luhc;511#&.;011#&ir;401#&t;790#&C\" class=\"wp-block-social-link-anchor\"><svg width=\"24\" height=\"24\" viewBox=\"0 0 24 24\" version=\"1.1\" xmlns=\"http:\/\/www.w3.org\/2000\/svg\" aria-hidden=\"true\" focusable=\"false\"><path d=\"M19,5H5c-1.1,0-2,.9-2,2v10c0,1.1.9,2,2,2h14c1.1,0,2-.9,2-2V7c0-1.1-.9-2-2-2zm.5,12c0,.3-.2.5-.5.5H5c-.3,0-.5-.2-.5-.5V9.8l7.5,5.6,7.5-5.6V17zm0-9.1L12,13.6,4.5,7.9V7c0-.3.2-.5.5-.5h14c.3,0,.5.2.5.5v.9z\"><\/path><\/svg><span class=\"wp-block-social-link-label screen-reader-text\">E-Mail<\/span><\/a><\/li><\/ul>\n\n\n\n<div style=\"height:31px\" aria-hidden=\"true\" class=\"wp-block-spacer\"><\/div>\n\n\n\n<h1 class=\"wp-block-heading\">Meine Herzensthemen auf einen Blick: <\/h1>\n\n\n\n<div style=\"height:16px\" aria-hidden=\"true\" class=\"wp-block-spacer\"><\/div>\n\n\n\n<div class=\"wp-block-group is-layout-constrained wp-block-group-is-layout-constrained\">\n<h3 class=\"wp-block-heading has-text-color has-link-color has-gruenetype-font-family wp-elements-f567a1360f9702602fb136ae7a48f91f\" style=\"color:#2b8554\">F\u00fcr eine Mobilit\u00e4t, die alle mitnimmt \u2013 Sicher, gr\u00fcn und verbunden.<\/h3>\n\n\n\n<p>Westhofen verdient eine sichere, moderne Infrastruktur f\u00fcr alle, die zu Fu\u00df, mit dem Rad oder dem \u00f6ffentlichen Nahverkehr unterwegs sind. <\/p>\n\n\n\n<p>Daf\u00fcr setze ich mich ein:<\/p>\n\n\n\n<ul class=\"wp-block-list\">\n<li>Ein beleuchteter und sicherer Rad- und Fu\u00dfweg in die Schwerter Innenstadt.<\/li>\n\n\n\n<li>Verbesserte Busanbindung Westhofens mit regelm\u00e4\u00dfiger Taktung auch innerhalb des Stadtteils.<\/li>\n\n\n\n<li>Eine neue Buslinie von Westhofen direkt in die Dortmunder Innenstadt.<\/li>\n\n\n\n<li>Perspektivisch: eine Bahnhaltestelle im Ortskern.<\/li>\n\n\n\n<li>Mehr sichere Querverbindungen und barrierefreie \u00dcberg\u00e4nge und f\u00fcr eine Stadtplanung ohne Angstr\u00e4ume.<\/li>\n<\/ul>\n<\/div>\n\n\n\n<div style=\"height:16px\" aria-hidden=\"true\" class=\"wp-block-spacer\"><\/div>\n\n\n\n<div class=\"wp-block-group is-layout-constrained wp-block-group-is-layout-constrained\">\n<h3 class=\"wp-block-heading has-text-color has-link-color has-gruenetype-font-family wp-elements-96db792d82ed232cfd8d8924ba194862\" style=\"color:#2b8554\">Westhofen beleben \u2013 Tradition bewahren, Zukunft gestalten.<\/h3>\n\n\n\n<p>Westhofen hat eine starke Identit\u00e4t, gepr\u00e4gt durch Vereine, Traditionen und Engagement. Doch es fehlen Treffpunkte, an denen neue Gemeinschaft entstehen kann. Ich m\u00f6chte Begegnung im Alltag f\u00f6rdern ganz ohne Konsumzwang.<\/p>\n\n\n\n<p>Daf\u00fcr schlage ich vor:<\/p>\n\n\n\n<ul class=\"wp-block-list\">\n<li>Ein \u201eWesthofener Zentrum\u201c im historischen Ortskern mit kleiner Gastronomie, Sitzgelegenheiten und Fahrradstra\u00dfen.<\/li>\n\n\n\n<li>Verkehrsberuhigte Zonen mit Tempo 20 und sicheren Wegen.<\/li>\n\n\n\n<li>Belebung des alten Rathauses als Ort f\u00fcr Kurse, Treffpunkte, politische Gespr\u00e4che und Kultur.<\/li>\n\n\n\n<li>\u00d6ffentliche R\u00e4ume, die auch f\u00fcr Frauen sicher und zug\u00e4nglich sind, mit guter Beleuchtung, klaren Sichtachsen und Aufenthaltsqualit\u00e4t.<\/li>\n<\/ul>\n<\/div>\n\n\n\n<div style=\"height:16px\" aria-hidden=\"true\" class=\"wp-block-spacer\"><\/div>\n\n\n\n<div class=\"wp-block-group is-layout-constrained wp-block-group-is-layout-constrained\">\n<h3 class=\"wp-block-heading has-text-color has-link-color has-gruenetype-font-family wp-elements-33aebe6a264ea60e72f04b6029b64154\" style=\"color:#2b8554\">Regenerative Energie \u2013 aus Westhofen, f\u00fcr Westhofen.<\/h3>\n\n\n\n<p>Klimaschutz beginnt direkt vor der Haust\u00fcr. Westhofen hat Potenzial, ein Vorreiter f\u00fcr die lokale Energiewende zu werden. Mit klarer B\u00fcrgerbeteiligung und gezielten Anreizen kann der Stadtteil unabh\u00e4ngiger, klimafreundlicher und zukunftsf\u00e4higer werden. <\/p>\n\n\n\n<p>Unsere Vorschl\u00e4ge:<\/p>\n\n\n\n<ul class=\"wp-block-list\">\n<li>Eine Westhofener B\u00fcrgerenergie-gesellschaft mit Mitspracherecht.<\/li>\n\n\n\n<li>Unterst\u00fctzung f\u00fcr PV-Anlagen auf D\u00e4chern und Balkonen.<\/li>\n\n\n\n<li>Pr\u00fcfung von Fl\u00e4chen f\u00fcr Windkraft unter Einbezug der Anwohnenden.<\/li>\n<\/ul>\n<\/div>\n\n\n\n<div style=\"height:16px\" aria-hidden=\"true\" class=\"wp-block-spacer\"><\/div>\n\n\n\n<div class=\"wp-block-group is-layout-constrained wp-block-group-is-layout-constrained\">\n<h3 class=\"wp-block-heading has-text-color has-link-color has-gruenetype-font-family wp-elements-39520c99d7b0e0a22c7938715d260281\" style=\"color:#2b8554\">Gerechtigkeit und Vielfalt \u2013 Gemeinsam f\u00fcr ein solidarisches Westhofen.<\/h3>\n\n\n\n<p>Soziale Gerechtigkeit zeigt sich auch im Lokalen. Ich setze mich f\u00fcr Wohnkonzepte ein, die Nachbarschaft st\u00e4rken, Gemeinschaft f\u00f6rdern und Einsamkeit vorbeugen. Konzepte, in denen Menschen in verschiedenen Lebensphasen bezahlbar und w\u00fcrdevoll leben k\u00f6nnen.<\/p>\n\n\n\n<p>Deshalb m\u00f6chte ich:<\/p>\n\n\n\n<ul class=\"wp-block-list\">\n<li>Gemeinschaftliches Wohnen, Mehrgenerationenprojekte und barrierefreie Wohnformen st\u00e4rken.<\/li>\n\n\n\n<li>Initiativen gegen Armut, Diskriminierung und soziale Spaltung unterst\u00fctzen.<\/li>\n\n\n\n<li>Ehrenamt und Nachbarschaftshilfe f\u00f6rdern.<\/li>\n\n\n\n<li>Kultureller Einrichtungen f\u00f6rdern und Bildungsangebote vor Ort st\u00e4rken.<\/li>\n<\/ul>\n<\/div>\n\n\n\nngg_shortcode_0_placeholder\n","protected":false},"excerpt":{"rendered":"<p>Ich bin 40 Jahre alt und in Westhofen geboren. Nach dem Abitur am FBG habe ich Rechtswissenschaften in M\u00fcnster studiert, mich jedoch vor dem Abschluss bewusst gegen die Juristerei und [&hellip;]<\/p>\n","protected":false},"author":12,"featured_media":0,"parent":2885,"menu_order":0,"comment_status":"closed","ping_status":"closed","template":"","meta":{"ngg_post_thumbnail":0,"footnotes":""},"class_list":["post-12398","page","type-page","status-publish","hentry"],"jetpack_sharing_enabled":true,"_links":{"self":[{"href":"https:\/\/gruene-schwerte.de\/index.php\/wp-json\/wp\/v2\/pages\/12398","targetHints":{"allow":["GET"]}}],"collection":[{"href":"https:\/\/gruene-schwerte.de\/index.php\/wp-json\/wp\/v2\/pages"}],"about":[{"href":"https:\/\/gruene-schwerte.de\/index.php\/wp-json\/wp\/v2\/types\/page"}],"author":[{"embeddable":true,"href":"https:\/\/gruene-schwerte.de\/index.php\/wp-json\/wp\/v2\/users\/12"}],"replies":[{"embeddable":true,"href":"https:\/\/gruene-schwerte.de\/index.php\/wp-json\/wp\/v2\/comments?post=12398"}],"version-history":[{"count":3,"href":"https:\/\/gruene-schwerte.de\/index.php\/wp-json\/wp\/v2\/pages\/12398\/revisions"}],"predecessor-version":[{"id":12526,"href":"https:\/\/gruene-schwerte.de\/index.php\/wp-json\/wp\/v2\/pages\/12398\/revisions\/12526"}],"up":[{"embeddable":true,"href":"https:\/\/gruene-schwerte.de\/index.php\/wp-json\/wp\/v2\/pages\/2885"}],"wp:attachment":[{"href":"https:\/\/gruene-schwerte.de\/index.php\/wp-json\/wp\/v2\/media?parent=12398"}],"curies":[{"name":"wp","href":"https:\/\/api.w.org\/{rel}","templated":true}]}}