{"id":12387,"date":"2025-07-02T12:46:20","date_gmt":"2025-07-02T10:46:20","guid":{"rendered":"https:\/\/gruene-schwerte.de\/?page_id=12387"},"modified":"2025-07-09T22:17:26","modified_gmt":"2025-07-09T20:17:26","slug":"lana-bloemer","status":"publish","type":"page","link":"https:\/\/gruene-schwerte.de\/index.php\/lana-bloemer\/","title":{"rendered":"Lana Bl\u00f6mer"},"content":{"rendered":"\n<div class=\"wp-block-media-text is-stacked-on-mobile\" style=\"grid-template-columns:44% auto\"><figure class=\"wp-block-media-text__media\"><img loading=\"lazy\" decoding=\"async\" width=\"800\" height=\"1000\" src=\"http:\/\/gruene-schwerte.de\/wp-content\/uploads\/2025\/07\/09_Lana-Bloemer-800x1000.jpg\" alt=\"\" class=\"wp-image-12507 size-full\" srcset=\"https:\/\/gruene-schwerte.de\/wp-content\/uploads\/2025\/07\/09_Lana-Bloemer-800x1000.jpg 800w, https:\/\/gruene-schwerte.de\/wp-content\/uploads\/2025\/07\/09_Lana-Bloemer-400x500.jpg 400w, https:\/\/gruene-schwerte.de\/wp-content\/uploads\/2025\/07\/09_Lana-Bloemer-768x960.jpg 768w, https:\/\/gruene-schwerte.de\/wp-content\/uploads\/2025\/07\/09_Lana-Bloemer.jpg 1080w\" sizes=\"auto, (max-width: 800px) 100vw, 800px\" \/><\/figure><div class=\"wp-block-media-text__content\">\n<p>Ich bin 35 Jahre alt und wurde in Schwerte geboren. Nachdem ich kurz in Dortmund und Iserlohn gewohnt habe, bin ich nach Schwerte zur\u00fcckgekehrt und froh, mit meinem Sohn in meiner Heimatstadt zu leben.<\/p>\n\n\n\n<p>In meiner Freizeit spiele ich Theater, schreibe eigene Texte und setze mich f\u00fcr die LGBTQIA+-Community ein.<\/p>\n\n\n\n<p>Ich bin Sozialarbeiterin im Bereich der Kinder- und Jugendhilfe. Ich bin Mama. Ich bin Frau. Ich bin queer. Am Herzen liegen mir der Schutz unseres Klimas, unserer Tiere, der Natur. Gleiche Bildungschancen f\u00fcr alle Kinder. Die Gleichstellung aller Geschlechter. Ich bin laut f\u00fcr den Schutz unserer Demokratie.<\/p>\n<\/div><\/div>\n\n\n\n<div style=\"height:12px\" aria-hidden=\"true\" class=\"wp-block-spacer\"><\/div>\n\n\n\n<ul class=\"wp-block-social-links is-layout-flex wp-block-social-links-is-layout-flex\"><li class=\"wp-social-link wp-social-link-mail  wp-block-social-link\"><a href=\"#\" data-unscramble=\"e;001#&;640#&e;611#&;411#&e;911#&h;990#&s-;101#&neur;301#&;460#&;411#&;101#&;901#&e;111#&;801#&;890#&.an;790#&;801#&\" class=\"wp-block-social-link-anchor\"><svg width=\"24\" height=\"24\" viewBox=\"0 0 24 24\" version=\"1.1\" xmlns=\"http:\/\/www.w3.org\/2000\/svg\" aria-hidden=\"true\" focusable=\"false\"><path d=\"M19,5H5c-1.1,0-2,.9-2,2v10c0,1.1.9,2,2,2h14c1.1,0,2-.9,2-2V7c0-1.1-.9-2-2-2zm.5,12c0,.3-.2.5-.5.5H5c-.3,0-.5-.2-.5-.5V9.8l7.5,5.6,7.5-5.6V17zm0-9.1L12,13.6,4.5,7.9V7c0-.3.2-.5.5-.5h14c.3,0,.5.2.5.5v.9z\"><\/path><\/svg><span class=\"wp-block-social-link-label screen-reader-text\">E-Mail<\/span><\/a><\/li><\/ul>\n\n\n\n<div style=\"height:31px\" aria-hidden=\"true\" class=\"wp-block-spacer\"><\/div>\n\n\n\n<h1 class=\"wp-block-heading\">Meine Herzensthemen auf einen Blick: <\/h1>\n\n\n\n<div style=\"height:16px\" aria-hidden=\"true\" class=\"wp-block-spacer\"><\/div>\n\n\n\n<div class=\"wp-block-group is-layout-constrained wp-block-group-is-layout-constrained\">\n<h3 class=\"wp-block-heading has-text-color has-link-color has-gruenetype-font-family wp-elements-048f7f5bc07926df54f615c096f73100\" style=\"color:#2b8554\">Ein buntes Schwerte, das allen Lebensrealit\u00e4ten Raum gibt.<\/h3>\n\n\n\n<p>Schwerte ist bereits eine charmante, weltoffene Stadt voller k\u00fcnstlerischer, kultureller und politischer Energie. Schwerte lebt von seinen B\u00fcrger*innen und ihrem Einsatz f\u00fcr die Gestaltung unserer Stadt und ehrenamtlichen Engagement. Diese Vielf\u00e4ltigkeit zeichnet uns aus.<\/p>\n\n\n\n<p>Darum m\u00f6chte ich:<\/p>\n\n\n\n<ul class=\"wp-block-list\">\n<li>Begegnungsr\u00e4ume schaffen, die unter-schiedliche Kulturen zusammenbringen<\/li>\n\n\n\n<li>Safer Spaces f\u00fcr Personen der LGBTQIA+-Community<\/li>\n\n\n\n<li>Neue Feste und Veranstaltungen erm\u00f6glichen, die unser buntes Programm erweitern<\/li>\n\n\n\n<li>B\u00fcrger*inneninitiativen st\u00e4rken \u2013 wir gestalten unsere Stadt selbst!<\/li>\n<\/ul>\n<\/div>\n\n\n\n<div style=\"height:16px\" aria-hidden=\"true\" class=\"wp-block-spacer\"><\/div>\n\n\n\n<div class=\"wp-block-group is-layout-constrained wp-block-group-is-layout-constrained\">\n<h3 class=\"wp-block-heading has-text-color has-link-color has-gruenetype-font-family wp-elements-f397ad7e934f2f331c715c0d315a89c6\" style=\"color:#2b8554\">Ein Schwerte, das Klima, Natur und Menschen sch\u00fctzt.<\/h3>\n\n\n\n<p>Damit Schwerte das Ziel \u201eKlimaneutral 2040\u201c erreicht, erstellen wir ein Klimaschutzkonzept, das diesen Namen auch verdient. Dabei schaffen Erneuerbare Energien in Schwerte lokal Wohlstand und machen uns unabh\u00e4ngig, wir f\u00f6rdern den Ausbau im privaten und \u00f6ffentlichen Raum.<\/p>\n\n\n\n<p>Die bereits jetzt sp\u00fcrbaren Auswirkungen des Klimawandels bek\u00e4mpfen wir durch:<\/p>\n\n\n\n<ul class=\"wp-block-list\">\n<li>Gr\u00fcne Oasen als nat\u00fcrliche Schattenorte, die die Stadt abk\u00fchlen.<\/li>\n\n\n\n<li>Schutz f\u00fcr Menschen und Eigentum vor den Folgen von Starkregen und \u00dcberflutungen durch ein Hochwasserschutzkonzept in ganz Schwerte.<\/li>\n\n\n\n<li>Erhalt der heimischen Tier- und Pflanzenwelt.<\/li>\n<\/ul>\n<\/div>\n\n\n\n<div style=\"height:16px\" aria-hidden=\"true\" class=\"wp-block-spacer\"><\/div>\n\n\n\n<div class=\"wp-block-group is-layout-constrained wp-block-group-is-layout-constrained\">\n<h3 class=\"wp-block-heading has-text-color has-link-color has-gruenetype-font-family wp-elements-209c21f2e9d299b802b789ca81ed33dd\" style=\"color:#2b8554\">Politik sichtbar und verst\u00e4ndlich f\u00fcr alle gestalten.<\/h3>\n\n\n\n<p>Transparente Entscheidungen, bei denen alle B\u00fcrger*innen fr\u00fchzeitig beteiligt werden, schaffen eine lebendige und stabile Demokratie in unserer Stadt.<\/p>\n\n\n\n<p>Daf\u00fcr m\u00f6chten wir:<\/p>\n\n\n\n<ul class=\"wp-block-list\">\n<li>Einen B\u00fcrger*innenrat einrichten, damit wir bei zentralen st\u00e4dtischen Themen alle miteinbeziehen.<\/li>\n\n\n\n<li>Sitzungen des Stadtrates und der Aussch\u00fcsse streamen.<\/li>\n\n\n\n<li>Die Website und st\u00e4dtische Dokumente in einfacher Sprache zur Verf\u00fcgung stellen.<\/li>\n\n\n\n<li>H\u00fcrden bei direkten Beteiligungsformaten, wie der MitMachStadt, senken.<\/li>\n<\/ul>\n<\/div>\n\n\n\n<div style=\"height:16px\" aria-hidden=\"true\" class=\"wp-block-spacer\"><\/div>\n\n\n\n<div class=\"wp-block-group is-layout-constrained wp-block-group-is-layout-constrained\">\n<h3 class=\"wp-block-heading has-text-color has-link-color has-gruenetype-font-family wp-elements-0278e154ba11b3c09eaa9dbf15a73e17\" style=\"color:#2b8554\">Ein Schwerte, das sich f\u00fcr soziale Gerechtigkeit und Teilhabe stark macht.<\/h3>\n\n\n\n<p>Ich setze mich ein f\u00fcr:<\/p>\n\n\n\n<ul class=\"wp-block-list\">\n<li>Die Schaffung von niederschwelligen Angeboten, die Einsamkeit und Isolation entgegenwirken.<\/li>\n\n\n\n<li>Den Ausbau des \u00d6PNV und von Fahrradwegen um t\u00e4gliche Wege sicher zu gestalten.<\/li>\n\n\n\n<li>Den Aufbau eines M\u00fctterzentrums.<\/li>\n\n\n\n<li>Die F\u00f6rderung der Kinder und Jugendlichen unserer Stadt durch altersangemessene Bildungs- und Freizeitangebote.<\/li>\n\n\n\n<li>Einen ressourcenorientierten, kulturoffenen Umgang mit Migration.<\/li>\n<\/ul>\n<\/div>\n\n\n\nngg_shortcode_0_placeholder\n\n\n\n<p><\/p>\n","protected":false},"excerpt":{"rendered":"<p>Ich bin 35 Jahre alt und wurde in Schwerte geboren. Nachdem ich kurz in Dortmund und Iserlohn gewohnt habe, bin ich nach Schwerte zur\u00fcckgekehrt und froh, mit meinem Sohn in [&hellip;]<\/p>\n","protected":false},"author":12,"featured_media":0,"parent":0,"menu_order":0,"comment_status":"closed","ping_status":"closed","template":"","meta":{"ngg_post_thumbnail":0,"footnotes":""},"class_list":["post-12387","page","type-page","status-publish","hentry"],"jetpack_sharing_enabled":true,"_links":{"self":[{"href":"https:\/\/gruene-schwerte.de\/index.php\/wp-json\/wp\/v2\/pages\/12387","targetHints":{"allow":["GET"]}}],"collection":[{"href":"https:\/\/gruene-schwerte.de\/index.php\/wp-json\/wp\/v2\/pages"}],"about":[{"href":"https:\/\/gruene-schwerte.de\/index.php\/wp-json\/wp\/v2\/types\/page"}],"author":[{"embeddable":true,"href":"https:\/\/gruene-schwerte.de\/index.php\/wp-json\/wp\/v2\/users\/12"}],"replies":[{"embeddable":true,"href":"https:\/\/gruene-schwerte.de\/index.php\/wp-json\/wp\/v2\/comments?post=12387"}],"version-history":[{"count":5,"href":"https:\/\/gruene-schwerte.de\/index.php\/wp-json\/wp\/v2\/pages\/12387\/revisions"}],"predecessor-version":[{"id":12541,"href":"https:\/\/gruene-schwerte.de\/index.php\/wp-json\/wp\/v2\/pages\/12387\/revisions\/12541"}],"wp:attachment":[{"href":"https:\/\/gruene-schwerte.de\/index.php\/wp-json\/wp\/v2\/media?parent=12387"}],"curies":[{"name":"wp","href":"https:\/\/api.w.org\/{rel}","templated":true}]}}