{"id":12359,"date":"2025-07-02T12:44:54","date_gmt":"2025-07-02T10:44:54","guid":{"rendered":"https:\/\/gruene-schwerte.de\/?page_id=12359"},"modified":"2025-07-09T22:22:48","modified_gmt":"2025-07-09T20:22:48","slug":"tonya-seidel","status":"publish","type":"page","link":"https:\/\/gruene-schwerte.de\/index.php\/tonya-seidel\/","title":{"rendered":"Tonya Seidel"},"content":{"rendered":"\n<div class=\"wp-block-media-text is-stacked-on-mobile\" style=\"grid-template-columns:37% auto\"><figure class=\"wp-block-media-text__media\"><img loading=\"lazy\" decoding=\"async\" width=\"800\" height=\"1000\" src=\"http:\/\/gruene-schwerte.de\/wp-content\/uploads\/2025\/07\/07_Tonya-Seidel-800x1000.jpg\" alt=\"\" class=\"wp-image-12505 size-full\" srcset=\"https:\/\/gruene-schwerte.de\/wp-content\/uploads\/2025\/07\/07_Tonya-Seidel-800x1000.jpg 800w, https:\/\/gruene-schwerte.de\/wp-content\/uploads\/2025\/07\/07_Tonya-Seidel-400x500.jpg 400w, https:\/\/gruene-schwerte.de\/wp-content\/uploads\/2025\/07\/07_Tonya-Seidel-768x960.jpg 768w, https:\/\/gruene-schwerte.de\/wp-content\/uploads\/2025\/07\/07_Tonya-Seidel.jpg 1080w\" sizes=\"auto, (max-width: 800px) 100vw, 800px\" \/><\/figure><div class=\"wp-block-media-text__content\">\n<p>Mein Name ist Tonya Seidel, ich bin 31 Jahre alt, im Wandhofener Oberdorf aufgewachsen und eng mit unserem Dorf verbunden.&nbsp;<\/p>\n\n\n\n<p>Als Ihre Direktkandidatin m\u00f6chte ich mich f\u00fcr ein lebendiges, gut vernetztes Wandhofen stark machen. Als Pendlerin nach Wuppertal wei\u00df ich, wie wichtig eine gute Anbindung ist.&nbsp;<\/p>\n\n\n\n<p>Bei meinen Spazierg\u00e4ngen mit Hund sch\u00e4tze ich die&nbsp; Natur direkt vor der Haust\u00fcr, sehe aber auch Dinge, die verbessert werden k\u00f6nnen.&nbsp; Marode B\u00fcrgersteige, unsichere Fu\u00dfwege und unregelm\u00e4\u00dfig fahrende Busse &#8211; gemeinsam k\u00f6nnen wir diese Probleme angehen.&nbsp;<\/p>\n<\/div><\/div>\n\n\n\n<div style=\"height:12px\" aria-hidden=\"true\" class=\"wp-block-spacer\"><\/div>\n\n\n\n<ul class=\"wp-block-social-links is-layout-flex wp-block-social-links-is-layout-flex\"><li class=\"wp-social-link wp-social-link-instagram  wp-block-social-link\"><a href=\"https:\/\/www.instagram.com\/tonya.s.e\/\" class=\"wp-block-social-link-anchor\"><svg width=\"24\" height=\"24\" viewBox=\"0 0 24 24\" version=\"1.1\" xmlns=\"http:\/\/www.w3.org\/2000\/svg\" aria-hidden=\"true\" focusable=\"false\"><path d=\"M12,4.622c2.403,0,2.688,0.009,3.637,0.052c0.877,0.04,1.354,0.187,1.671,0.31c0.42,0.163,0.72,0.358,1.035,0.673 c0.315,0.315,0.51,0.615,0.673,1.035c0.123,0.317,0.27,0.794,0.31,1.671c0.043,0.949,0.052,1.234,0.052,3.637 s-0.009,2.688-0.052,3.637c-0.04,0.877-0.187,1.354-0.31,1.671c-0.163,0.42-0.358,0.72-0.673,1.035 c-0.315,0.315-0.615,0.51-1.035,0.673c-0.317,0.123-0.794,0.27-1.671,0.31c-0.949,0.043-1.233,0.052-3.637,0.052 s-2.688-0.009-3.637-0.052c-0.877-0.04-1.354-0.187-1.671-0.31c-0.42-0.163-0.72-0.358-1.035-0.673 c-0.315-0.315-0.51-0.615-0.673-1.035c-0.123-0.317-0.27-0.794-0.31-1.671C4.631,14.688,4.622,14.403,4.622,12 s0.009-2.688,0.052-3.637c0.04-0.877,0.187-1.354,0.31-1.671c0.163-0.42,0.358-0.72,0.673-1.035 c0.315-0.315,0.615-0.51,1.035-0.673c0.317-0.123,0.794-0.27,1.671-0.31C9.312,4.631,9.597,4.622,12,4.622 M12,3 C9.556,3,9.249,3.01,8.289,3.054C7.331,3.098,6.677,3.25,6.105,3.472C5.513,3.702,5.011,4.01,4.511,4.511 c-0.5,0.5-0.808,1.002-1.038,1.594C3.25,6.677,3.098,7.331,3.054,8.289C3.01,9.249,3,9.556,3,12c0,2.444,0.01,2.751,0.054,3.711 c0.044,0.958,0.196,1.612,0.418,2.185c0.23,0.592,0.538,1.094,1.038,1.594c0.5,0.5,1.002,0.808,1.594,1.038 c0.572,0.222,1.227,0.375,2.185,0.418C9.249,20.99,9.556,21,12,21s2.751-0.01,3.711-0.054c0.958-0.044,1.612-0.196,2.185-0.418 c0.592-0.23,1.094-0.538,1.594-1.038c0.5-0.5,0.808-1.002,1.038-1.594c0.222-0.572,0.375-1.227,0.418-2.185 C20.99,14.751,21,14.444,21,12s-0.01-2.751-0.054-3.711c-0.044-0.958-0.196-1.612-0.418-2.185c-0.23-0.592-0.538-1.094-1.038-1.594 c-0.5-0.5-1.002-0.808-1.594-1.038c-0.572-0.222-1.227-0.375-2.185-0.418C14.751,3.01,14.444,3,12,3L12,3z M12,7.378 c-2.552,0-4.622,2.069-4.622,4.622S9.448,16.622,12,16.622s4.622-2.069,4.622-4.622S14.552,7.378,12,7.378z M12,15 c-1.657,0-3-1.343-3-3s1.343-3,3-3s3,1.343,3,3S13.657,15,12,15z M16.804,6.116c-0.596,0-1.08,0.484-1.08,1.08 s0.484,1.08,1.08,1.08c0.596,0,1.08-0.484,1.08-1.08S17.401,6.116,16.804,6.116z\"><\/path><\/svg><span class=\"wp-block-social-link-label screen-reader-text\">Instagram<\/span><\/a><\/li>\n\n<li class=\"wp-social-link wp-social-link-facebook  wp-block-social-link\"><a href=\"https:\/\/www.facebook.com\/profile.php?id=100085939653247\" class=\"wp-block-social-link-anchor\"><svg width=\"24\" height=\"24\" viewBox=\"0 0 24 24\" version=\"1.1\" xmlns=\"http:\/\/www.w3.org\/2000\/svg\" aria-hidden=\"true\" focusable=\"false\"><path d=\"M12 2C6.5 2 2 6.5 2 12c0 5 3.7 9.1 8.4 9.9v-7H7.9V12h2.5V9.8c0-2.5 1.5-3.9 3.8-3.9 1.1 0 2.2.2 2.2.2v2.5h-1.3c-1.2 0-1.6.8-1.6 1.6V12h2.8l-.4 2.9h-2.3v7C18.3 21.1 22 17 22 12c0-5.5-4.5-10-10-10z\"><\/path><\/svg><span class=\"wp-block-social-link-label screen-reader-text\">Facebook<\/span><\/a><\/li>\n\n<li class=\"wp-social-link wp-social-link-mail  wp-block-social-link\"><a href=\"#\" data-unscramble=\"e;001#&;640#&etre;911#&h;990#&;511#&-e;011#&;101#&;711#&;411#&g;460#&;801#&;101#&di;101#&;511#&;640#&;790#&y;011#&ot\" class=\"wp-block-social-link-anchor\"><svg width=\"24\" height=\"24\" viewBox=\"0 0 24 24\" version=\"1.1\" xmlns=\"http:\/\/www.w3.org\/2000\/svg\" aria-hidden=\"true\" focusable=\"false\"><path d=\"M19,5H5c-1.1,0-2,.9-2,2v10c0,1.1.9,2,2,2h14c1.1,0,2-.9,2-2V7c0-1.1-.9-2-2-2zm.5,12c0,.3-.2.5-.5.5H5c-.3,0-.5-.2-.5-.5V9.8l7.5,5.6,7.5-5.6V17zm0-9.1L12,13.6,4.5,7.9V7c0-.3.2-.5.5-.5h14c.3,0,.5.2.5.5v.9z\"><\/path><\/svg><span class=\"wp-block-social-link-label screen-reader-text\">E-Mail<\/span><\/a><\/li><\/ul>\n\n\n\n<div style=\"height:31px\" aria-hidden=\"true\" class=\"wp-block-spacer\"><\/div>\n\n\n\n<h1 class=\"wp-block-heading\">Meine Herzensthemen auf einen Blick: <\/h1>\n\n\n\n<div style=\"height:16px\" aria-hidden=\"true\" class=\"wp-block-spacer\"><\/div>\n\n\n\n<div class=\"wp-block-group is-layout-constrained wp-block-group-is-layout-constrained\">\n<h3 class=\"wp-block-heading has-text-color has-link-color has-gruenetype-font-family wp-elements-bbb21a1a2f110f595a89ff32a6d597cf\" style=\"color:#2b8554\">Miteinander leben \u2013 Orte der Begegnung in Wandhofen<\/h3>\n\n\n\n<p>In Wandhofen halten wir zusammen. Dorffeste wie das Osterfeuer, gelebtes Ehrenamt und ein umsorgtes Miteinander machen unseren Ortsteil besonders. Nur durch freiwilliges Engagement konnte der Friedhof erhalten bleiben \u2013 das ist echte Dorfgemeinschaft.<\/p>\n\n\n\n<p>Damit Wandhofen lebendig bleibt, brauchen wir Begegnungsorte: im neuen Klimagarten oder auf Festen.<\/p>\n\n\n\n<p>Gleichzeitig brauchen wir wohnortnahe Einkaufsm\u00f6glichkeiten \u2013 kleine Stadtteill\u00e4den, wie fr\u00fcher der B\u00e4cker im Oberdorf. So schaffen wir Orte, an denen man Brot, Butter und Gespr\u00e4che findet. Das sch\u00fctzt Jung und Alt vor Einsamkeit und st\u00e4rkt unsere Gemeinschaft.<\/p>\n<\/div>\n\n\n\n<div style=\"height:16px\" aria-hidden=\"true\" class=\"wp-block-spacer\"><\/div>\n\n\n\n<div class=\"wp-block-group is-layout-constrained wp-block-group-is-layout-constrained\">\n<h3 class=\"wp-block-heading has-text-color has-link-color has-gruenetype-font-family wp-elements-150c88f1751bfe543ca646fb89b332cd\" style=\"color:#2b8554\">Gr\u00fcn bleibt gr\u00fcn \u2013 Natur sch\u00fctzen und erlebbar machen<\/h3>\n\n\n\n<p>Wandhofen liegt mitten im Gr\u00fcnen: mit den Ruhrwiesen, vielen Feldern, Waldst\u00fccken und alten Wegen zur Ruhrakademie oder der gelben Br\u00fccke.<\/p>\n\n\n\n<p>Das ist ein Schatz, den wir erhalten m\u00fcssen. Die naturnahe Bepflanzung mit Wildblumen am Kreisel zeigt, wie sch\u00f6n das geht, andere Ortsteile beneiden uns darum.<\/p>\n\n\n\n<p>Der entstehende Klimagarten soll nicht nur Symbolpolitik sein, sondern ein Ort der Begegnung werden, der Schatten und Platz zum Verweilen bietet, auch in hei\u00dfen Sommern.<\/p>\n\n\n\n<p>Denn Natur sch\u00fctzt nicht nur das Klima, sie bringt uns zusammen, direkt vor der Haust\u00fcr.<\/p>\n<\/div>\n\n\n\n<div style=\"height:16px\" aria-hidden=\"true\" class=\"wp-block-spacer\"><\/div>\n\n\n\n<div class=\"wp-block-group is-layout-constrained wp-block-group-is-layout-constrained\">\n<h3 class=\"wp-block-heading has-text-color has-link-color has-gruenetype-font-family wp-elements-ebee324fd369bbe7e4f12878e3db15a0\" style=\"color:#2b8554\">Besser angebunden \u2013 sicher und unabh\u00e4ngig unterwegs<\/h3>\n\n\n\n<p>Wandhofen braucht eine bessere Verbindung nach Schwerte. Der neue Radweg von Westhofen \u00fcber Wandhofen zum Stadtkern ist l\u00e4ngst \u00fcberf\u00e4llig: Er macht Alltagswege sicherer und bietet eine echte Alternative zum Auto oder Bus.<\/p>\n\n\n\n<p>Der sp\u00e4te Heimweg aus Schwerte ist zu Fu\u00df oft der einzig machbare, da abends keine Busse mehr fahren. Auch dann ist der Weg nicht sicher, denn er ist sehr dunkel und der B\u00fcrgersteig auf der Wandhofener Stra\u00dfe l\u00e4sst zu w\u00fcnschen \u00fcbrig, gerade f\u00fcr Menschen mit Gehhilfe oder Kinderwagen. Diese Wege m\u00fcssen f\u00fcr alle Menschen machbar und sicher sein.<\/p>\n<\/div>\n\n\n\n<div style=\"height:16px\" aria-hidden=\"true\" class=\"wp-block-spacer\"><\/div>\n\n\n\n<div class=\"wp-block-group is-layout-constrained wp-block-group-is-layout-constrained\">\n<h3 class=\"wp-block-heading has-text-color has-link-color has-gruenetype-font-family wp-elements-522c76a58af907b5d922ac7cb19426d4\" style=\"color:#2b8554\">Ein Schwerte, in dem die Eigenst\u00e4ndigkeit und Teilhabe von Frauen gef\u00f6rdert werden.<\/h3>\n\n\n\n<p>Frauen sind in unserer Gesellschaft noch immer benachteiligt, die Zahlen h\u00e4uslicher Gewalt steigen. Deshalb setzen wir uns daf\u00fcr ein, dass die Frauenhauspl\u00e4tze im Kreis erweitert werden.<\/p>\n\n\n\n<p>Um die Eigenst\u00e4ndigkeit von Frauen zu st\u00e4rken, m\u00f6chten wir in Schwerte ein M\u00fctterzentrum und Mehrgenerationenhaus einrichten. Hier gibt es die M\u00f6glichkeit, Kinderbetreuung und Bildungsangebote zeitgleich in Anspruch zu nehmen.<\/p>\n\n\n\n<p>Durch eine flexiblere Gestaltung von OGS und Kita k\u00f6nnen auch Alleinerziehende unterst\u00fctzt werden. Eine Kinderbetreuung w\u00e4hrend der Sitzungen von Stadtrat und Aussch\u00fcssen f\u00f6rdert die politische Teilhabe von Eltern, insbesondere M\u00fcttern.<\/p>\n<\/div>\n\n\n\nngg_shortcode_0_placeholder\n\n\n\n<p><\/p>\n","protected":false},"excerpt":{"rendered":"<p>Mein Name ist Tonya Seidel, ich bin 31 Jahre alt, im Wandhofener Oberdorf aufgewachsen und eng mit unserem Dorf verbunden.&nbsp; Als Ihre Direktkandidatin m\u00f6chte ich mich f\u00fcr ein lebendiges, gut [&hellip;]<\/p>\n","protected":false},"author":12,"featured_media":0,"parent":0,"menu_order":0,"comment_status":"closed","ping_status":"closed","template":"","meta":{"ngg_post_thumbnail":0,"footnotes":""},"class_list":["post-12359","page","type-page","status-publish","hentry"],"jetpack_sharing_enabled":true,"_links":{"self":[{"href":"https:\/\/gruene-schwerte.de\/index.php\/wp-json\/wp\/v2\/pages\/12359","targetHints":{"allow":["GET"]}}],"collection":[{"href":"https:\/\/gruene-schwerte.de\/index.php\/wp-json\/wp\/v2\/pages"}],"about":[{"href":"https:\/\/gruene-schwerte.de\/index.php\/wp-json\/wp\/v2\/types\/page"}],"author":[{"embeddable":true,"href":"https:\/\/gruene-schwerte.de\/index.php\/wp-json\/wp\/v2\/users\/12"}],"replies":[{"embeddable":true,"href":"https:\/\/gruene-schwerte.de\/index.php\/wp-json\/wp\/v2\/comments?post=12359"}],"version-history":[{"count":3,"href":"https:\/\/gruene-schwerte.de\/index.php\/wp-json\/wp\/v2\/pages\/12359\/revisions"}],"predecessor-version":[{"id":12552,"href":"https:\/\/gruene-schwerte.de\/index.php\/wp-json\/wp\/v2\/pages\/12359\/revisions\/12552"}],"wp:attachment":[{"href":"https:\/\/gruene-schwerte.de\/index.php\/wp-json\/wp\/v2\/media?parent=12359"}],"curies":[{"name":"wp","href":"https:\/\/api.w.org\/{rel}","templated":true}]}}