{"id":12264,"date":"2025-07-02T12:45:11","date_gmt":"2025-07-02T10:45:11","guid":{"rendered":"https:\/\/gruene-schwerte.de\/?page_id=12264"},"modified":"2025-07-09T22:21:57","modified_gmt":"2025-07-09T20:21:57","slug":"thomas-moeller","status":"publish","type":"page","link":"https:\/\/gruene-schwerte.de\/index.php\/thomas-moeller\/","title":{"rendered":"Thomas M\u00f6ller"},"content":{"rendered":"\n<div class=\"wp-block-media-text is-stacked-on-mobile\" style=\"grid-template-columns:48% auto\"><figure class=\"wp-block-media-text__media\"><img loading=\"lazy\" decoding=\"async\" width=\"800\" height=\"1000\" src=\"http:\/\/gruene-schwerte.de\/wp-content\/uploads\/2025\/07\/10_Thomas-Moeller-800x1000.jpg\" alt=\"\" class=\"wp-image-12508 size-full\" srcset=\"https:\/\/gruene-schwerte.de\/wp-content\/uploads\/2025\/07\/10_Thomas-Moeller-800x1000.jpg 800w, https:\/\/gruene-schwerte.de\/wp-content\/uploads\/2025\/07\/10_Thomas-Moeller-400x500.jpg 400w, https:\/\/gruene-schwerte.de\/wp-content\/uploads\/2025\/07\/10_Thomas-Moeller-768x960.jpg 768w, https:\/\/gruene-schwerte.de\/wp-content\/uploads\/2025\/07\/10_Thomas-Moeller.jpg 1080w\" sizes=\"auto, (max-width: 800px) 100vw, 800px\" \/><\/figure><div class=\"wp-block-media-text__content\">\n<h3 class=\"wp-block-heading\">Menschen aus Westhofen und Schwerte nat\u00fcrlich miteinander verbinden.<\/h3>\n\n\n\n<ul class=\"wp-block-list\">\n<li>Bereichsleiter Sicherheitstechnik in einem Hagener Systemhaus<\/li>\n\n\n\n<li>Verheiratet \/ 2 S\u00f6hne<\/li>\n\n\n\n<li>Seit 2008 in Schwerte zu Hause.<\/li>\n<\/ul>\n\n\n\n<p>Die gr\u00f6\u00dfte Herausforderung unserer Tage ist der Klimawandel. Aber wir k\u00f6nnen sehr viel gegen die weitere Erderw\u00e4rmung unternehmen \u2013 auch in Schwerte. Wir verbessern damit unsere Lebensqualit\u00e4t und werden bei der Energieversorgung unabh\u00e4ngiger von nicht-demokratischen Staaten. Die nat\u00fcrliche Umgebung, ein gesundes Klima, ein respektvolles Miteinander, basierend auf den Grundwerten, ist f\u00fcr mich der gr\u00f6\u00dfte Wohlstand \u2013 auch f\u00fcr die k\u00fcnftigen Generationen.<\/p>\n<\/div><\/div>\n\n\n\n<div style=\"height:12px\" aria-hidden=\"true\" class=\"wp-block-spacer\"><\/div>\n\n\n\n<ul class=\"wp-block-social-links is-layout-flex wp-block-social-links-is-layout-flex\"><li class=\"wp-social-link wp-social-link-instagram  wp-block-social-link\"><a href=\"https:\/\/www.instagram.com\/thomasd.moeller\/\" class=\"wp-block-social-link-anchor\"><svg width=\"24\" height=\"24\" viewBox=\"0 0 24 24\" version=\"1.1\" xmlns=\"http:\/\/www.w3.org\/2000\/svg\" aria-hidden=\"true\" focusable=\"false\"><path d=\"M12,4.622c2.403,0,2.688,0.009,3.637,0.052c0.877,0.04,1.354,0.187,1.671,0.31c0.42,0.163,0.72,0.358,1.035,0.673 c0.315,0.315,0.51,0.615,0.673,1.035c0.123,0.317,0.27,0.794,0.31,1.671c0.043,0.949,0.052,1.234,0.052,3.637 s-0.009,2.688-0.052,3.637c-0.04,0.877-0.187,1.354-0.31,1.671c-0.163,0.42-0.358,0.72-0.673,1.035 c-0.315,0.315-0.615,0.51-1.035,0.673c-0.317,0.123-0.794,0.27-1.671,0.31c-0.949,0.043-1.233,0.052-3.637,0.052 s-2.688-0.009-3.637-0.052c-0.877-0.04-1.354-0.187-1.671-0.31c-0.42-0.163-0.72-0.358-1.035-0.673 c-0.315-0.315-0.51-0.615-0.673-1.035c-0.123-0.317-0.27-0.794-0.31-1.671C4.631,14.688,4.622,14.403,4.622,12 s0.009-2.688,0.052-3.637c0.04-0.877,0.187-1.354,0.31-1.671c0.163-0.42,0.358-0.72,0.673-1.035 c0.315-0.315,0.615-0.51,1.035-0.673c0.317-0.123,0.794-0.27,1.671-0.31C9.312,4.631,9.597,4.622,12,4.622 M12,3 C9.556,3,9.249,3.01,8.289,3.054C7.331,3.098,6.677,3.25,6.105,3.472C5.513,3.702,5.011,4.01,4.511,4.511 c-0.5,0.5-0.808,1.002-1.038,1.594C3.25,6.677,3.098,7.331,3.054,8.289C3.01,9.249,3,9.556,3,12c0,2.444,0.01,2.751,0.054,3.711 c0.044,0.958,0.196,1.612,0.418,2.185c0.23,0.592,0.538,1.094,1.038,1.594c0.5,0.5,1.002,0.808,1.594,1.038 c0.572,0.222,1.227,0.375,2.185,0.418C9.249,20.99,9.556,21,12,21s2.751-0.01,3.711-0.054c0.958-0.044,1.612-0.196,2.185-0.418 c0.592-0.23,1.094-0.538,1.594-1.038c0.5-0.5,0.808-1.002,1.038-1.594c0.222-0.572,0.375-1.227,0.418-2.185 C20.99,14.751,21,14.444,21,12s-0.01-2.751-0.054-3.711c-0.044-0.958-0.196-1.612-0.418-2.185c-0.23-0.592-0.538-1.094-1.038-1.594 c-0.5-0.5-1.002-0.808-1.594-1.038c-0.572-0.222-1.227-0.375-2.185-0.418C14.751,3.01,14.444,3,12,3L12,3z M12,7.378 c-2.552,0-4.622,2.069-4.622,4.622S9.448,16.622,12,16.622s4.622-2.069,4.622-4.622S14.552,7.378,12,7.378z M12,15 c-1.657,0-3-1.343-3-3s1.343-3,3-3s3,1.343,3,3S13.657,15,12,15z M16.804,6.116c-0.596,0-1.08,0.484-1.08,1.08 s0.484,1.08,1.08,1.08c0.596,0,1.08-0.484,1.08-1.08S17.401,6.116,16.804,6.116z\"><\/path><\/svg><span class=\"wp-block-social-link-label screen-reader-text\">Instagram<\/span><\/a><\/li>\n\n<li class=\"wp-social-link wp-social-link-facebook  wp-block-social-link\"><a href=\"https:\/\/www.facebook.com\/thomas.moller.967\" class=\"wp-block-social-link-anchor\"><svg width=\"24\" height=\"24\" viewBox=\"0 0 24 24\" version=\"1.1\" xmlns=\"http:\/\/www.w3.org\/2000\/svg\" aria-hidden=\"true\" focusable=\"false\"><path d=\"M12 2C6.5 2 2 6.5 2 12c0 5 3.7 9.1 8.4 9.9v-7H7.9V12h2.5V9.8c0-2.5 1.5-3.9 3.8-3.9 1.1 0 2.2.2 2.2.2v2.5h-1.3c-1.2 0-1.6.8-1.6 1.6V12h2.8l-.4 2.9h-2.3v7C18.3 21.1 22 17 22 12c0-5.5-4.5-10-10-10z\"><\/path><\/svg><span class=\"wp-block-social-link-label screen-reader-text\">Facebook<\/span><\/a><\/li>\n\n<li class=\"wp-social-link wp-social-link-mail  wp-block-social-link\"><a href=\"#\" data-unscramble=\";101#&d.;101#&trewh;990#&;511#&-en;101#&;711#&r;301#&;460#&;411#&e;801#&;801#&eom.;511#&;790#&;901#&oh;611#&\" class=\"wp-block-social-link-anchor\"><svg width=\"24\" height=\"24\" viewBox=\"0 0 24 24\" version=\"1.1\" xmlns=\"http:\/\/www.w3.org\/2000\/svg\" aria-hidden=\"true\" focusable=\"false\"><path d=\"M19,5H5c-1.1,0-2,.9-2,2v10c0,1.1.9,2,2,2h14c1.1,0,2-.9,2-2V7c0-1.1-.9-2-2-2zm.5,12c0,.3-.2.5-.5.5H5c-.3,0-.5-.2-.5-.5V9.8l7.5,5.6,7.5-5.6V17zm0-9.1L12,13.6,4.5,7.9V7c0-.3.2-.5.5-.5h14c.3,0,.5.2.5.5v.9z\"><\/path><\/svg><span class=\"wp-block-social-link-label screen-reader-text\">E-Mail<\/span><\/a><\/li><\/ul>\n\n\n\n<div style=\"height:31px\" aria-hidden=\"true\" class=\"wp-block-spacer\"><\/div>\n\n\n\n<h1 class=\"wp-block-heading\">Meine Herzensthemen auf einen Blick: <\/h1>\n\n\n\n<div style=\"height:16px\" aria-hidden=\"true\" class=\"wp-block-spacer\"><\/div>\n\n\n\n<div class=\"wp-block-group is-layout-constrained wp-block-group-is-layout-constrained\">\n<h3 class=\"wp-block-heading has-text-color has-link-color has-gruenetype-font-family wp-elements-9cebbe21b795de065e646688fc319f4f\" style=\"color:#2b8554\">Beim Autobahnausbau mitreden.<\/h3>\n\n\n\n<p>In den kommenden Jahren wird ein massiver Ausbau des Westhofener Kreuzes stattfinden. Hier m\u00fcssen die Interessen der Anwohner bei Fragen des Schallschutzes, der Fl\u00e4chenversiegelung, des Naturschutzes und der Autobahnumfahrung durch die Baustellen gegen\u00fcber dem Staat vertreten werden.<\/p>\n\n\n\n<p>Daf\u00fcr wollen wir uns mit interessierten Westhofener B\u00fcrgern zusammensetzen und im Schwerter Rat, dem Land und dem Bund Stellung beziehen \u2013 auch w\u00e4hrend der Bauphase.<\/p>\n<\/div>\n\n\n\n<div style=\"height:16px\" aria-hidden=\"true\" class=\"wp-block-spacer\"><\/div>\n\n\n\n<div class=\"wp-block-group is-layout-constrained wp-block-group-is-layout-constrained\">\n<h3 class=\"wp-block-heading has-text-color has-link-color has-gruenetype-font-family wp-elements-25bf35991c4b311b3cca224571a94318\" style=\"color:#2b8554\">Sichere Mobilit\u00e4t f\u00fcr ein sicheres Westhofen.<\/h3>\n\n\n\n<p>Westhofen ist durch das Westhofener Kreuz bekannter als Schwerte selbst. Die Anbindung von Westhofen an Nahziele l\u00e4sst aber noch viel Luft nach oben. <\/p>\n\n\n\n<p>Ich will mich einsetzen f\u00fcr:<\/p>\n\n\n\n<ul class=\"wp-block-list\">\n<li>Sichere, beleuchtete und durchg\u00e4ngige Fu\u00df- und Radwege in Westhofen.<\/li>\n\n\n\n<li>Eine sichere Anbindung der Wohngebiete an die umliegenden Gesch\u00e4fte f\u00fcr Fu\u00dfg\u00e4nger und Radfahrer.<\/li>\n\n\n\n<li>Ein v\u00f6llig neues \u00d6PNV-Angebot, mit k\u00fcrzerer Taktung und direkter Busverbindung nach Dortmund.<\/li>\n\n\n\n<li>Eine neue Linienf\u00fchrung des Busverkehrs.<\/li>\n\n\n\n<li>Die Aktivierung einer Bahnhaltestelle im Ortszentrum.<\/li>\n\n\n\n<li>Sichere Anbindung in die Schwerter Innenstadt mit beleuchteten Alltagsrad- und Fu\u00dfwegen (getrennt von der Autofahrspur).<\/li>\n<\/ul>\n<\/div>\n\n\n\n<div style=\"height:16px\" aria-hidden=\"true\" class=\"wp-block-spacer\"><\/div>\n\n\n\n<div class=\"wp-block-group is-layout-constrained wp-block-group-is-layout-constrained\">\n<h3 class=\"wp-block-heading has-text-color has-link-color has-gruenetype-font-family wp-elements-d565b7d8952cc9675fe5c0a7f7534690\" style=\"color:#2b8554\">Mehr regenerative Energie aus Westhofen, f\u00fcr Westhofen.<\/h3>\n\n\n\n<p>Klimaschutz beginnt direkt vor der Haust\u00fcr. Westhofen hat Potenzial, ein Vorreiter f\u00fcr die lokale Energiewende zu werden. Mit klarer B\u00fcrgerbeteiligung und gezielten Anreizen kann der Stadtteil unabh\u00e4ngiger, klimafreundlicher und zukunftsf\u00e4higer werden. <\/p>\n\n\n\n<p>Unsere Vorschl\u00e4ge:<\/p>\n\n\n\n<ul class=\"wp-block-list\">\n<li>Gr\u00fcndung einer Westhofener B\u00fcrgerenergiegesellschaft mit Mitspracherecht.<\/li>\n\n\n\n<li>Unterst\u00fctzung f\u00fcr Photovoltaik-Anlagen auf D\u00e4chern und Balkonen in den Gewerbegebieten und auf Privath\u00e4usern.<\/li>\n\n\n\n<li>F\u00f6rderung von Balkonkraftwerken f\u00fcr Privath\u00e4user und Mietwohnungen durch die Stadt.<\/li>\n<\/ul>\n<\/div>\n\n\n\n<div style=\"height:16px\" aria-hidden=\"true\" class=\"wp-block-spacer\"><\/div>\n\n\n\n<div class=\"wp-block-group is-layout-constrained wp-block-group-is-layout-constrained\">\n<h3 class=\"wp-block-heading has-text-color has-link-color has-gruenetype-font-family wp-elements-28b644c8cc345518a9b6f5c282a10de4\" style=\"color:#2b8554\">Menschen in Westhofen zusammenbringen.<\/h3>\n\n\n\n<p>Westhofen hat viele Vereine und Gemeinschaften, einmalige jahrhundertealte Traditionen, ein eigenes Stadtteilfest und viele Bewohner, die sich hier zu Hause f\u00fchlen.<\/p>\n\n\n\n<p>Um die Menschen zusammen zu bringen, braucht Westhofen:<\/p>\n\n\n\n<ul class=\"wp-block-list\">\n<li>Ein \u201eZentrum\u201c, mit Treffpunkten und Gastronomie f\u00fcr alle Menschen<\/li>\n\n\n\n<li>Verkehrsberuhigte Zonen mit Fahrradstra\u00dfen, sicheren Fu\u00dfwegen und Sitzgelegenheiten.<\/li>\n\n\n\n<li>Spielstra\u00dfen in zentralen Bereichen.<\/li>\n\n\n\n<li>Einen Raum und kleine B\u00fchne f\u00fcr Kleinkunst, Kultur mit regelm\u00e4\u00dfigen Veranstaltungen.<\/li>\n\n\n\n<li>Das alte Rathaus als Veranstaltungsort f\u00fcr Westhofen und dar\u00fcber hinaus.<\/li>\n<\/ul>\n<\/div>\n\n\n\nngg_shortcode_0_placeholder\n","protected":false},"excerpt":{"rendered":"<p>Meine Herzensthemen auf einen Blick: Beim Autobahnausbau mitreden. In den kommenden Jahren wird ein massiver Ausbau des Westhofener Kreuzes stattfinden. Hier m\u00fcssen die Interessen der Anwohner bei Fragen des Schallschutzes, [&hellip;]<\/p>\n","protected":false},"author":12,"featured_media":0,"parent":0,"menu_order":0,"comment_status":"closed","ping_status":"closed","template":"","meta":{"ngg_post_thumbnail":0,"footnotes":""},"class_list":["post-12264","page","type-page","status-publish","hentry"],"jetpack_sharing_enabled":true,"_links":{"self":[{"href":"https:\/\/gruene-schwerte.de\/index.php\/wp-json\/wp\/v2\/pages\/12264","targetHints":{"allow":["GET"]}}],"collection":[{"href":"https:\/\/gruene-schwerte.de\/index.php\/wp-json\/wp\/v2\/pages"}],"about":[{"href":"https:\/\/gruene-schwerte.de\/index.php\/wp-json\/wp\/v2\/types\/page"}],"author":[{"embeddable":true,"href":"https:\/\/gruene-schwerte.de\/index.php\/wp-json\/wp\/v2\/users\/12"}],"replies":[{"embeddable":true,"href":"https:\/\/gruene-schwerte.de\/index.php\/wp-json\/wp\/v2\/comments?post=12264"}],"version-history":[{"count":5,"href":"https:\/\/gruene-schwerte.de\/index.php\/wp-json\/wp\/v2\/pages\/12264\/revisions"}],"predecessor-version":[{"id":12550,"href":"https:\/\/gruene-schwerte.de\/index.php\/wp-json\/wp\/v2\/pages\/12264\/revisions\/12550"}],"wp:attachment":[{"href":"https:\/\/gruene-schwerte.de\/index.php\/wp-json\/wp\/v2\/media?parent=12264"}],"curies":[{"name":"wp","href":"https:\/\/api.w.org\/{rel}","templated":true}]}}