{"id":1084,"date":"2019-11-14T16:28:07","date_gmt":"2019-11-14T15:28:07","guid":{"rendered":"http:\/\/gruene-schwerte.de\/?page_id=1084"},"modified":"2021-07-30T16:34:17","modified_gmt":"2021-07-30T14:34:17","slug":"datenschutz","status":"publish","type":"page","link":"https:\/\/gruene-schwerte.de\/index.php\/datenschutz\/","title":{"rendered":"Datenschutz"},"content":{"rendered":"<header class=\"article-header\">\n<h1>&nbsp;<\/h1>\n<\/header>\n<section class=\"entry-content clearfix\">\n<h2>Datenschutzerkl\u00e4rung<\/h2>\n<p>Der Schutz Deiner pers\u00f6nlichen Daten ist uns ein besonderes Anliegen. Wir verarbeiten Deine Daten daher ausschlie\u00dflich auf Grundlage der gesetzlichen Bestimmungen (EU-Datenschutzgrundverordnung, Telemediengesetz). In diesen Datenschutzinformationen informieren wir Dich \u00fcber die wichtigsten Aspekte der Datenverarbeitung im Rahmen unserer Website.<\/p>\n<h2>Pers\u00f6nliche Daten<\/h2>\n<p>Pers\u00f6nliche Daten, die Du bei B\u00dcNDNIS 90\/DIE GR\u00dcNEN, Ortsverband Schwerte elektronisch \u00fcbermittelst, z.B. Deinen Namen, Postanschrift, E-Mail-Adresse oder andere pers\u00f6nlichen Angaben, werden von uns nur zum jeweils angegebenen Zweck verwendet, sicher verwahrt und nicht an Dritte weitergegeben. B\u00dcNDNIS 90\/DIE GR\u00dcNEN, Ortsverband Schwerte wird Dir nur Informationen zuschicken, sofern Du dich f\u00fcr entsprechende Dienste angemeldet hast.<\/p>\n<h2>Kontakt mit uns<\/h2>\n<p>Wenn Du per Formular auf der Website oder per E-Mail Kontakt mit uns aufnimmst, werden Deine angegebenen Daten zwecks Bearbeitung der Anfrage und f\u00fcr den Fall von Anschlussfragen sechs Monate bei uns gespeichert.<\/p>\n<h2>Datenl\u00f6schung und Speicherung<\/h2>\n<p>Deine personenbezogenen Daten werden gel\u00f6scht oder gesperrt, sobald der Zweck der Speicherung entf\u00e4llt. Eine l\u00e4ngere Speicherung kann dann erfolgen, wenn der L\u00f6schung eine gesetzliche Aufbewahrungsfrist z.B. entsprechend des Parteienrechts entgegensteht. Eine Weitergabe an Dritte erfolgt nicht.<\/p>\n<h2>Nutzungsdaten und Web-Analyse<\/h2>\n<p>Unserer Website verwendet das WordPress Plugin &#8222;Jetpack&#8220; und &#8222;Google Analytics&#8220;, dabei handelt es sich um sogenannte Webanalysedienste. Wir verwenden sog. \u201cCookies\u201d, das sind Textdateien, die auf Deinem Computer gespeichert werden und die unsererseits eine Analyse der Benutzung der Webseite erm\u00f6glichen. Zu diesem Zweck werden die durch den Cookie erzeugten Nutzungsinformationen (einschlie\u00dflich Deiner gek\u00fcrzten IP-Adresse) an unseren Server bei \u201aElementmedia\u2018, ans\u00e4ssig in Schwerte \u00fcbertragen und auf einem Qualit\u00e4ts- und Sicherheitsniveau wie in Deutschland gehostet. Die Daten werden von uns f\u00fcr ein Jahr zu Nutzungsanalysezwecken gespeichert, was der Webseitenoptimierung unsererseits dient. Deine IP-Adresse wird bei diesem Vorgang umgehend anonymisiert, so dass Du als Nutzer f\u00fcr uns anonym bleibst. Die durch den Cookie erzeugten Informationen \u00fcber Deine Benutzung dieser Webseite werden nicht an Dritte weiter gegeben. Du kannst die Verwendung der Cookies durch eine entsprechende Einstellung Deiner Browser-Software verhindern, es kann jedoch sein, dass Du in diesem Fall gegebenenfalls nicht s\u00e4mtliche Funktionen dieser Website vollumf\u00e4nglich nutzen kannst. (N\u00e4here Informationen findest Du unten unter \u201eVerwendung von Cookies\u201c.)<\/p>\n<p>Wenn Du mit der Speicherung und Auswertung dieser Daten aus Deinem Besuch nicht einverstanden bist, kannst Du der Speicherung und Nutzung per Mausklick jederzeit widersprechen. In diesem Fall wird in Deinem Browser ein sog. Opt-Out-Cookie abgelegt, was zur Folge hat, dass keinerlei Sitzungsdaten erhoben werden. Achtung: Wenn Du Deine Cookies l\u00f6schst, so hat dies zur Folge, dass auch das Opt-Out-Cookie gel\u00f6scht wird und ggf. von Dir erneut aktiviert werden muss.<\/p>\n<h2>Rechtsgrundlage<\/h2>\n<p>Die Datenverarbeitung erfolgt auf Basis der gesetzlichen Bestimmungen und folgender Rechtsgrundlagen:<\/p>\n<p>\u2013 Einwilligung<\/p>\n<p>\u2013 Vertragserf\u00fcllung oder vorvertragliche Ma\u00dfnahmen<\/p>\n<p>\u2013 rechtliche Verpflichtungen<\/p>\n<p>\u2013 Zur Wahrung eines berechtigten Interesses. Die Interessen, Grundrechte und Grundfreiheiten der Betroffenen \u00fcberwiegen das erstgenannte Interesse nicht.<\/p>\n<p>Unser Anliegen im Sinne der DSGVO (berechtigtes Interesse) ist die Verbesserung unseres Angebotes und unseres Webauftritts. Da uns die Privatsph\u00e4re unserer Nutzer wichtig ist, werden die Nutzerdaten pseudonymisiert. Die Daten werden von uns f\u00fcr ein Jahr zu Nutzungsanalysezwecken gespeichert. Deine IP-Adresse wird bei diesem Vorgang umgehend anonymisiert, so dass Du als Nutzer f\u00fcr uns anonym bleibst. Die durch den Cookie erzeugten Informationen \u00fcber Deine Benutzung dieser Webseite werden nicht an Dritte weiter gegeben.<\/p>\n<h2>Eingebundene YouTube-Videos<\/h2>\n<p>Die Webseiten grune.schwerte.de und gruene-schwerte.de binden YouTube-Videos ein. Die eingebundenen Clips legen bei dem Aufrufen der Seite Cookies auf den Computern der User ab. Wer das Setzen von Cookies f\u00fcr das Google-Werbeprogramm deaktiviert hat, wird auch beim Aufrufen von YouTube-Clips mit keinen solchen Cookies rechnen m\u00fcssen. YouTube legt aber auch in anderen Cookies nicht-personenbezogene Nutzungsinformationen ab. M\u00f6chtest Du dies verhindern, musst Du das im Browser blockieren.<\/p>\n<h2>Verwendung von Social Plugins (Facebook, Twitter, Instagram)<\/h2>\n<p>Die Webseiten grune.schwerte.de und gruene-schwerte.de verwenden mit den \u201eTeilen\u201c Buttons sogenannte Social Plugins von Facebook, Instagram und Twitter. Das Plugin ist mit den entsprechenden Logos gekennzeichnet. Wenn Du dieses Plugin durch Anklicken des jeweiligen Buttons aufrufst, wird eine Verbindung z.B. zu den Facebook-Servern hergestellt. Damit werden Daten an ein au\u00dfereurop\u00e4isches Drittland \u00fcbertragen. Hierdurch wird an den Facebook-Server \u00fcbermittelt, welche unserer Internetseiten Du besucht hast. Bist du dabei als Mitglied bei Facebook eingeloggt, ordnet Facebook diese Information Deinem pers\u00f6nlichen Facebook-Benutzerkonto zu. Beim Anklicken des \u201eEmpfehlen\u201c-Buttons werden diese Informationen Deinem Facebook-Konto zugeordnet, was Du nur durch Ausloggen vor Nutzung des Plugins verhindern kannst. N\u00e4here Informationen zur Erhebung und Nutzung der Daten durch Facebook, \u00fcber Deine diesbez\u00fcglichen Rechte und M\u00f6glichkeiten zum Schutz Deiner Privatsph\u00e4re findest Du in den Datenschutzhinweisen von Facebook.<\/p>\n<h2>Verwendung von Cookies<\/h2>\n<p>Es gibt eine Technik, genannt \u201eCookies\u201c, mit deren Hilfe Informationen aus einer Webseite an Deine Bed\u00fcrfnisse angepasst werden k\u00f6nnen. Ein Cookie ist ein Datenelement, das eine Webseite an Deinen Browser schicken kann, um es dort auf Deinem System zu speichern.<\/p>\n<p>Gelegentlich nutzen auch wir tempor\u00e4re Cookies, damit wir Dich effektiver unterst\u00fctzen k\u00f6nnen, wenn Du auf eine solche Webseite zur\u00fcckkommst. Du hast jedoch die M\u00f6glichkeit, Deinen Browser so einzustellen, dass er Dich davon in Kenntnis setzt, wenn Du einen Cookie erh\u00e4ltst. Dann kannst Du selbst entscheiden, ob Du das akzeptieren willst, oder nicht.<br \/>\nNetscape, Mozilla, Firefox: -&gt;Bearbeiten -&gt;Einstellungen -&gt;Erweitert -&gt;Cookies<br \/>\nExplorer: -&gt;Ansicht -&gt;Internetoptionen -&gt;Erweitert -&gt;Cookies<\/p>\n<h2>Links zu anderen Webseiten<\/h2>\n<p>Unser Angebot enth\u00e4lt Links zu externen Webseiten Dritter, auf deren Inhalte wir keinen Einfluss haben. Deshalb k\u00f6nnen wir f\u00fcr diese fremden Inhalte auch keine Gew\u00e4hr \u00fcbernehmen. F\u00fcr die Inhalte der verlinkten Seiten ist stets der jeweilige Anbieter oder Betreiber der Seiten verantwortlich. Die verlinkten Seiten wurden zum Zeitpunkt der Verlinkung auf m\u00f6gliche Rechtsverst\u00f6\u00dfe \u00fcberpr\u00fcft. Rechtswidrige Inhalte waren zum Zeitpunkt der Verlinkung nicht erkennbar. Eine permanente inhaltliche Kontrolle der verlinkten Seiten ist jedoch ohne konkrete Anhaltspunkte einer Rechtsverletzung nicht zumutbar. Bei bekannt werden von Rechtsverletzungen werden wir derartige Links umgehend entfernen.<\/p>\n<h2>Newsletter<\/h2>\n<p>Wenn Sie unseren regelm\u00e4\u00dfigen E-Mail-Newsletter beziehen m\u00f6chten, ben\u00f6tigen wir von Ihnen eine E-Mail Adresse sowie Informationen, die uns die \u00dcberpr\u00fcfung gestatten, dass Sie der Inhaber der angegebenen E-Mail-Adresse sind bzw. deren Inhaber mit dem Empfang\/der Bearbeitung einverstanden ist. Hierzu ben\u00f6tigen wir Ihre Best\u00e4tigung per E-Mail (sog. \u201eDouble-Opt-In\u201c).<\/p>\n<p>Die erhobenen Daten werden ausschlie\u00dflich zur Bereitstellung des oben genannten Newsletters erhoben, gespeichert und genutzt. Sofern Sie ausdr\u00fccklich der Zusendung unserer Newsletter durch \u201eEintragen\u201c eingewilligt haben, wird Ihre E-Mail-Adresse zu diesem Zweck gespeichert.<\/p>\n<p>Wenn Sie es w\u00fcnschen, k\u00f6nnen Sie bei der Anmeldung zum Newsletter auch Pseudonyme verwenden, so dass keine direkten R\u00fcckschl\u00fcsse auf Ihre Person m\u00f6glich sind. Wir speichern die Daten zur langfristigen Archivierung und wiederholten Verwendung zu den genannten Zwecken.<\/p>\n<h2>Deine Rechte<\/h2>\n<p><strong>Dir stehen grunds\u00e4tzlich die Rechte auf Auskunft, Berichtigung, L\u00f6schung, Einschr\u00e4nkung, Daten\u00fcbertragbarkeit, Widerruf und Widerspruch zu. Wenn Du glaubst, dass die Verarbeitung Deiner Daten gegen das Datenschutzrecht verst\u00f6\u00dft oder Deine datenschutzrechtlichen Anspr\u00fcche sonst in einer Weise verletzt worden sind, kannst Du Dich bei der Aufsichtsbeh\u00f6rde beschweren. In Deutschland sind dies die jeweiligen Landes-Datenschutzbeauftragten.<\/strong><\/p>\n<h2>Du erreichst uns unter folgenden Kontaktdaten<\/h2>\n<p>E-Mail: info@gruene-schwerte.de<br \/>\nPost: B\u00dcNDNIS 90\/DIE GR\u00dcNEN OV Schwerte, Haselackstra\u00dfe 5, 58239 Schwerte.<\/p>\n<h2 class=\"p1\">F\u00fcr den Datenschutz zust\u00e4ndige Beschwerdestelle:<\/h2>\n<p>Landesbeauftragte f\u00fcr den Datenschutz Nordrhein-Westfalen<br \/>\nKavalleriestr. 2-4, 40213 D\u00fcsseldorf<br \/>\nTel.: 0211\/38424-0<br \/>\nFax: 0211\/38424-10<br \/>\nE-Mail: poststelle@ldi.nrw.de<\/p>\n<\/section>\n","protected":false},"excerpt":{"rendered":"<p>&nbsp; Datenschutzerkl\u00e4rung Der Schutz Deiner pers\u00f6nlichen Daten ist uns ein besonderes Anliegen. Wir verarbeiten Deine Daten daher ausschlie\u00dflich auf Grundlage der gesetzlichen Bestimmungen (EU-Datenschutzgrundverordnung, Telemediengesetz). In diesen Datenschutzinformationen informieren wir [&hellip;]<\/p>\n","protected":false},"author":1,"featured_media":0,"parent":0,"menu_order":0,"comment_status":"closed","ping_status":"closed","template":"","meta":{"ngg_post_thumbnail":0,"footnotes":""},"class_list":["post-1084","page","type-page","status-publish","hentry"],"jetpack_sharing_enabled":true,"_links":{"self":[{"href":"https:\/\/gruene-schwerte.de\/index.php\/wp-json\/wp\/v2\/pages\/1084","targetHints":{"allow":["GET"]}}],"collection":[{"href":"https:\/\/gruene-schwerte.de\/index.php\/wp-json\/wp\/v2\/pages"}],"about":[{"href":"https:\/\/gruene-schwerte.de\/index.php\/wp-json\/wp\/v2\/types\/page"}],"author":[{"embeddable":true,"href":"https:\/\/gruene-schwerte.de\/index.php\/wp-json\/wp\/v2\/users\/1"}],"replies":[{"embeddable":true,"href":"https:\/\/gruene-schwerte.de\/index.php\/wp-json\/wp\/v2\/comments?post=1084"}],"version-history":[{"count":4,"href":"https:\/\/gruene-schwerte.de\/index.php\/wp-json\/wp\/v2\/pages\/1084\/revisions"}],"predecessor-version":[{"id":2751,"href":"https:\/\/gruene-schwerte.de\/index.php\/wp-json\/wp\/v2\/pages\/1084\/revisions\/2751"}],"wp:attachment":[{"href":"https:\/\/gruene-schwerte.de\/index.php\/wp-json\/wp\/v2\/media?parent=1084"}],"curies":[{"name":"wp","href":"https:\/\/api.w.org\/{rel}","templated":true}]}}